{"id":36973,"date":"2026-03-08T21:26:18","date_gmt":"2026-03-08T20:26:18","guid":{"rendered":"https:\/\/gopinkish.com\/?post_type=product&#038;p=36973"},"modified":"2026-03-08T22:37:32","modified_gmt":"2026-03-08T21:37:32","slug":"3178041358781","status":"publish","type":"product","link":"https:\/\/gopinkish.com\/fr\/produit\/3178041358781\/","title":{"rendered":"Savon de Marseille au doux parfum de vanille"},"content":{"rendered":"<p style=\"text-align: justify;\">Mes Savons de Marseille Vanille du Chat est un savon traditionnel issu de la c\u00e9l\u00e8bre recette marseillaise et parfum\u00e9 \u00e0 la douce vanille. Il nettoie en douceur et hydrate la peau avec un parfum de vanille chaud et r\u00e9confortant dans un emballage \u00e9conomique de 4 pi\u00e8ces convenant \u00e0 toute la famille.<\/p>\n<p><strong>Principaux ingr\u00e9dients et caract\u00e9ristiques<\/strong><\/p>\n<ul>\n<li>Recette du savon de Marseille<\/li>\n<li>Parfum chaud et naturel de vanille<\/li>\n<li>Formule hydratante douce pour la peau<\/li>\n<li>Mousse nettoyante riche et cr\u00e9meuse<\/li>\n<\/ul>\n<p><strong>Principales caract\u00e9ristiques et avantages<\/strong><\/p>\n<ul>\n<li>Nettoie la peau en douceur Recette traditionnelle marseillaise<\/li>\n<li>Procure un parfum doux et chaud de vanille<\/li>\n<li>Emballage \u00e9conomique de 4 pi\u00e8ces de 100g chacune<\/li>\n<li>Convient \u00e0 une utilisation quotidienne pour toute la famille<\/li>\n<\/ul>\n<p style=\"text-align: center;\">\ud83c\uddec\ud83c\udde7 Le Chat - Mes savons de Marseille Vanille 4x100g<\/p>\n<p style=\"text-align: center;\">\ud83c\uddeb\ud83c\uddf7 Le Chat - Mes Savons de Marseille Vanille 4x100g<\/p>","protected":false},"excerpt":{"rendered":"<p>\u0645\u0646\u062a\u062c Mes Savons de Marseille Vanille \u0645\u0646 Le Chat \u0647\u0648 \u0635\u0627\u0628\u0648\u0646 \u062a\u0642\u0644\u064a\u062f\u064a \u0628\u0648\u0635\u0641\u0629 \u0645\u0631\u0633\u064a\u0644\u064a\u0627 \u0627\u0644\u0634\u0647\u064a\u0631\u0629 \u0645\u0639\u0637\u0631 \u0628\u0627\u0644\u0641\u0627\u0646\u064a\u0644\u064a\u0627 \u0627\u0644\u0646\u0627\u0639\u0645\u0629. \u064a\u0648\u0641\u0631 \u062a\u0646\u0638\u064a\u0641\u0627 \u0644\u0637\u064a\u0641\u0627 \u0648\u0645\u0631\u0637\u0628\u0627 \u0644\u0644\u0628\u0634\u0631\u0629 \u0645\u0639 \u0631\u0627\u0626\u062d\u0629 \u0627\u0644\u0641\u0627\u0646\u064a\u0644\u064a\u0627 \u0627\u0644\u062f\u0627\u0641\u0626\u0629 \u0648\u0627\u0644\u0645\u0631\u064a\u062d\u0629 \u0641\u064a \u0639\u0628\u0648\u0629 \u0627\u0642\u062a\u0635\u0627\u062f\u064a\u0629 \u0645\u0646 4 \u0642\u0637\u0639 \u0645\u0646\u0627\u0633\u0628\u0629 \u0644\u062c\u0645\u064a\u0639 \u0623\u0641\u0631\u0627\u062f \u0627\u0644\u0639\u0627\u0626\u0644\u0629. \u0627\u0644\u0645\u0643\u0648\u0646\u0627\u062a \u0648\u0627\u0644\u062e\u0635\u0627\u0626\u0635 \u0627\u0644\u0631\u0626\u064a\u0633\u064a\u0629 \u0648\u0635\u0641\u0629 \u0635\u0627\u0628\u0648\u0646 \u0645\u0631\u0633\u064a\u0644\u064a\u0627 \u0627\u0644\u062a\u0642\u0644\u064a\u062f\u064a\u0629 \u0627\u0644\u0641\u0631\u0646\u0633\u064a\u0629 \u0639\u0637\u0631 \u0627\u0644\u0641\u0627\u0646\u064a\u0644\u064a\u0627 \u0627\u0644\u0637\u0628\u064a\u0639\u064a \u0627\u0644\u062f\u0627\u0641\u0626 \u062a\u0631\u0643\u064a\u0628\u0629 \u0645\u0631\u0637\u0628\u0629 \u0644\u0637\u064a\u0641\u0629 \u0639\u0644\u0649 \u0627\u0644\u0628\u0634\u0631\u0629 [&hellip;]<\/p>\n","protected":false},"featured_media":36897,"template":"","meta":[],"pwb-brand":[],"product_brand":[],"product_cat":[1138],"product_tag":[693],"class_list":{"0":"post-36973","1":"product","2":"type-product","3":"status-publish","4":"has-post-thumbnail","6":"product_cat-bath-and-shower","7":"product_tag-cleansing","9":"first","10":"instock","11":"shipping-taxable","12":"purchasable","13":"product-type-variable","14":"has-default-attributes","15":"wvs-archive-product-wrapper"},"brands":[],"_links":{"self":[{"href":"https:\/\/gopinkish.com\/fr\/wp-json\/wp\/v2\/product\/36973","targetHints":{"allow":["GET"]}}],"collection":[{"href":"https:\/\/gopinkish.com\/fr\/wp-json\/wp\/v2\/product"}],"about":[{"href":"https:\/\/gopinkish.com\/fr\/wp-json\/wp\/v2\/types\/product"}],"wp:featuredmedia":[{"embeddable":true,"href":"https:\/\/gopinkish.com\/fr\/wp-json\/wp\/v2\/media\/36897"}],"wp:attachment":[{"href":"https:\/\/gopinkish.com\/fr\/wp-json\/wp\/v2\/media?parent=36973"}],"wp:term":[{"taxonomy":"pwb-brand","embeddable":true,"href":"https:\/\/gopinkish.com\/fr\/wp-json\/wp\/v2\/pwb-brand?post=36973"},{"taxonomy":"product_brand","embeddable":true,"href":"https:\/\/gopinkish.com\/fr\/wp-json\/wp\/v2\/product_brand?post=36973"},{"taxonomy":"product_cat","embeddable":true,"href":"https:\/\/gopinkish.com\/fr\/wp-json\/wp\/v2\/product_cat?post=36973"},{"taxonomy":"product_tag","embeddable":true,"href":"https:\/\/gopinkish.com\/fr\/wp-json\/wp\/v2\/product_tag?post=36973"}],"curies":[{"name":"wp","href":"https:\/\/api.w.org\/{rel}","templated":true}]}}