{"id":36894,"date":"2026-03-08T19:36:15","date_gmt":"2026-03-08T18:36:15","guid":{"rendered":"https:\/\/gopinkish.com\/?post_type=product&#038;p=36894"},"modified":"2026-03-08T22:37:41","modified_gmt":"2026-03-08T21:37:41","slug":"3701129812013","status":"publish","type":"product","link":"https:\/\/gopinkish.com\/fr\/produit\/3701129812013\/","title":{"rendered":"Eau micellaire purifiante pour peaux grasses et mixtes"},"content":{"rendered":"<p style=\"text-align: justify;\">S\u00e9bium H2O de Bioderma est une eau micellaire purifiante sp\u00e9cialement formul\u00e9e pour les peaux mixtes \u00e0 grasses. Elle associe un nettoyage micellaire doux \u00e0 une purification en profondeur pour \u00e9liminer les impuret\u00e9s, le maquillage et l'exc\u00e8s de s\u00e9bum tout en r\u00e9gulant la production de s\u00e9bum et en pr\u00e9servant l'\u00e9quilibre de la peau.<\/p>\n<p><strong>Principaux ingr\u00e9dients et caract\u00e9ristiques<\/strong><\/p>\n<ul>\n<li>Micelles purifiantes pour les peaux grasses<\/li>\n<li>Complexe Fluidactiv pour r\u00e9guler la production de s\u00e9bum<\/li>\n<li>Sans alcool, sans parfum et sans parab\u00e8ne<\/li>\n<li>pH \u00e9quilibr\u00e9 pour les peaux grasses<\/li>\n<\/ul>\n<p><strong>Principales caract\u00e9ristiques et avantages<\/strong><\/p>\n<ul>\n<li>Purifie les peaux grasses et r\u00e9duit l'exc\u00e8s de brillance<\/li>\n<li>Elimine le maquillage et les impuret\u00e9s sans dess\u00e9cher la peau<\/li>\n<li>Aide \u00e0 r\u00e9guler la production de s\u00e9bum au fil du temps<\/li>\n<li>Convient comme \u00e9tape de nettoyage du matin et du soir<\/li>\n<\/ul>\n<p style=\"text-align: center;\">\ud83c\uddec\ud83c\udde7 Bioderma - S\u00e9bium H2O Eau micellaire purifiante<\/p>\n<p style=\"text-align: center;\">\ud83c\uddeb\ud83c\uddf7 Bioderma - S\u00e9bium H2O Eau Micellaire Purifiante<\/p>","protected":false},"excerpt":{"rendered":"<p>\u0645\u0646\u062a\u062c S\u00e9bium H2O \u0645\u0646 Bioderma \u0647\u0648 \u0645\u0627\u0621 \u0645\u064a\u0633\u064a\u0644\u064a\u0631 \u0645\u0646\u0642\u064a \u0645\u0635\u0645\u0645 \u062e\u0635\u064a\u0635\u0627 \u0644\u0644\u0628\u0634\u0631\u0629 \u0627\u0644\u0645\u062e\u062a\u0644\u0637\u0629 \u0625\u0644\u0649 \u0627\u0644\u062f\u0647\u0646\u064a\u0629. \u064a\u062c\u0645\u0639 \u0628\u064a\u0646 \u0627\u0644\u062a\u0646\u0638\u064a\u0641 \u0627\u0644\u0645\u064a\u0633\u064a\u0644\u064a\u0631 \u0627\u0644\u0644\u0637\u064a\u0641 \u0648\u0627\u0644\u062a\u0646\u0642\u064a\u0629 \u0627\u0644\u0639\u0645\u064a\u0642\u0629 \u0644\u0625\u0632\u0627\u0644\u0629 \u0627\u0644\u0634\u0648\u0627\u0626\u0628 \u0648\u0627\u0644\u0645\u0643\u064a\u0627\u062c \u0648\u0627\u0644\u0625\u0641\u0631\u0627\u0632\u0627\u062a \u0627\u0644\u062f\u0647\u0646\u064a\u0629 \u0627\u0644\u0632\u0627\u0626\u062f\u0629 \u0645\u0639 \u062a\u0646\u0638\u064a\u0645 \u0625\u0646\u062a\u0627\u062c \u0627\u0644\u0632\u0647\u0645 \u0648\u0627\u0644\u062d\u0641\u0627\u0638 \u0639\u0644\u0649 \u062a\u0648\u0627\u0632\u0646 \u0627\u0644\u0628\u0634\u0631\u0629. \u0627\u0644\u0645\u0643\u0648\u0646\u0627\u062a \u0648\u0627\u0644\u062e\u0635\u0627\u0626\u0635 \u0627\u0644\u0631\u0626\u064a\u0633\u064a\u0629 \u062a\u0642\u0646\u064a\u0629 \u0627\u0644\u0645\u064a\u0633\u064a\u0644\u0627\u062a \u0627\u0644\u0645\u0646\u0642\u064a\u0629 \u0644\u0644\u0628\u0634\u0631\u0629 \u0627\u0644\u062f\u0647\u0646\u064a\u0629 \u0645\u0631\u0643\u0628 \u0641\u0644\u0648\u064a\u062f\u0627\u0643\u062a\u064a\u0641 \u0644\u062a\u0646\u0638\u064a\u0645 \u0625\u0646\u062a\u0627\u062c \u0627\u0644\u0632\u0647\u0645 \u062e\u0627\u0644\u064a \u0645\u0646 \u0627\u0644\u0643\u062d\u0648\u0644 \u0648\u0627\u0644\u0639\u0637\u0648\u0631 \u0648\u0627\u0644\u0628\u0627\u0631\u0627\u0628\u064a\u0646 \u062f\u0631\u062c\u0629 [&hellip;]<\/p>\n","protected":false},"featured_media":36849,"template":"","meta":[],"pwb-brand":[498],"product_brand":[],"product_cat":[1119,1205],"product_tag":[673,689,695,693,1058],"class_list":{"0":"post-36894","1":"product","2":"type-product","3":"status-publish","4":"has-post-thumbnail","6":"pwb-brand-bioderma","7":"product_cat-face-wash","8":"product_cat-makeup-removers","9":"product_tag-pores","10":"product_tag-oily","11":"product_tag-mixedskin","12":"product_tag-cleansing","13":"product_tag-1058","15":"first","16":"instock","17":"shipping-taxable","18":"purchasable","19":"product-type-variable","20":"has-default-attributes","21":"wvs-archive-product-wrapper"},"brands":[{"id":498,"name":"Bioderma","slug":"bioderma"}],"_links":{"self":[{"href":"https:\/\/gopinkish.com\/fr\/wp-json\/wp\/v2\/product\/36894","targetHints":{"allow":["GET"]}}],"collection":[{"href":"https:\/\/gopinkish.com\/fr\/wp-json\/wp\/v2\/product"}],"about":[{"href":"https:\/\/gopinkish.com\/fr\/wp-json\/wp\/v2\/types\/product"}],"wp:featuredmedia":[{"embeddable":true,"href":"https:\/\/gopinkish.com\/fr\/wp-json\/wp\/v2\/media\/36849"}],"wp:attachment":[{"href":"https:\/\/gopinkish.com\/fr\/wp-json\/wp\/v2\/media?parent=36894"}],"wp:term":[{"taxonomy":"pwb-brand","embeddable":true,"href":"https:\/\/gopinkish.com\/fr\/wp-json\/wp\/v2\/pwb-brand?post=36894"},{"taxonomy":"product_brand","embeddable":true,"href":"https:\/\/gopinkish.com\/fr\/wp-json\/wp\/v2\/product_brand?post=36894"},{"taxonomy":"product_cat","embeddable":true,"href":"https:\/\/gopinkish.com\/fr\/wp-json\/wp\/v2\/product_cat?post=36894"},{"taxonomy":"product_tag","embeddable":true,"href":"https:\/\/gopinkish.com\/fr\/wp-json\/wp\/v2\/product_tag?post=36894"}],"curies":[{"name":"wp","href":"https:\/\/api.w.org\/{rel}","templated":true}]}}