{"id":36892,"date":"2026-03-08T19:36:14","date_gmt":"2026-03-08T18:36:14","guid":{"rendered":"https:\/\/gopinkish.com\/?post_type=product&#038;p=36892"},"modified":"2026-03-08T22:37:52","modified_gmt":"2026-03-08T21:37:52","slug":"3701129805008","status":"publish","type":"product","link":"https:\/\/gopinkish.com\/fr\/produit\/3701129805008\/","title":{"rendered":"Eau micellaire originale pour peaux sensibles et r\u00e9actives"},"content":{"rendered":"<p style=\"text-align: justify;\">Cr\u00e9aline H2O de Bioderma est l'eau micellaire originale et la plus reconnue au monde, sp\u00e9cialement formul\u00e9e pour les peaux sensibles et r\u00e9actives. Elle utilise une technologie micellaire innovante pour \u00e9liminer en douceur le maquillage et les impuret\u00e9s tout en apaisant les peaux sensibles et en respectant leur \u00e9quilibre naturel.<\/p>\n<p><strong>Principaux ingr\u00e9dients et caract\u00e9ristiques<\/strong><\/p>\n<ul>\n<li>La technologie originale des micelles de Bioderma<\/li>\n<li>Ingr\u00e9dients apaisants pour les peaux sensibles et r\u00e9actives<\/li>\n<li>Sans parfum, sans alcool et sans parab\u00e8ne<\/li>\n<li>pH \u00e9quilibr\u00e9 imitant celui de la peau naturelle<\/li>\n<\/ul>\n<p><strong>Principales caract\u00e9ristiques et avantages<\/strong><\/p>\n<ul>\n<li>D\u00e9maquille et \u00e9limine les impuret\u00e9s avec une douceur exceptionnelle<\/li>\n<li>Apaise les peaux sensibles et minimise les irritations<\/li>\n<li>Pas de rin\u00e7age ni de sensation de tiraillement<\/li>\n<li>Une autorit\u00e9 mondiale en mati\u00e8re de soins pour peaux sensibles<\/li>\n<\/ul>\n<p style=\"text-align: center;\">\ud83c\uddec\ud83c\udde7 Bioderma - Cr\u00e9aline H2O Eau micellaire originale pour peaux sensibles<\/p>\n<p style=\"text-align: center;\">\ud83c\uddeb\ud83c\uddf7 Bioderma - Cr\u00e9aline H2O L'Eau Micellaire Originale Peaux Sensibles<\/p>","protected":false},"excerpt":{"rendered":"<p>\u0645\u0646\u062a\u062c Cr\u00e9aline H2O \u0645\u0646 Bioderma \u0647\u0648 \u0645\u0627\u0621 \u0627\u0644\u0645\u064a\u0633\u064a\u0644\u064a\u0631 \u0627\u0644\u0623\u0635\u0644\u064a \u0648\u0627\u0644\u0623\u0643\u062b\u0631 \u0634\u0647\u0631\u0629 \u0641\u064a \u0627\u0644\u0639\u0627\u0644\u0645 \u0627\u0644\u0645\u0635\u0645\u0645 \u062e\u0635\u064a\u0635\u0627 \u0644\u0644\u0628\u0634\u0631\u0629 \u0627\u0644\u062d\u0633\u0627\u0633\u0629 \u0648\u0627\u0644\u0645\u062a\u0641\u0627\u0639\u0644\u0629. \u064a\u0633\u062a\u062e\u062f\u0645 \u062a\u0642\u0646\u064a\u0629 \u0627\u0644\u0645\u064a\u0633\u064a\u0644\u0627\u062a \u0627\u0644\u0645\u0628\u062a\u0643\u0631\u0629 \u0644\u0625\u0632\u0627\u0644\u0629 \u0627\u0644\u0645\u0643\u064a\u0627\u062c \u0648\u0627\u0644\u0634\u0648\u0627\u0626\u0628 \u0628\u0644\u0637\u0641 \u0634\u062f\u064a\u062f \u0645\u0639 \u062a\u0647\u062f\u0626\u0629 \u0627\u0644\u0628\u0634\u0631\u0629 \u0627\u0644\u062d\u0633\u0627\u0633\u0629 \u0648\u0627\u062d\u062a\u0631\u0627\u0645 \u062a\u0648\u0627\u0632\u0646\u0647\u0627 \u0627\u0644\u0637\u0628\u064a\u0639\u064a. \u0627\u0644\u0645\u0643\u0648\u0646\u0627\u062a \u0648\u0627\u0644\u062e\u0635\u0627\u0626\u0635 \u0627\u0644\u0631\u0626\u064a\u0633\u064a\u0629 \u062a\u0642\u0646\u064a\u0629 \u0627\u0644\u0645\u064a\u0633\u064a\u0644\u0627\u062a \u0627\u0644\u0623\u0635\u0644\u064a\u0629 \u0645\u0646 \u0628\u064a\u0648\u062f\u064a\u0631\u0645\u0627 \u0645\u0643\u0648\u0646\u0627\u062a \u0645\u0647\u062f\u0626\u0629 \u0644\u0644\u0628\u0634\u0631\u0629 \u0627\u0644\u062d\u0633\u0627\u0633\u0629 \u0648\u0627\u0644\u0645\u062a\u0641\u0627\u0639\u0644\u0629 \u062e\u0627\u0644\u064a \u0645\u0646 \u0627\u0644\u0639\u0637\u0648\u0631 \u0648\u0627\u0644\u0643\u062d\u0648\u0644 \u0648\u0627\u0644\u0628\u0627\u0631\u0627\u0628\u064a\u0646 \u062f\u0631\u062c\u0629 \u062d\u0645\u0648\u0636\u0629 \u0645\u062a\u0648\u0627\u0632\u0646\u0629 [&hellip;]<\/p>\n","protected":false},"featured_media":36841,"template":"","meta":[],"pwb-brand":[498],"product_brand":[],"product_cat":[1119,1205],"product_tag":[688,693,1058],"class_list":{"0":"post-36892","1":"product","2":"type-product","3":"status-publish","4":"has-post-thumbnail","6":"pwb-brand-bioderma","7":"product_cat-face-wash","8":"product_cat-makeup-removers","9":"product_tag-sensitive","10":"product_tag-cleansing","11":"product_tag-1058","13":"first","14":"instock","15":"shipping-taxable","16":"purchasable","17":"product-type-variable","18":"has-default-attributes","19":"wvs-archive-product-wrapper"},"brands":[{"id":498,"name":"Bioderma","slug":"bioderma"}],"_links":{"self":[{"href":"https:\/\/gopinkish.com\/fr\/wp-json\/wp\/v2\/product\/36892","targetHints":{"allow":["GET"]}}],"collection":[{"href":"https:\/\/gopinkish.com\/fr\/wp-json\/wp\/v2\/product"}],"about":[{"href":"https:\/\/gopinkish.com\/fr\/wp-json\/wp\/v2\/types\/product"}],"wp:featuredmedia":[{"embeddable":true,"href":"https:\/\/gopinkish.com\/fr\/wp-json\/wp\/v2\/media\/36841"}],"wp:attachment":[{"href":"https:\/\/gopinkish.com\/fr\/wp-json\/wp\/v2\/media?parent=36892"}],"wp:term":[{"taxonomy":"pwb-brand","embeddable":true,"href":"https:\/\/gopinkish.com\/fr\/wp-json\/wp\/v2\/pwb-brand?post=36892"},{"taxonomy":"product_brand","embeddable":true,"href":"https:\/\/gopinkish.com\/fr\/wp-json\/wp\/v2\/product_brand?post=36892"},{"taxonomy":"product_cat","embeddable":true,"href":"https:\/\/gopinkish.com\/fr\/wp-json\/wp\/v2\/product_cat?post=36892"},{"taxonomy":"product_tag","embeddable":true,"href":"https:\/\/gopinkish.com\/fr\/wp-json\/wp\/v2\/product_tag?post=36892"}],"curies":[{"name":"wp","href":"https:\/\/api.w.org\/{rel}","templated":true}]}}