{"id":36886,"date":"2026-03-08T19:36:09","date_gmt":"2026-03-08T18:36:09","guid":{"rendered":"https:\/\/gopinkish.com\/?post_type=product&#038;p=36886"},"modified":"2026-03-08T22:38:27","modified_gmt":"2026-03-08T21:38:27","slug":"8800240573188","status":"publish","type":"product","link":"https:\/\/gopinkish.com\/fr\/produit\/8800240573188\/","title":{"rendered":"Cr\u00e8me de glutathion en g\u00e9lules pour l'\u00e9clat et la luminosit\u00e9"},"content":{"rendered":"<p style=\"text-align: justify;\">La cr\u00e8me Age-R Glutathione Glow Capsule Cream de Medicube est une cr\u00e8me cor\u00e9enne innovante contenant des capsules de glutathion encapsul\u00e9es qui se lib\u00e8rent d\u00e8s l'application pour donner \u00e0 la peau un \u00e9clat instantan\u00e9 et un rayonnement naturel. Le glutathion est un puissant antioxydant qui \u00e9claircit et unifie le teint de la peau tout en la prot\u00e9geant contre les dommages caus\u00e9s par les radicaux libres.<\/p>\n<p><strong>Principaux ingr\u00e9dients et caract\u00e9ristiques<\/strong><\/p>\n<ul>\n<li>Capsules encapsul\u00e9es de glutathion pour un \u00e9claircissement efficace<\/li>\n<li>Puissants antioxydants pour prot\u00e9ger la peau contre les dommages<\/li>\n<li>Niacinamide pour unifier le teint et am\u00e9liorer la texture de la peau<\/li>\n<li>La technologie des g\u00e9lules pr\u00e9serve l'efficacit\u00e9 des ingr\u00e9dients<\/li>\n<\/ul>\n<p><strong>Principales caract\u00e9ristiques et avantages<\/strong><\/p>\n<ul>\n<li>\u00c9claire instantan\u00e9ment la peau d'un \u00e9clat naturel<\/li>\n<li>\u00c9claircit la peau et r\u00e9duit progressivement les taches sombres<\/li>\n<li>Prot\u00e8ge contre les dommages caus\u00e9s par les radicaux libres et le vieillissement pr\u00e9matur\u00e9<\/li>\n<li>Texture cr\u00e9meuse et l\u00e9g\u00e8re qui p\u00e9n\u00e8tre rapidement<\/li>\n<\/ul>\n<p style=\"text-align: center;\">\ud83c\uddec\ud83c\udde7 Medicube - Age-R Glutathione Glow Capsule Cream<\/p>\n<p style=\"text-align: center;\">\ud83c\uddeb\ud83c\uddf7 Medicube - Cr\u00e8me Capsules Glutathione \u00c9clat Age-R<\/p>","protected":false},"excerpt":{"rendered":"<p>\u0645\u0646\u062a\u062c Age-R Glutathione Glow Capsule Cream \u0645\u0646 Medicube \u0647\u0648 \u0643\u0631\u064a\u0645 \u0643\u0648\u0631\u064a \u0645\u0628\u062a\u0643\u0631 \u064a\u062d\u062a\u0648\u064a \u0639\u0644\u0649 \u0643\u0628\u0633\u0648\u0644\u0627\u062a \u0627\u0644\u062c\u0644\u0648\u062a\u0627\u062b\u064a\u0648\u0646 \u0627\u0644\u0645\u063a\u0644\u0641\u0629 \u0627\u0644\u062a\u064a \u062a\u062a\u062d\u0631\u0631 \u0639\u0646\u062f \u0627\u0644\u062a\u0637\u0628\u064a\u0642 \u0644\u0645\u0646\u062d \u0627\u0644\u0628\u0634\u0631\u0629 \u0625\u0634\u0631\u0627\u0642\u0629 \u0641\u0648\u0631\u064a\u0629 \u0648\u062a\u0648\u0647\u062c\u0627 \u0637\u0628\u064a\u0639\u064a\u0627. \u064a\u0639\u0645\u0644 \u0627\u0644\u062c\u0644\u0648\u062a\u0627\u062b\u064a\u0648\u0646 \u0643\u0645\u0636\u0627\u062f \u0623\u0643\u0633\u062f\u0629 \u0642\u0648\u064a \u064a\u0641\u062a\u062d \u0627\u0644\u0628\u0634\u0631\u0629 \u0648\u064a\u0648\u062d\u062f \u0644\u0648\u0646\u0647\u0627 \u0645\u0639 \u062d\u0645\u0627\u064a\u0629 \u0645\u0646 \u0627\u0644\u062a\u0644\u0641 \u0627\u0644\u0646\u0627\u062a\u062c \u0639\u0646 \u0627\u0644\u062c\u0630\u0648\u0631 \u0627\u0644\u062d\u0631\u0629. \u0627\u0644\u0645\u0643\u0648\u0646\u0627\u062a \u0648\u0627\u0644\u062e\u0635\u0627\u0626\u0635 \u0627\u0644\u0631\u0626\u064a\u0633\u064a\u0629 \u0643\u0628\u0633\u0648\u0644\u0627\u062a \u0627\u0644\u062c\u0644\u0648\u062a\u0627\u062b\u064a\u0648\u0646 \u0627\u0644\u0645\u063a\u0644\u0641\u0629 \u0644\u0644\u062a\u0641\u062a\u064a\u062d \u0627\u0644\u0641\u0639\u0627\u0644 \u0645\u0636\u0627\u062f\u0627\u062a \u0623\u0643\u0633\u062f\u0629 \u0642\u0648\u064a\u0629 [&hellip;]<\/p>\n","protected":false},"featured_media":36832,"template":"","meta":[],"pwb-brand":[1393],"product_brand":[],"product_cat":[1121,1123],"product_tag":[675,697,685,1013,763],"class_list":{"0":"post-36886","1":"product","2":"type-product","3":"status-publish","4":"has-post-thumbnail","6":"pwb-brand-medicube","7":"product_cat-face-moist","8":"product_cat-face-bright","9":"product_tag-spots","10":"product_tag-moisturizing","11":"product_tag-brightening","12":"product_tag-1013","13":"product_tag-korean-product-2","15":"first","16":"instock","17":"shipping-taxable","18":"purchasable","19":"product-type-variable","20":"has-default-attributes","21":"wvs-archive-product-wrapper"},"brands":[{"id":1393,"name":"MediCube","slug":"medicube"}],"_links":{"self":[{"href":"https:\/\/gopinkish.com\/fr\/wp-json\/wp\/v2\/product\/36886","targetHints":{"allow":["GET"]}}],"collection":[{"href":"https:\/\/gopinkish.com\/fr\/wp-json\/wp\/v2\/product"}],"about":[{"href":"https:\/\/gopinkish.com\/fr\/wp-json\/wp\/v2\/types\/product"}],"wp:featuredmedia":[{"embeddable":true,"href":"https:\/\/gopinkish.com\/fr\/wp-json\/wp\/v2\/media\/36832"}],"wp:attachment":[{"href":"https:\/\/gopinkish.com\/fr\/wp-json\/wp\/v2\/media?parent=36886"}],"wp:term":[{"taxonomy":"pwb-brand","embeddable":true,"href":"https:\/\/gopinkish.com\/fr\/wp-json\/wp\/v2\/pwb-brand?post=36886"},{"taxonomy":"product_brand","embeddable":true,"href":"https:\/\/gopinkish.com\/fr\/wp-json\/wp\/v2\/product_brand?post=36886"},{"taxonomy":"product_cat","embeddable":true,"href":"https:\/\/gopinkish.com\/fr\/wp-json\/wp\/v2\/product_cat?post=36886"},{"taxonomy":"product_tag","embeddable":true,"href":"https:\/\/gopinkish.com\/fr\/wp-json\/wp\/v2\/product_tag?post=36886"}],"curies":[{"name":"wp","href":"https:\/\/api.w.org\/{rel}","templated":true}]}}