{"id":36882,"date":"2026-03-08T19:36:05","date_gmt":"2026-03-08T18:36:05","guid":{"rendered":"https:\/\/gopinkish.com\/?post_type=product&#038;p=36882"},"modified":"2026-03-08T22:38:44","modified_gmt":"2026-03-08T21:38:44","slug":"3600524070328","status":"publish","type":"product","link":"https:\/\/gopinkish.com\/fr\/produit\/3600524070328\/","title":{"rendered":"Gel douche 5 en 1 super hydratant pour homme"},"content":{"rendered":"<p style=\"text-align: justify;\">L'Or\u00e9al Men Expert Hydra Power Extra 5in1 est un gel douche multifonctionnel avec cinq actions en une. Il combine nettoyage, hydratation, rafra\u00eechissement, parfum et soin de la peau pour offrir une exp\u00e9rience de douche holistique \u00e0 l'homme actif et pratique.<\/p>\n<p><strong>Principaux ingr\u00e9dients et caract\u00e9ristiques<\/strong><\/p>\n<ul>\n<li>Formule multifonctionnelle 5 en 1<\/li>\n<li>Agents super hydratants pour une peau lisse<\/li>\n<li>Une base lavante efficace pour le corps et les cheveux<\/li>\n<li>Un parfum masculin frais et durable<\/li>\n<\/ul>\n<p><strong>Principales caract\u00e9ristiques et avantages<\/strong><\/p>\n<ul>\n<li>Combine 5 fonctions en un seul produit pour gagner du temps<\/li>\n<li>Hydrate la peau tout en la nettoyant en profondeur<\/li>\n<li>Convient aux cheveux et au corps<\/li>\n<li>Id\u00e9al pour les hommes \u00e0 la recherche d'une solution pratique et rapide<\/li>\n<\/ul>\n<p style=\"text-align: center;\">\ud83c\uddec\ud83c\udde7 L'Or\u00e9al Homme Expert - Gel douche Hydra Power Extra Moisturising 5in1<\/p>\n<p style=\"text-align: center;\">\ud83c\uddeb\ud83c\uddf7 L'Or\u00e9al Men Expert - Hydra Power Extra Hydratation 5en1 Gel Douche<\/p>","protected":false},"excerpt":{"rendered":"<p>\u0645\u0646\u062a\u062c Men Expert Hydra Power Extra 5in1 \u0645\u0646 L&#8217;Or\u00e9al \u0647\u0648 \u062c\u0644 \u0627\u0633\u062a\u062d\u0645\u0627\u0645 \u0645\u062a\u0639\u062f\u062f \u0627\u0644\u0648\u0638\u0627\u0626\u0641 \u0628\u062e\u0645\u0633\u0629 \u0645\u0641\u0627\u0639\u064a\u0644 \u0641\u064a \u0645\u0646\u062a\u062c \u0648\u0627\u062d\u062f. \u064a\u062c\u0645\u0639 \u0628\u064a\u0646 \u0627\u0644\u062a\u0646\u0638\u064a\u0641 \u0648\u0627\u0644\u062a\u0631\u0637\u064a\u0628 \u0648\u0627\u0644\u0627\u0646\u062a\u0639\u0627\u0634 \u0648\u0627\u0644\u062a\u0639\u0637\u064a\u0631 \u0648\u0627\u0644\u0639\u0646\u0627\u064a\u0629 \u0628\u0627\u0644\u0628\u0634\u0631\u0629 \u0644\u064a\u0648\u0641\u0631 \u062a\u062c\u0631\u0628\u0629 \u0627\u0633\u062a\u062d\u0645\u0627\u0645 \u0634\u0627\u0645\u0644\u0629 \u0644\u0644\u0631\u062c\u0644 \u0627\u0644\u0646\u0634\u0637 \u0648\u0627\u0644\u0639\u0645\u0644\u064a. \u0627\u0644\u0645\u0643\u0648\u0646\u0627\u062a \u0648\u0627\u0644\u062e\u0635\u0627\u0626\u0635 \u0627\u0644\u0631\u0626\u064a\u0633\u064a\u0629 \u062a\u0631\u0643\u064a\u0628\u0629 5 \u0641\u064a 1 \u0645\u062a\u0639\u062f\u062f\u0629 \u0627\u0644\u0648\u0638\u0627\u0626\u0641 \u0639\u0648\u0627\u0645\u0644 \u062a\u0631\u0637\u064a\u0628 \u0641\u0627\u0626\u0642\u0629 \u0644\u0628\u0634\u0631\u0629 \u0646\u0627\u0639\u0645\u0629 \u0642\u0627\u0639\u062f\u0629 \u062a\u0646\u0638\u064a\u0641 \u0641\u0639\u0627\u0644\u0629 \u0644\u0644\u062c\u0633\u0645 \u0648\u0627\u0644\u0634\u0639\u0631 \u0639\u0637\u0631 \u0631\u062c\u0627\u0644\u064a [&hellip;]<\/p>\n","protected":false},"featured_media":36816,"template":"","meta":[],"pwb-brand":[239],"product_brand":[],"product_cat":[1138],"product_tag":[697,693,1459],"class_list":{"0":"post-36882","1":"product","2":"type-product","3":"status-publish","4":"has-post-thumbnail","6":"pwb-brand-loreal","7":"product_cat-bath-and-shower","8":"product_tag-moisturizing","9":"product_tag-cleansing","10":"product_tag-1459","12":"first","13":"instock","14":"shipping-taxable","15":"purchasable","16":"product-type-variable","17":"has-default-attributes","18":"wvs-archive-product-wrapper"},"brands":[{"id":239,"name":"L'Or\u00e9al Paris","slug":"loreal"}],"_links":{"self":[{"href":"https:\/\/gopinkish.com\/fr\/wp-json\/wp\/v2\/product\/36882","targetHints":{"allow":["GET"]}}],"collection":[{"href":"https:\/\/gopinkish.com\/fr\/wp-json\/wp\/v2\/product"}],"about":[{"href":"https:\/\/gopinkish.com\/fr\/wp-json\/wp\/v2\/types\/product"}],"wp:featuredmedia":[{"embeddable":true,"href":"https:\/\/gopinkish.com\/fr\/wp-json\/wp\/v2\/media\/36816"}],"wp:attachment":[{"href":"https:\/\/gopinkish.com\/fr\/wp-json\/wp\/v2\/media?parent=36882"}],"wp:term":[{"taxonomy":"pwb-brand","embeddable":true,"href":"https:\/\/gopinkish.com\/fr\/wp-json\/wp\/v2\/pwb-brand?post=36882"},{"taxonomy":"product_brand","embeddable":true,"href":"https:\/\/gopinkish.com\/fr\/wp-json\/wp\/v2\/product_brand?post=36882"},{"taxonomy":"product_cat","embeddable":true,"href":"https:\/\/gopinkish.com\/fr\/wp-json\/wp\/v2\/product_cat?post=36882"},{"taxonomy":"product_tag","embeddable":true,"href":"https:\/\/gopinkish.com\/fr\/wp-json\/wp\/v2\/product_tag?post=36882"}],"curies":[{"name":"wp","href":"https:\/\/api.w.org\/{rel}","templated":true}]}}