{"id":36880,"date":"2026-03-08T19:36:03","date_gmt":"2026-03-08T18:36:03","guid":{"rendered":"https:\/\/gopinkish.com\/?post_type=product&#038;p=36880"},"modified":"2026-04-20T19:31:19","modified_gmt":"2026-04-20T18:31:19","slug":"3600524036638","status":"publish","type":"product","link":"https:\/\/gopinkish.com\/fr\/produit\/3600524036638\/","title":{"rendered":"Gel douche au charbon actif pour un nettoyage en profondeur"},"content":{"rendered":"<p style=\"text-align: justify;\">L'Or\u00e9al's Men Expert Pure Carbon Multi Action est un gel douche au charbon actif qui offre un nettoyage en profondeur multi-actions pour le corps, le visage et les cheveux. Il utilise la puissance du charbon pur pour absorber les impuret\u00e9s et l'exc\u00e8s de s\u00e9bum, laissant la peau propre et profond\u00e9ment rafra\u00eechie.<\/p>\n<p><strong>Principaux ingr\u00e9dients et caract\u00e9ristiques<\/strong><\/p>\n<ul>\n<li>Le charbon actif absorbe les impuret\u00e9s et les toxines.<\/li>\n<li>Formule multi-actions pour le corps, le visage et les cheveux<\/li>\n<li>Le pouvoir nettoyant en profondeur \u00e9limine l'exc\u00e8s de s\u00e9bum<\/li>\n<li>Un parfum masculin puissant et rafra\u00eechissant<\/li>\n<\/ul>\n<p><strong>Principales caract\u00e9ristiques et avantages<\/strong><\/p>\n<ul>\n<li>Nettoie la peau en profondeur gr\u00e2ce \u00e0 la puissance du charbon actif.<\/li>\n<li>Elimine efficacement les impuret\u00e9s, le s\u00e9bum et la sueur<\/li>\n<li>Convient au visage, au corps et aux cheveux en une seule \u00e9tape<\/li>\n<li>Id\u00e9al pour les peaux grasses et sujettes aux imperfections<\/li>\n<\/ul>\n<p style=\"text-align: center;\">\ud83c\uddec\ud83c\udde7 L'Or\u00e9al Homme Expert - Gel Douche Multi-Action Carbone Pur<\/p>\n<p style=\"text-align: center;\">\ud83c\uddeb\ud83c\uddf7 L'Or\u00e9al Homme Expert - Gel Douche Pur Carbone Multi Action<\/p>","protected":false},"excerpt":{"rendered":"<p>\u0645\u0646\u062a\u062c Men Expert Pure Carbon Multi Action \u0645\u0646 L&#8217;Or\u00e9al \u0647\u0648 \u062c\u0644 \u0627\u0633\u062a\u062d\u0645\u0627\u0645 \u0628\u0627\u0644\u0641\u062d\u0645 \u0627\u0644\u0646\u0634\u0637 \u064a\u0648\u0641\u0631 \u062a\u0646\u0638\u064a\u0641\u0627 \u0639\u0645\u064a\u0642\u0627 \u0645\u062a\u0639\u062f\u062f \u0627\u0644\u0645\u0641\u0639\u0648\u0644 \u0644\u0644\u062c\u0633\u0645 \u0648\u0627\u0644\u0648\u062c\u0647 \u0648\u0627\u0644\u0634\u0639\u0631. \u064a\u0633\u062a\u062e\u062f\u0645 \u0642\u0648\u0629 \u0627\u0644\u0641\u062d\u0645 \u0627\u0644\u0646\u0642\u064a \u0644\u0627\u0645\u062a\u0635\u0627\u0635 \u0627\u0644\u0634\u0648\u0627\u0626\u0628 \u0648\u0627\u0644\u0632\u064a\u0648\u062a \u0627\u0644\u0632\u0627\u0626\u062f\u0629 \u0648\u0645\u0646\u062d \u0627\u0644\u0628\u0634\u0631\u0629 \u0634\u0639\u0648\u0631\u0627 \u0628\u0627\u0644\u0646\u0638\u0627\u0641\u0629 \u0648\u0627\u0644\u0627\u0646\u062a\u0639\u0627\u0634 \u0627\u0644\u0639\u0645\u064a\u0642. \u0627\u0644\u0645\u0643\u0648\u0646\u0627\u062a \u0648\u0627\u0644\u062e\u0635\u0627\u0626\u0635 \u0627\u0644\u0631\u0626\u064a\u0633\u064a\u0629 \u0627\u0644\u0641\u062d\u0645 \u0627\u0644\u0646\u0634\u0637 \u0644\u0627\u0645\u062a\u0635\u0627\u0635 \u0627\u0644\u0634\u0648\u0627\u0626\u0628 \u0648\u0627\u0644\u0633\u0645\u0648\u0645 \u062a\u0631\u0643\u064a\u0628\u0629 \u0645\u062a\u0639\u062f\u062f\u0629 \u0627\u0644\u0645\u0641\u0639\u0648\u0644 \u0644\u0644\u062c\u0633\u0645 \u0648\u0627\u0644\u0648\u062c\u0647 \u0648\u0627\u0644\u0634\u0639\u0631 \u0642\u0648\u0629 \u062a\u0646\u0638\u064a\u0641 \u0639\u0645\u064a\u0642\u0629 \u062a\u0632\u064a\u0644 \u0627\u0644\u0632\u064a\u0648\u062a [&hellip;]<\/p>\n","protected":false},"featured_media":36814,"template":"","meta":[],"pwb-brand":[239],"product_brand":[],"product_cat":[1138],"product_tag":[693,1459],"class_list":{"0":"post-36880","1":"product","2":"type-product","3":"status-publish","4":"has-post-thumbnail","6":"pwb-brand-loreal","7":"product_cat-bath-and-shower","8":"product_tag-cleansing","9":"product_tag-1459","11":"first","12":"instock","13":"shipping-taxable","14":"purchasable","15":"product-type-variable","16":"has-default-attributes","17":"wvs-archive-product-wrapper"},"brands":[{"id":239,"name":"L'Or\u00e9al Paris","slug":"loreal"}],"_links":{"self":[{"href":"https:\/\/gopinkish.com\/fr\/wp-json\/wp\/v2\/product\/36880","targetHints":{"allow":["GET"]}}],"collection":[{"href":"https:\/\/gopinkish.com\/fr\/wp-json\/wp\/v2\/product"}],"about":[{"href":"https:\/\/gopinkish.com\/fr\/wp-json\/wp\/v2\/types\/product"}],"wp:featuredmedia":[{"embeddable":true,"href":"https:\/\/gopinkish.com\/fr\/wp-json\/wp\/v2\/media\/36814"}],"wp:attachment":[{"href":"https:\/\/gopinkish.com\/fr\/wp-json\/wp\/v2\/media?parent=36880"}],"wp:term":[{"taxonomy":"pwb-brand","embeddable":true,"href":"https:\/\/gopinkish.com\/fr\/wp-json\/wp\/v2\/pwb-brand?post=36880"},{"taxonomy":"product_brand","embeddable":true,"href":"https:\/\/gopinkish.com\/fr\/wp-json\/wp\/v2\/product_brand?post=36880"},{"taxonomy":"product_cat","embeddable":true,"href":"https:\/\/gopinkish.com\/fr\/wp-json\/wp\/v2\/product_cat?post=36880"},{"taxonomy":"product_tag","embeddable":true,"href":"https:\/\/gopinkish.com\/fr\/wp-json\/wp\/v2\/product_tag?post=36880"}],"curies":[{"name":"wp","href":"https:\/\/api.w.org\/{rel}","templated":true}]}}