{"id":36878,"date":"2026-03-08T19:36:02","date_gmt":"2026-03-08T18:36:02","guid":{"rendered":"https:\/\/gopinkish.com\/?post_type=product&#038;p=36878"},"modified":"2026-03-08T22:39:00","modified_gmt":"2026-03-08T21:39:00","slug":"3600524036607","status":"publish","type":"product","link":"https:\/\/gopinkish.com\/fr\/produit\/3600524036607\/","title":{"rendered":"Gel douche Shave Club pour les cheveux, le corps et la barbe"},"content":{"rendered":"<p style=\"text-align: justify;\">L'Or\u00e9al Men Expert Barber Club est un gel douche multi-usages de la collection Barber Club con\u00e7u pour nettoyer les cheveux, le corps et la barbe en un seul geste. Sa formule est enrichie d'huile de bois de c\u00e8dre qui nettoie en douceur et laisse un parfum bois\u00e9 et masculin.<\/p>\n<p><strong>Principaux ingr\u00e9dients et caract\u00e9ristiques<\/strong><\/p>\n<ul>\n<li>Huile de bois de c\u00e8dre nourrissante et parfum\u00e9e<\/li>\n<li>Formule multi-usages pour les cheveux, le corps et la barbe<\/li>\n<li>Base lavante douce et non dess\u00e9chante<\/li>\n<li>Parfum masculin bois\u00e9 luxueux<\/li>\n<\/ul>\n<p><strong>Principales caract\u00e9ristiques et avantages<\/strong><\/p>\n<ul>\n<li>Lave les cheveux, la barbe et le corps en un seul produit<\/li>\n<li>Procure un \u00e9l\u00e9gant parfum bois\u00e9 qui persiste apr\u00e8s la douche.<\/li>\n<li>Nettoie en profondeur sans dess\u00e9cher la peau ou les cheveux<\/li>\n<li>Id\u00e9al pour les hommes barbus \u00e0 la recherche d'un soin complet<\/li>\n<\/ul>\n<p style=\"text-align: center;\">\ud83c\uddec\ud83c\udde7 L'Or\u00e9al Men Expert - Barber Club Nettoyant pour le corps, les cheveux et la barbe<\/p>\n<p style=\"text-align: center;\">\ud83c\uddeb\ud83c\uddf7 L'Or\u00e9al Men Expert - Barber Club Gel Douche Corps, Cheveux &amp; Barbe<\/p>","protected":false},"excerpt":{"rendered":"<p>\u0645\u0646\u062a\u062c Men Expert Barber Club \u0645\u0646 L&#8217;Or\u00e9al \u0647\u0648 \u062c\u0644 \u0627\u0633\u062a\u062d\u0645\u0627\u0645 \u0645\u062a\u0639\u062f\u062f \u0627\u0644\u0627\u0633\u062a\u062e\u062f\u0627\u0645\u0627\u062a \u0645\u0646 \u0645\u062c\u0645\u0648\u0639\u0629 \u0646\u0627\u062f\u064a \u0627\u0644\u062d\u0644\u0627\u0642\u0629 \u0627\u0644\u0645\u0635\u0645\u0645 \u0644\u062a\u0646\u0638\u064a\u0641 \u0627\u0644\u0634\u0639\u0631 \u0648\u0627\u0644\u062c\u0633\u0645 \u0648\u0627\u0644\u0644\u062d\u064a\u0629 \u0641\u064a \u062e\u0637\u0648\u0629 \u0648\u0627\u062d\u062f\u0629. \u064a\u062a\u0645\u064a\u0632 \u0628\u062a\u0631\u0643\u064a\u0628\u062a\u0647 \u0627\u0644\u063a\u0646\u064a\u0629 \u0628\u0632\u064a\u062a \u062e\u0634\u0628 \u0627\u0644\u0623\u0631\u0632 \u0627\u0644\u062a\u064a \u062a\u0646\u0638\u0641 \u0628\u0644\u0637\u0641 \u0648\u062a\u0645\u0646\u062d \u0631\u0627\u0626\u062d\u0629 \u062e\u0634\u0628\u064a\u0629 \u0631\u062c\u0627\u0644\u064a\u0629 \u0623\u0646\u064a\u0642\u0629. \u0627\u0644\u0645\u0643\u0648\u0646\u0627\u062a \u0648\u0627\u0644\u062e\u0635\u0627\u0626\u0635 \u0627\u0644\u0631\u0626\u064a\u0633\u064a\u0629 \u0632\u064a\u062a \u062e\u0634\u0628 \u0627\u0644\u0623\u0631\u0632 \u0627\u0644\u0645\u063a\u0630\u064a \u0648\u0627\u0644\u0645\u0639\u0637\u0631 \u062a\u0631\u0643\u064a\u0628\u0629 \u0645\u062a\u0639\u062f\u062f\u0629 \u0627\u0644\u0627\u0633\u062a\u062e\u062f\u0627\u0645\u0627\u062a \u0644\u0644\u0634\u0639\u0631 \u0648\u0627\u0644\u062c\u0633\u0645 \u0648\u0627\u0644\u0644\u062d\u064a\u0629 \u0642\u0627\u0639\u062f\u0629 \u062a\u0646\u0638\u064a\u0641 \u0644\u0637\u064a\u0641\u0629 [&hellip;]<\/p>\n","protected":false},"featured_media":36820,"template":"","meta":[],"pwb-brand":[239],"product_brand":[],"product_cat":[1138],"product_tag":[693,1459],"class_list":{"0":"post-36878","1":"product","2":"type-product","3":"status-publish","4":"has-post-thumbnail","6":"pwb-brand-loreal","7":"product_cat-bath-and-shower","8":"product_tag-cleansing","9":"product_tag-1459","11":"first","12":"instock","13":"shipping-taxable","14":"purchasable","15":"product-type-variable","16":"has-default-attributes","17":"wvs-archive-product-wrapper"},"brands":[{"id":239,"name":"L'Or\u00e9al Paris","slug":"loreal"}],"_links":{"self":[{"href":"https:\/\/gopinkish.com\/fr\/wp-json\/wp\/v2\/product\/36878","targetHints":{"allow":["GET"]}}],"collection":[{"href":"https:\/\/gopinkish.com\/fr\/wp-json\/wp\/v2\/product"}],"about":[{"href":"https:\/\/gopinkish.com\/fr\/wp-json\/wp\/v2\/types\/product"}],"wp:featuredmedia":[{"embeddable":true,"href":"https:\/\/gopinkish.com\/fr\/wp-json\/wp\/v2\/media\/36820"}],"wp:attachment":[{"href":"https:\/\/gopinkish.com\/fr\/wp-json\/wp\/v2\/media?parent=36878"}],"wp:term":[{"taxonomy":"pwb-brand","embeddable":true,"href":"https:\/\/gopinkish.com\/fr\/wp-json\/wp\/v2\/pwb-brand?post=36878"},{"taxonomy":"product_brand","embeddable":true,"href":"https:\/\/gopinkish.com\/fr\/wp-json\/wp\/v2\/product_brand?post=36878"},{"taxonomy":"product_cat","embeddable":true,"href":"https:\/\/gopinkish.com\/fr\/wp-json\/wp\/v2\/product_cat?post=36878"},{"taxonomy":"product_tag","embeddable":true,"href":"https:\/\/gopinkish.com\/fr\/wp-json\/wp\/v2\/product_tag?post=36878"}],"curies":[{"name":"wp","href":"https:\/\/api.w.org\/{rel}","templated":true}]}}