{"id":36876,"date":"2026-03-08T19:36:01","date_gmt":"2026-03-08T18:36:01","guid":{"rendered":"https:\/\/gopinkish.com\/?post_type=product&#038;p=36876"},"modified":"2026-04-20T19:31:59","modified_gmt":"2026-04-20T18:31:59","slug":"3600524187286","status":"publish","type":"product","link":"https:\/\/gopinkish.com\/fr\/produit\/3600524187286\/","title":{"rendered":"Gel douche hydratant \u00e0 l'acide hyaluronique pour hommes"},"content":{"rendered":"<p style=\"text-align: justify;\">L'Or\u00e9al Men Expert Hydra Hyaluronic est un gel douche hydratant \u00e0 l'acide hyaluronique qui procure une hydratation intense tout en nettoyant le corps. Sp\u00e9cialement con\u00e7u pour les hommes \u00e0 la recherche d'un nettoyage efficace tout en gardant la peau hydrat\u00e9e et douce gr\u00e2ce au pouvoir hydratant de l'acide hyaluronique.<\/p>\n<p><strong>Principaux ingr\u00e9dients et caract\u00e9ristiques<\/strong><\/p>\n<ul>\n<li>Acide hyaluronique pour une hydratation intensive et profonde<\/li>\n<li>Une formule nettoyante qui respecte l'\u00e9quilibre de la peau<\/li>\n<li>Un parfum masculin frais et \u00e9nergisant<\/li>\n<li>Texture gel tr\u00e8s moussante<\/li>\n<\/ul>\n<p><strong>Principales caract\u00e9ristiques et avantages<\/strong><\/p>\n<ul>\n<li>Nettoie la peau tout en l'hydratant intens\u00e9ment sans la dess\u00e9cher<\/li>\n<li>Maintient la peau douce et lisse apr\u00e8s la douche<\/li>\n<li>Convient aux peaux d\u00e9shydrat\u00e9es<\/li>\n<li>Utilisation quotidienne id\u00e9ale pour les hommes actifs<\/li>\n<\/ul>\n<p style=\"text-align: center;\">\ud83c\uddec\ud83c\udde7 L'Or\u00e9al Homme Expert - Hydra Hyaluronic Gel Douche Hydratant Intensif<\/p>\n<p style=\"text-align: center;\">\ud83c\uddeb\ud83c\uddf7 L'Or\u00e9al Homme Expert - Hydra Hyaluronic Gel Douche Hydratation Intensive<\/p>","protected":false},"excerpt":{"rendered":"<p>\u0645\u0646\u062a\u062c Men Expert Hydra Hyaluronic \u0645\u0646 L&#8217;Or\u00e9al \u0647\u0648 \u062c\u0644 \u0627\u0633\u062a\u062d\u0645\u0627\u0645 \u0645\u0631\u0637\u0628 \u0628\u062d\u0645\u0636 \u0627\u0644\u0647\u064a\u0627\u0644\u0648\u0631\u0648\u0646\u064a\u0643 \u064a\u0648\u0641\u0631 \u062a\u0631\u0637\u064a\u0628\u0627 \u0645\u0643\u062b\u0641\u0627 \u0623\u062b\u0646\u0627\u0621 \u062a\u0646\u0638\u064a\u0641 \u0627\u0644\u062c\u0633\u0645. \u0645\u0635\u0645\u0645 \u062e\u0635\u064a\u0635\u0627 \u0644\u0644\u0631\u062c\u0627\u0644 \u0627\u0644\u0630\u064a\u0646 \u064a\u0628\u062d\u062b\u0648\u0646 \u0639\u0646 \u062a\u0646\u0638\u064a\u0641 \u0641\u0639\u0627\u0644 \u0645\u0639 \u0627\u0644\u062d\u0641\u0627\u0638 \u0639\u0644\u0649 \u062a\u0631\u0637\u064a\u0628 \u0627\u0644\u0628\u0634\u0631\u0629 \u0648\u0646\u0639\u0648\u0645\u062a\u0647\u0627 \u0628\u0641\u0636\u0644 \u0642\u0648\u0629 \u062d\u0645\u0636 \u0627\u0644\u0647\u064a\u0627\u0644\u0648\u0631\u0648\u0646\u064a\u0643 \u0627\u0644\u0645\u0631\u0637\u0628\u0629. \u0627\u0644\u0645\u0643\u0648\u0646\u0627\u062a \u0648\u0627\u0644\u062e\u0635\u0627\u0626\u0635 \u0627\u0644\u0631\u0626\u064a\u0633\u064a\u0629 \u062d\u0645\u0636 \u0627\u0644\u0647\u064a\u0627\u0644\u0648\u0631\u0648\u0646\u064a\u0643 \u0644\u0644\u062a\u0631\u0637\u064a\u0628 \u0627\u0644\u0645\u0643\u062b\u0641 \u0648\u0627\u0644\u0639\u0645\u064a\u0642 \u062a\u0631\u0643\u064a\u0628\u0629 \u0645\u0646\u0638\u0641\u0629 \u062a\u062d\u062a\u0631\u0645 \u062a\u0648\u0627\u0632\u0646 \u0627\u0644\u0628\u0634\u0631\u0629 \u0639\u0637\u0631 \u0631\u062c\u0627\u0644\u064a \u0645\u0646\u0639\u0634 \u0648\u0645\u0646\u0634\u0637 [&hellip;]<\/p>\n","protected":false},"featured_media":36809,"template":"","meta":[],"pwb-brand":[239],"product_brand":[],"product_cat":[1138],"product_tag":[697,693,1459],"class_list":{"0":"post-36876","1":"product","2":"type-product","3":"status-publish","4":"has-post-thumbnail","6":"pwb-brand-loreal","7":"product_cat-bath-and-shower","8":"product_tag-moisturizing","9":"product_tag-cleansing","10":"product_tag-1459","12":"first","13":"instock","14":"shipping-taxable","15":"purchasable","16":"product-type-variable","17":"has-default-attributes","18":"wvs-archive-product-wrapper"},"brands":[{"id":239,"name":"L'Or\u00e9al Paris","slug":"loreal"}],"_links":{"self":[{"href":"https:\/\/gopinkish.com\/fr\/wp-json\/wp\/v2\/product\/36876","targetHints":{"allow":["GET"]}}],"collection":[{"href":"https:\/\/gopinkish.com\/fr\/wp-json\/wp\/v2\/product"}],"about":[{"href":"https:\/\/gopinkish.com\/fr\/wp-json\/wp\/v2\/types\/product"}],"wp:featuredmedia":[{"embeddable":true,"href":"https:\/\/gopinkish.com\/fr\/wp-json\/wp\/v2\/media\/36809"}],"wp:attachment":[{"href":"https:\/\/gopinkish.com\/fr\/wp-json\/wp\/v2\/media?parent=36876"}],"wp:term":[{"taxonomy":"pwb-brand","embeddable":true,"href":"https:\/\/gopinkish.com\/fr\/wp-json\/wp\/v2\/pwb-brand?post=36876"},{"taxonomy":"product_brand","embeddable":true,"href":"https:\/\/gopinkish.com\/fr\/wp-json\/wp\/v2\/product_brand?post=36876"},{"taxonomy":"product_cat","embeddable":true,"href":"https:\/\/gopinkish.com\/fr\/wp-json\/wp\/v2\/product_cat?post=36876"},{"taxonomy":"product_tag","embeddable":true,"href":"https:\/\/gopinkish.com\/fr\/wp-json\/wp\/v2\/product_tag?post=36876"}],"curies":[{"name":"wp","href":"https:\/\/api.w.org\/{rel}","templated":true}]}}