{"id":36874,"date":"2026-03-08T19:36:00","date_gmt":"2026-03-08T18:36:00","guid":{"rendered":"https:\/\/gopinkish.com\/?post_type=product&#038;p=36874"},"modified":"2026-03-08T22:39:30","modified_gmt":"2026-03-08T21:39:30","slug":"3600524036621","status":"publish","type":"product","link":"https:\/\/gopinkish.com\/fr\/produit\/3600524036621\/","title":{"rendered":"Gel douche \u00e9nergisant \u00e0 la taurine pour l'\u00e9nergie et la vitalit\u00e9"},"content":{"rendered":"<p style=\"text-align: justify;\">Men Expert Hydra Energy de L'Or\u00e9al est un gel douche \u00e9nergisant pour hommes qui contient de la taurine \u00e0 une concentration de 100 mg pour donner au corps une sensation d'\u00e9nergie et de revitalisation. Il nettoie le corps en profondeur avec un effet rafra\u00eechissant et \u00e9nergisant qui revitalise apr\u00e8s une longue journ\u00e9e ou une s\u00e9ance d'entra\u00eenement intense.<\/p>\n<p><strong>Principaux ingr\u00e9dients et caract\u00e9ristiques<\/strong><\/p>\n<ul>\n<li>Taurine 100 mg pour donner de l'\u00e9nergie \u00e0 l'organisme<\/li>\n<li>Une formule nettoyante efficace pour \u00e9liminer la sueur et la salet\u00e9<\/li>\n<li>Un parfum frais et vivifiant qui persiste apr\u00e8s la douche<\/li>\n<li>Mousse riche pour un nettoyage en profondeur<\/li>\n<\/ul>\n<p><strong>Principales caract\u00e9ristiques et avantages<\/strong><\/p>\n<ul>\n<li>Nettoie le corps en profondeur et \u00e9limine la sueur et les odeurs<\/li>\n<li>Procure une sensation instantan\u00e9e d'\u00e9nergie et de fra\u00eecheur<\/li>\n<li>Convient pour un usage quotidien apr\u00e8s le sport ou le travail<\/li>\n<li>Ne dess\u00e8che pas la peau malgr\u00e9 un nettoyage en profondeur<\/li>\n<\/ul>\n<p style=\"text-align: center;\">\ud83c\uddec\ud83c\udde7 L'Or\u00e9al Homme Expert - Gel douche Hydra Energy Wake-Up Kick \u00e0 la taurine<\/p>\n<p style=\"text-align: center;\">\ud83c\uddeb\ud83c\uddf7 L'Or\u00e9al Men Expert - Hydra Energetic Gel Douche Taurine<\/p>","protected":false},"excerpt":{"rendered":"<p>\u0645\u0646\u062a\u062c Men Expert Hydra Energy \u0645\u0646 L&#8217;Or\u00e9al \u0647\u0648 \u062c\u0644 \u0627\u0633\u062a\u062d\u0645\u0627\u0645 \u0645\u0646\u0634\u0637 \u0644\u0644\u0631\u062c\u0627\u0644 \u064a\u062d\u062a\u0648\u064a \u0639\u0644\u0649 \u0627\u0644\u062a\u0627\u0648\u0631\u064a\u0646 \u0628\u062a\u0631\u0643\u064a\u0632 100 \u0645\u0644\u063a \u0644\u0645\u0646\u062d \u0627\u0644\u062c\u0633\u0645 \u0634\u0639\u0648\u0631\u0627 \u0628\u0627\u0644\u0637\u0627\u0642\u0629 \u0648\u0627\u0644\u062d\u064a\u0648\u064a\u0629. \u064a\u0646\u0638\u0641 \u0627\u0644\u062c\u0633\u0645 \u0628\u0639\u0645\u0642 \u0645\u0639 \u0645\u0646\u062d \u062a\u0623\u062b\u064a\u0631 \u0645\u0646\u0639\u0634 \u0648\u0645\u0646\u0634\u0637 \u064a\u0639\u064a\u062f \u0627\u0644\u062d\u064a\u0648\u064a\u0629 \u0628\u0639\u062f \u064a\u0648\u0645 \u0637\u0648\u064a\u0644 \u0623\u0648 \u062a\u0645\u0631\u064a\u0646 \u0631\u064a\u0627\u0636\u064a \u0645\u0643\u062b\u0641. \u0627\u0644\u0645\u0643\u0648\u0646\u0627\u062a \u0648\u0627\u0644\u062e\u0635\u0627\u0626\u0635 \u0627\u0644\u0631\u0626\u064a\u0633\u064a\u0629 \u0627\u0644\u062a\u0627\u0648\u0631\u064a\u0646 \u0628\u062a\u0631\u0643\u064a\u0632 100 \u0645\u0644\u063a \u0644\u062a\u0646\u0634\u064a\u0637 \u0627\u0644\u062c\u0633\u0645 \u062a\u0631\u0643\u064a\u0628\u0629 \u0645\u0646\u0638\u0641\u0629 \u0641\u0639\u0627\u0644\u0629 \u0644\u0625\u0632\u0627\u0644\u0629 \u0627\u0644\u0639\u0631\u0642 \u0648\u0627\u0644\u0623\u0648\u0633\u0627\u062e [&hellip;]<\/p>\n","protected":false},"featured_media":36804,"template":"","meta":[],"pwb-brand":[239],"product_brand":[],"product_cat":[1138],"product_tag":[693,1459],"class_list":{"0":"post-36874","1":"product","2":"type-product","3":"status-publish","4":"has-post-thumbnail","6":"pwb-brand-loreal","7":"product_cat-bath-and-shower","8":"product_tag-cleansing","9":"product_tag-1459","11":"first","12":"instock","13":"shipping-taxable","14":"purchasable","15":"product-type-variable","16":"has-default-attributes","17":"wvs-archive-product-wrapper"},"brands":[{"id":239,"name":"L'Or\u00e9al Paris","slug":"loreal"}],"_links":{"self":[{"href":"https:\/\/gopinkish.com\/fr\/wp-json\/wp\/v2\/product\/36874","targetHints":{"allow":["GET"]}}],"collection":[{"href":"https:\/\/gopinkish.com\/fr\/wp-json\/wp\/v2\/product"}],"about":[{"href":"https:\/\/gopinkish.com\/fr\/wp-json\/wp\/v2\/types\/product"}],"wp:featuredmedia":[{"embeddable":true,"href":"https:\/\/gopinkish.com\/fr\/wp-json\/wp\/v2\/media\/36804"}],"wp:attachment":[{"href":"https:\/\/gopinkish.com\/fr\/wp-json\/wp\/v2\/media?parent=36874"}],"wp:term":[{"taxonomy":"pwb-brand","embeddable":true,"href":"https:\/\/gopinkish.com\/fr\/wp-json\/wp\/v2\/pwb-brand?post=36874"},{"taxonomy":"product_brand","embeddable":true,"href":"https:\/\/gopinkish.com\/fr\/wp-json\/wp\/v2\/product_brand?post=36874"},{"taxonomy":"product_cat","embeddable":true,"href":"https:\/\/gopinkish.com\/fr\/wp-json\/wp\/v2\/product_cat?post=36874"},{"taxonomy":"product_tag","embeddable":true,"href":"https:\/\/gopinkish.com\/fr\/wp-json\/wp\/v2\/product_tag?post=36874"}],"curies":[{"name":"wp","href":"https:\/\/api.w.org\/{rel}","templated":true}]}}