{"id":36872,"date":"2026-03-08T19:36:00","date_gmt":"2026-03-08T18:36:00","guid":{"rendered":"https:\/\/gopinkish.com\/?post_type=product&#038;p=36872"},"modified":"2026-03-08T22:39:35","modified_gmt":"2026-03-08T21:39:35","slug":"8714789703046","status":"publish","type":"product","link":"https:\/\/gopinkish.com\/fr\/produit\/8714789703046\/","title":{"rendered":"Savon doux au lait d'amande pour peaux sensibles"},"content":{"rendered":"<p style=\"text-align: justify;\">Naturals Delicate Care de Palmolive est un savon doux \u00e0 l'extrait de lait d'amande con\u00e7u pour les peaux sensibles. Il nettoie en douceur et hydrate intens\u00e9ment gr\u00e2ce \u00e0 une formule riche en lait d'amande qui nourrit la peau et la maintient douce et souple.<\/p>\n<p><strong>Principaux ingr\u00e9dients et caract\u00e9ristiques<\/strong><\/p>\n<ul>\n<li>Extrait de lait d'amande hydratant et nourrissant<\/li>\n<li>Formule douce convenant aux peaux sensibles<\/li>\n<li>Agents hydratants pour pr\u00e9venir le dess\u00e8chement de la peau<\/li>\n<li>Parfum doux d'amande et de lait<\/li>\n<\/ul>\n<p><strong>Principales caract\u00e9ristiques et avantages<\/strong><\/p>\n<ul>\n<li>Hydrate et prot\u00e8ge la peau sensible du dess\u00e8chement<\/li>\n<li>Nettoyage en douceur qui respecte l'\u00e9quilibre naturel de la peau<\/li>\n<li>Paquet \u00e9conomique de 4 \u00e0 90g chacun<\/li>\n<li>Convient \u00e0 une utilisation quotidienne pour toute la famille<\/li>\n<\/ul>\n<p style=\"text-align: center;\">\ud83c\uddec\ud83c\udde7 Palmolive - Naturals Delicate Care aux amandes et au lait 4x90g<\/p>\n<p style=\"text-align: center;\">\ud83c\uddeb\ud83c\uddf7 Palmolive - Naturals Soin D\u00e9licat au Lait d'Amande 4x90g<\/p>","protected":false},"excerpt":{"rendered":"<p>\u0645\u0646\u062a\u062c Naturals Delicate Care \u0645\u0646 Palmolive \u0647\u0648 \u0635\u0627\u0628\u0648\u0646 \u0646\u0627\u0639\u0645 \u0628\u0645\u0633\u062a\u062e\u0644\u0635 \u062d\u0644\u064a\u0628 \u0627\u0644\u0644\u0648\u0632 \u0627\u0644\u0645\u0635\u0645\u0645 \u0644\u0644\u0628\u0634\u0631\u0629 \u0627\u0644\u062d\u0633\u0627\u0633\u0629. \u064a\u0648\u0641\u0631 \u062a\u0646\u0638\u064a\u0641\u0627 \u0644\u0637\u064a\u0641\u0627 \u0645\u0639 \u062a\u0631\u0637\u064a\u0628 \u0645\u0643\u062b\u0641 \u0628\u0641\u0636\u0644 \u062a\u0631\u0643\u064a\u0628\u0629 \u062d\u0644\u064a\u0628 \u0627\u0644\u0644\u0648\u0632 \u0627\u0644\u063a\u0646\u064a\u0629 \u0627\u0644\u062a\u064a \u062a\u063a\u0630\u064a \u0627\u0644\u0628\u0634\u0631\u0629 \u0648\u062a\u062d\u0627\u0641\u0638 \u0639\u0644\u0649 \u0646\u0639\u0648\u0645\u062a\u0647\u0627 \u0648\u0646\u0636\u0627\u0631\u062a\u0647\u0627. \u0627\u0644\u0645\u0643\u0648\u0646\u0627\u062a \u0648\u0627\u0644\u062e\u0635\u0627\u0626\u0635 \u0627\u0644\u0631\u0626\u064a\u0633\u064a\u0629 \u0645\u0633\u062a\u062e\u0644\u0635 \u062d\u0644\u064a\u0628 \u0627\u0644\u0644\u0648\u0632 \u0627\u0644\u0645\u0631\u0637\u0628 \u0648\u0627\u0644\u0645\u063a\u0630\u064a \u062a\u0631\u0643\u064a\u0628\u0629 \u0644\u0637\u064a\u0641\u0629 \u0645\u0646\u0627\u0633\u0628\u0629 \u0644\u0644\u0628\u0634\u0631\u0629 \u0627\u0644\u062d\u0633\u0627\u0633\u0629 \u0639\u0648\u0627\u0645\u0644 \u062a\u0631\u0637\u064a\u0628 \u062a\u0645\u0646\u0639 \u062c\u0641\u0627\u0641 \u0627\u0644\u0628\u0634\u0631\u0629 \u0631\u0627\u0626\u062d\u0629 \u0627\u0644\u0644\u0648\u0632 \u0648\u0627\u0644\u062d\u0644\u064a\u0628 \u0627\u0644\u0646\u0627\u0639\u0645\u0629 [&hellip;]<\/p>\n","protected":false},"featured_media":36803,"template":"","meta":[],"pwb-brand":[1370],"product_brand":[],"product_cat":[1138],"product_tag":[688,697,693],"class_list":{"0":"post-36872","1":"product","2":"type-product","3":"status-publish","4":"has-post-thumbnail","6":"pwb-brand-palmolive","7":"product_cat-bath-and-shower","8":"product_tag-sensitive","9":"product_tag-moisturizing","10":"product_tag-cleansing","12":"first","13":"instock","14":"shipping-taxable","15":"purchasable","16":"product-type-variable","17":"has-default-attributes","18":"wvs-archive-product-wrapper"},"brands":[{"id":1370,"name":"Palmolive","slug":"palmolive"}],"_links":{"self":[{"href":"https:\/\/gopinkish.com\/fr\/wp-json\/wp\/v2\/product\/36872","targetHints":{"allow":["GET"]}}],"collection":[{"href":"https:\/\/gopinkish.com\/fr\/wp-json\/wp\/v2\/product"}],"about":[{"href":"https:\/\/gopinkish.com\/fr\/wp-json\/wp\/v2\/types\/product"}],"wp:featuredmedia":[{"embeddable":true,"href":"https:\/\/gopinkish.com\/fr\/wp-json\/wp\/v2\/media\/36803"}],"wp:attachment":[{"href":"https:\/\/gopinkish.com\/fr\/wp-json\/wp\/v2\/media?parent=36872"}],"wp:term":[{"taxonomy":"pwb-brand","embeddable":true,"href":"https:\/\/gopinkish.com\/fr\/wp-json\/wp\/v2\/pwb-brand?post=36872"},{"taxonomy":"product_brand","embeddable":true,"href":"https:\/\/gopinkish.com\/fr\/wp-json\/wp\/v2\/product_brand?post=36872"},{"taxonomy":"product_cat","embeddable":true,"href":"https:\/\/gopinkish.com\/fr\/wp-json\/wp\/v2\/product_cat?post=36872"},{"taxonomy":"product_tag","embeddable":true,"href":"https:\/\/gopinkish.com\/fr\/wp-json\/wp\/v2\/product_tag?post=36872"}],"curies":[{"name":"wp","href":"https:\/\/api.w.org\/{rel}","templated":true}]}}