{"id":36868,"date":"2026-03-08T19:35:58","date_gmt":"2026-03-08T18:35:58","guid":{"rendered":"https:\/\/gopinkish.com\/?post_type=product&#038;p=36868"},"modified":"2026-03-08T22:39:44","modified_gmt":"2026-03-08T21:39:44","slug":"9005800321967","status":"publish","type":"product","link":"https:\/\/gopinkish.com\/fr\/produit\/9005800321967\/","title":{"rendered":"Shampoing et gel douche pour b\u00e9b\u00e9 sans larmes"},"content":{"rendered":"<p style=\"text-align: justify;\">Nivea's Kids 2in1 Shampooing &amp; Shampooing est un shampooing et un gel douche doux et non irritant pour les b\u00e9b\u00e9s. Il combine le nettoyage des cheveux et du corps en un seul produit, tout en facilitant le peignage des cheveux apr\u00e8s le bain et en apportant un soin doux \u00e0 la peau sensible des enfants.<\/p>\n<p><strong>Principaux ingr\u00e9dients et caract\u00e9ristiques<\/strong><\/p>\n<ul>\n<li>Une formule douce, sans larmes, adapt\u00e9e aux yeux des enfants<\/li>\n<li>pH \u00e9quilibr\u00e9 pour la peau sensible des enfants<\/li>\n<li>Agents hydratants doux pour pr\u00e9server la douceur de la peau et des cheveux<\/li>\n<li>Technique de peignage facile pour des cheveux lisses apr\u00e8s le lavage<\/li>\n<\/ul>\n<p><strong>Principales caract\u00e9ristiques et avantages<\/strong><\/p>\n<ul>\n<li>Un produit 2 en 1 pour les cheveux et le corps qui permet de gagner du temps<\/li>\n<li>Ne provoque pas de d\u00e9chirures et convient aux enfants \u00e0 partir de 3 ans<\/li>\n<li>Facilite le peignage et pr\u00e9vient les enchev\u00eatrements<\/li>\n<li>Parfum frais, adapt\u00e9 aux enfants<\/li>\n<\/ul>\n<p style=\"text-align: center;\">\ud83c\uddec\ud83c\udde7 Nivea - Kids 2in1 Shampooing &amp; Douche sans larmes Easy Combing<\/p>\n<p style=\"text-align: center;\">\ud83c\uddeb\ud83c\uddf7 Nivea - Kids 2en1 Douche &amp; Shampooing Sans Larmes D\u00e9m\u00ealage Facile<\/p>","protected":false},"excerpt":{"rendered":"<p>\u0645\u0646\u062a\u062c Kids 2in1 Shower &amp; Shampoo \u0645\u0646 Nivea \u0647\u0648 \u0634\u0627\u0645\u0628\u0648 \u0648\u062c\u0644 \u0627\u0633\u062a\u062d\u0645\u0627\u0645 \u0645\u062e\u0635\u0635 \u0644\u0644\u0623\u0637\u0641\u0627\u0644 \u0628\u062a\u0631\u0643\u064a\u0628\u0629 \u0644\u0637\u064a\u0641\u0629 \u0644\u0627 \u062a\u0633\u0628\u0628 \u0627\u0644\u062f\u0645\u0648\u0639. \u064a\u062c\u0645\u0639 \u0628\u064a\u0646 \u062a\u0646\u0638\u064a\u0641 \u0627\u0644\u0634\u0639\u0631 \u0648\u0627\u0644\u062c\u0633\u0645 \u0641\u064a \u0645\u0646\u062a\u062c \u0648\u0627\u062d\u062f \u0645\u0639 \u062a\u0633\u0647\u064a\u0644 \u062a\u0645\u0634\u064a\u0637 \u0627\u0644\u0634\u0639\u0631 \u0628\u0639\u062f \u0627\u0644\u0627\u0633\u062a\u062d\u0645\u0627\u0645 \u0648\u062a\u0648\u0641\u064a\u0631 \u0639\u0646\u0627\u064a\u0629 \u0646\u0627\u0639\u0645\u0629 \u0628\u0628\u0634\u0631\u0629 \u0627\u0644\u0623\u0637\u0641\u0627\u0644 \u0627\u0644\u062d\u0633\u0627\u0633\u0629. \u0627\u0644\u0645\u0643\u0648\u0646\u0627\u062a \u0648\u0627\u0644\u062e\u0635\u0627\u0626\u0635 \u0627\u0644\u0631\u0626\u064a\u0633\u064a\u0629 \u062a\u0631\u0643\u064a\u0628\u0629 \u0644\u0637\u064a\u0641\u0629 \u062e\u0627\u0644\u064a\u0629 \u0645\u0646 \u0627\u0644\u062f\u0645\u0648\u0639 \u0645\u0646\u0627\u0633\u0628\u0629 \u0644\u0639\u064a\u0648\u0646 \u0627\u0644\u0623\u0637\u0641\u0627\u0644 \u062f\u0631\u062c\u0629 \u062d\u0645\u0648\u0636\u0629 \u0645\u062a\u0648\u0627\u0632\u0646\u0629 \u0644\u0628\u0634\u0631\u0629 \u0627\u0644\u0623\u0637\u0641\u0627\u0644 [&hellip;]<\/p>\n","protected":false},"featured_media":36800,"template":"","meta":[],"pwb-brand":[236],"product_brand":[],"product_cat":[1162,1138],"product_tag":[1036],"class_list":{"0":"post-36868","1":"product","2":"type-product","3":"status-publish","4":"has-post-thumbnail","6":"pwb-brand-nivea","7":"product_cat-mom-baby","8":"product_cat-bath-and-shower","9":"product_tag-1036","11":"first","12":"instock","13":"shipping-taxable","14":"purchasable","15":"product-type-variable","16":"has-default-attributes","17":"wvs-archive-product-wrapper"},"brands":[{"id":236,"name":"Nivea","slug":"nivea"}],"_links":{"self":[{"href":"https:\/\/gopinkish.com\/fr\/wp-json\/wp\/v2\/product\/36868","targetHints":{"allow":["GET"]}}],"collection":[{"href":"https:\/\/gopinkish.com\/fr\/wp-json\/wp\/v2\/product"}],"about":[{"href":"https:\/\/gopinkish.com\/fr\/wp-json\/wp\/v2\/types\/product"}],"wp:featuredmedia":[{"embeddable":true,"href":"https:\/\/gopinkish.com\/fr\/wp-json\/wp\/v2\/media\/36800"}],"wp:attachment":[{"href":"https:\/\/gopinkish.com\/fr\/wp-json\/wp\/v2\/media?parent=36868"}],"wp:term":[{"taxonomy":"pwb-brand","embeddable":true,"href":"https:\/\/gopinkish.com\/fr\/wp-json\/wp\/v2\/pwb-brand?post=36868"},{"taxonomy":"product_brand","embeddable":true,"href":"https:\/\/gopinkish.com\/fr\/wp-json\/wp\/v2\/product_brand?post=36868"},{"taxonomy":"product_cat","embeddable":true,"href":"https:\/\/gopinkish.com\/fr\/wp-json\/wp\/v2\/product_cat?post=36868"},{"taxonomy":"product_tag","embeddable":true,"href":"https:\/\/gopinkish.com\/fr\/wp-json\/wp\/v2\/product_tag?post=36868"}],"curies":[{"name":"wp","href":"https:\/\/api.w.org\/{rel}","templated":true}]}}