{"id":36866,"date":"2026-03-08T19:35:57","date_gmt":"2026-03-08T18:35:57","guid":{"rendered":"https:\/\/gopinkish.com\/?post_type=product&#038;p=36866"},"modified":"2026-04-01T18:44:16","modified_gmt":"2026-04-01T17:44:16","slug":"8712561400046","status":"publish","type":"product","link":"https:\/\/gopinkish.com\/fr\/produit\/8712561400046\/","title":{"rendered":"Anarchy Body Scented Anarchy Three Piece Set"},"content":{"rendered":"<p style=\"text-align: justify;\">Le coffret Anarchy d'Axe est un ensemble complet de trois pi\u00e8ces de soins pour hommes dans le parfum audacieux et distinctif d'Anarchy. L'ensemble comprend un vaporisateur corporel parfum\u00e9, un gel douche et une eau de toilette pour offrir aux hommes une exp\u00e9rience olfactive coh\u00e9rente, de la douche au parfum quotidien.<\/p>\n<p><strong>Principaux ingr\u00e9dients et caract\u00e9ristiques<\/strong><\/p>\n<ul>\n<li>Spray corporel parfum\u00e9 150ml avec protection contre les odeurs<\/li>\n<li>Gel douche 250ml pour un nettoyage rafra\u00eechissant et parfum\u00e9<\/li>\n<li>Anarchy Eau de Toilette 50ml<\/li>\n<li>Une fragrance audacieuse qui associe des notes bois\u00e9es et fruit\u00e9es.<\/li>\n<\/ul>\n<p><strong>Principales caract\u00e9ristiques et avantages<\/strong><\/p>\n<ul>\n<li>Un ensemble complet avec un parfum unifi\u00e9 pour une exp\u00e9rience harmonis\u00e9e<\/li>\n<li>Comprend tous les soins quotidiens parfum\u00e9s<\/li>\n<li>Le cadeau id\u00e9al pour les hommes avec un design \u00e9l\u00e9gant<\/li>\n<li>Parfum longue dur\u00e9e avec chaque pi\u00e8ce du set<\/li>\n<\/ul>\n<p style=\"text-align: center;\">\ud83c\uddec\ud83c\udde7 Axe - Anarchy Gift Set : D\u00e9odorant Bodyspray + Gel douche + Eau de Toilette<\/p>\n<p style=\"text-align: center;\">\ud83c\uddeb\ud83c\uddf7 Axe - Coffret Anarchy : D\u00e9odorant + Gel Douche + Eau de Toilette<\/p>","protected":false},"excerpt":{"rendered":"<p>\u0645\u0646\u062a\u062c Anarchy Gift Set \u0645\u0646 Axe \u0647\u0648 \u0637\u0642\u0645 \u0639\u0646\u0627\u064a\u0629 \u0631\u062c\u0627\u0644\u064a \u0645\u062a\u0643\u0627\u0645\u0644 \u064a\u0636\u0645 \u062b\u0644\u0627\u062b \u0642\u0637\u0639 \u0628\u0639\u0637\u0631 \u0623\u0646\u0627\u0631\u0643\u064a \u0627\u0644\u062c\u0631\u064a\u0621 \u0648\u0627\u0644\u0645\u0645\u064a\u0632. \u064a\u0634\u0645\u0644 \u0627\u0644\u0637\u0642\u0645 \u0628\u062e\u0627\u062e \u0645\u0639\u0637\u0631 \u0644\u0644\u062c\u0633\u0645 \u0648\u062c\u0644 \u0627\u0633\u062a\u062d\u0645\u0627\u0645 \u0648\u0639\u0637\u0631 \u0645\u0627\u0621 \u062a\u0648\u0627\u0644\u064a\u062a \u0644\u064a\u0645\u0646\u062d \u0627\u0644\u0631\u062c\u0644 \u062a\u062c\u0631\u0628\u0629 \u0639\u0637\u0631\u064a\u0629 \u0645\u062a\u0646\u0627\u0633\u0642\u0629 \u0645\u0646 \u0627\u0644\u0627\u0633\u062a\u062d\u0645\u0627\u0645 \u0625\u0644\u0649 \u0627\u0644\u0639\u0637\u0631 \u0627\u0644\u064a\u0648\u0645\u064a. \u0627\u0644\u0645\u0643\u0648\u0646\u0627\u062a \u0648\u0627\u0644\u062e\u0635\u0627\u0626\u0635 \u0627\u0644\u0631\u0626\u064a\u0633\u064a\u0629 \u0628\u062e\u0627\u062e \u0645\u0639\u0637\u0631 \u0644\u0644\u062c\u0633\u0645 150 \u0645\u0644 \u0628\u062d\u0645\u0627\u064a\u0629 \u0645\u0646 \u0627\u0644\u0631\u0648\u0627\u0626\u062d \u062c\u0644 \u0627\u0633\u062a\u062d\u0645\u0627\u0645 250 \u0645\u0644 \u0644\u062a\u0646\u0638\u064a\u0641 \u0645\u0646\u0639\u0634 [&hellip;]<\/p>\n","protected":false},"featured_media":36799,"template":"","meta":[],"pwb-brand":[],"product_brand":[],"product_cat":[1241],"product_tag":[1018,686,1459],"class_list":{"0":"post-36866","1":"product","2":"type-product","3":"status-publish","4":"has-post-thumbnail","6":"product_cat-care-sets","7":"product_tag-1018","8":"product_tag-deodorant","9":"product_tag-1459","11":"first","12":"instock","13":"shipping-taxable","14":"purchasable","15":"product-type-variable","16":"has-default-attributes","17":"wvs-archive-product-wrapper"},"brands":[],"_links":{"self":[{"href":"https:\/\/gopinkish.com\/fr\/wp-json\/wp\/v2\/product\/36866","targetHints":{"allow":["GET"]}}],"collection":[{"href":"https:\/\/gopinkish.com\/fr\/wp-json\/wp\/v2\/product"}],"about":[{"href":"https:\/\/gopinkish.com\/fr\/wp-json\/wp\/v2\/types\/product"}],"wp:featuredmedia":[{"embeddable":true,"href":"https:\/\/gopinkish.com\/fr\/wp-json\/wp\/v2\/media\/36799"}],"wp:attachment":[{"href":"https:\/\/gopinkish.com\/fr\/wp-json\/wp\/v2\/media?parent=36866"}],"wp:term":[{"taxonomy":"pwb-brand","embeddable":true,"href":"https:\/\/gopinkish.com\/fr\/wp-json\/wp\/v2\/pwb-brand?post=36866"},{"taxonomy":"product_brand","embeddable":true,"href":"https:\/\/gopinkish.com\/fr\/wp-json\/wp\/v2\/product_brand?post=36866"},{"taxonomy":"product_cat","embeddable":true,"href":"https:\/\/gopinkish.com\/fr\/wp-json\/wp\/v2\/product_cat?post=36866"},{"taxonomy":"product_tag","embeddable":true,"href":"https:\/\/gopinkish.com\/fr\/wp-json\/wp\/v2\/product_tag?post=36866"}],"curies":[{"name":"wp","href":"https:\/\/api.w.org\/{rel}","templated":true}]}}