{"id":36864,"date":"2026-03-08T19:35:56","date_gmt":"2026-03-08T18:35:56","guid":{"rendered":"https:\/\/gopinkish.com\/?post_type=product&#038;p=36864"},"modified":"2026-03-31T22:55:39","modified_gmt":"2026-03-31T21:55:39","slug":"8809634611178","status":"publish","type":"product","link":"https:\/\/gopinkish.com\/fr\/produit\/8809634611178\/","title":{"rendered":"Cr\u00e8me intensive \u00e9claircissante et tonifiante"},"content":{"rendered":"<p style=\"text-align: justify;\">Axis-Y's TXA 2.5 Intensive Brightening Cream est une cr\u00e8me \u00e9claircissante intensive de Korean Care qui contient 2,5% d'acide tranexamique pour cibler efficacement les taches sombres et l'hyperpigmentation. Elle unifie le teint et donne \u00e0 la peau un \u00e9clat naturel gr\u00e2ce \u00e0 une hydratation profonde et durable.<\/p>\n<p><strong>Principaux ingr\u00e9dients et caract\u00e9ristiques<\/strong><\/p>\n<ul>\n<li>2,5% acide tranexamique pour \u00e9claircir les taches sombres<\/li>\n<li>Niacinamide pour unifier le teint et am\u00e9liorer la texture de la peau<\/li>\n<li>Extraits v\u00e9g\u00e9taux apaisants et nourrissants<\/li>\n<li>Formule cor\u00e9enne avanc\u00e9e de soins intensifs<\/li>\n<\/ul>\n<p><strong>Principales caract\u00e9ristiques et avantages<\/strong><\/p>\n<ul>\n<li>R\u00e9duit l'apparence des taches sombres et de l'hyperpigmentation<\/li>\n<li>Unifie le teint de la peau et lui donne un \u00e9clat sain.<\/li>\n<li>Hydrate en profondeur et am\u00e9liore la texture de la peau<\/li>\n<li>Convient \u00e0 tous les types de peau, y compris les peaux sensibles<\/li>\n<li>Des r\u00e9sultats notables gr\u00e2ce \u00e0 une utilisation r\u00e9guli\u00e8re<\/li>\n<\/ul>\n<p style=\"text-align: center;\">\ud83c\uddec\ud83c\udde7 Axis-Y - TXA 2.5 Cr\u00e8me intensive \u00e9claircissante<\/p>\n<p style=\"text-align: center;\">\ud83c\uddeb\ud83c\uddf7 Axis-Y - Cr\u00e8me \u00c9claircissante Intensive TXA 2.5<\/p>","protected":false},"excerpt":{"rendered":"<p>\u0645\u0646\u062a\u062c TXA 2.5 Intensive Brightening Cream \u0645\u0646 Axis-Y \u0647\u0648 \u0643\u0631\u064a\u0645 \u062a\u0641\u062a\u064a\u062d \u0645\u0643\u062b\u0641 \u0645\u0646 \u0627\u0644\u0639\u0646\u0627\u064a\u0629 \u0627\u0644\u0643\u0648\u0631\u064a\u0629 \u064a\u062d\u062a\u0648\u064a \u0639\u0644\u0649 \u062d\u0645\u0636 \u0627\u0644\u062a\u0631\u0627\u0646\u064a\u0643\u0633\u0627\u0645\u064a\u0643 \u0628\u062a\u0631\u0643\u064a\u0632 2.5% \u0644\u0627\u0633\u062a\u0647\u062f\u0627\u0641 \u0627\u0644\u0628\u0642\u0639 \u0627\u0644\u062f\u0627\u0643\u0646\u0629 \u0648\u0641\u0631\u0637 \u0627\u0644\u062a\u0635\u0628\u063a \u0628\u0641\u0639\u0627\u0644\u064a\u0629. \u064a\u0639\u0645\u0644 \u0639\u0644\u0649 \u062a\u0648\u062d\u064a\u062f \u0644\u0648\u0646 \u0627\u0644\u0628\u0634\u0631\u0629 \u0648\u0645\u0646\u062d\u0647\u0627 \u0625\u0634\u0631\u0627\u0642\u0629 \u0637\u0628\u064a\u0639\u064a\u0629 \u0645\u0639 \u062a\u0631\u0637\u064a\u0628 \u0639\u0645\u064a\u0642 \u0648\u0645\u0633\u062a\u0645\u0631. \u0627\u0644\u0645\u0643\u0648\u0646\u0627\u062a \u0648\u0627\u0644\u062e\u0635\u0627\u0626\u0635 \u0627\u0644\u0631\u0626\u064a\u0633\u064a\u0629 \u062d\u0645\u0636 \u0627\u0644\u062a\u0631\u0627\u0646\u064a\u0643\u0633\u0627\u0645\u064a\u0643 2.5% \u0644\u062a\u0641\u062a\u064a\u062d \u0627\u0644\u0628\u0642\u0639 \u0627\u0644\u062f\u0627\u0643\u0646\u0629 \u0627\u0644\u0646\u064a\u0627\u0633\u064a\u0646\u0627\u0645\u064a\u062f \u0644\u062a\u0648\u062d\u064a\u062f \u0644\u0648\u0646 \u0627\u0644\u0628\u0634\u0631\u0629 \u0648\u062a\u062d\u0633\u064a\u0646 \u0645\u0644\u0645\u0633\u0647\u0627 \u0645\u0633\u062a\u062e\u0644\u0635\u0627\u062a [&hellip;]<\/p>\n","protected":false},"featured_media":36797,"template":"","meta":[],"pwb-brand":[737],"product_brand":[],"product_cat":[1121,1123],"product_tag":[675,697,685,671,763],"class_list":{"0":"post-36864","1":"product","2":"type-product","3":"status-publish","4":"has-post-thumbnail","6":"pwb-brand-axisy","7":"product_cat-face-moist","8":"product_cat-face-bright","9":"product_tag-spots","10":"product_tag-moisturizing","11":"product_tag-brightening","12":"product_tag-pigmentation","13":"product_tag-korean-product-2","15":"first","16":"instock","17":"shipping-taxable","18":"purchasable","19":"product-type-variable","20":"has-default-attributes","21":"wvs-archive-product-wrapper"},"brands":[{"id":737,"name":"Axis Y","slug":"axisy"}],"_links":{"self":[{"href":"https:\/\/gopinkish.com\/fr\/wp-json\/wp\/v2\/product\/36864","targetHints":{"allow":["GET"]}}],"collection":[{"href":"https:\/\/gopinkish.com\/fr\/wp-json\/wp\/v2\/product"}],"about":[{"href":"https:\/\/gopinkish.com\/fr\/wp-json\/wp\/v2\/types\/product"}],"wp:featuredmedia":[{"embeddable":true,"href":"https:\/\/gopinkish.com\/fr\/wp-json\/wp\/v2\/media\/36797"}],"wp:attachment":[{"href":"https:\/\/gopinkish.com\/fr\/wp-json\/wp\/v2\/media?parent=36864"}],"wp:term":[{"taxonomy":"pwb-brand","embeddable":true,"href":"https:\/\/gopinkish.com\/fr\/wp-json\/wp\/v2\/pwb-brand?post=36864"},{"taxonomy":"product_brand","embeddable":true,"href":"https:\/\/gopinkish.com\/fr\/wp-json\/wp\/v2\/product_brand?post=36864"},{"taxonomy":"product_cat","embeddable":true,"href":"https:\/\/gopinkish.com\/fr\/wp-json\/wp\/v2\/product_cat?post=36864"},{"taxonomy":"product_tag","embeddable":true,"href":"https:\/\/gopinkish.com\/fr\/wp-json\/wp\/v2\/product_tag?post=36864"}],"curies":[{"name":"wp","href":"https:\/\/api.w.org\/{rel}","templated":true}]}}