{"id":36862,"date":"2026-03-08T19:35:55","date_gmt":"2026-03-08T18:35:55","guid":{"rendered":"https:\/\/gopinkish.com\/?post_type=product&#038;p=36862"},"modified":"2026-04-11T21:24:23","modified_gmt":"2026-04-11T20:24:23","slug":"4005800288296","status":"publish","type":"product","link":"https:\/\/gopinkish.com\/fr\/produit\/4005800288296\/","title":{"rendered":"Mousse hydratante pour les pieds tr\u00e8s secs et rugueux"},"content":{"rendered":"<p style=\"text-align: justify;\">Eucerin's Urea Repair Mousse Pieds est une mousse hydratante intensive sp\u00e9cialement formul\u00e9e pour les pieds extr\u00eamement secs et rugueux. Elle contient de l'ur\u00e9e en concentration efficace pour hydrater en profondeur et adoucir la peau s\u00e8che et craquel\u00e9e de la zone des pieds tout en am\u00e9liorant sa texture et son apparence.<\/p>\n<p><strong>Principaux ingr\u00e9dients et caract\u00e9ristiques<\/strong><\/p>\n<ul>\n<li>Ur\u00e9e hautement concentr\u00e9e pour une hydratation intense et profonde<\/li>\n<li>Des c\u00e9ramides pour renforcer la barri\u00e8re cutan\u00e9e<\/li>\n<li>Formule mousse l\u00e9g\u00e8re \u00e0 absorption rapide<\/li>\n<li>Agents hydratants naturels pour adoucir la peau<\/li>\n<\/ul>\n<p><strong>Principales caract\u00e9ristiques et avantages<\/strong><\/p>\n<ul>\n<li>Hydrate en profondeur les pieds secs et crevass\u00e9s<\/li>\n<li>Adoucit la peau rugueuse et am\u00e9liore la texture de la peau<\/li>\n<li>Une texture mousse l\u00e9g\u00e8re qui s'applique facilement et p\u00e9n\u00e8tre rapidement.<\/li>\n<li>Convient pour le soin quotidien des pieds secs<\/li>\n<li>Test\u00e9 cliniquement et adapt\u00e9 aux peaux sensibles<\/li>\n<\/ul>\n<p style=\"text-align: center;\">\ud83c\uddec\ud83c\udde7 Eucerin - UreaRepair Foot Mousse for Very Dry Rough Feet (Mousse pour les pieds tr\u00e8s secs et rugueux)<\/p>\n<p style=\"text-align: center;\">\ud83c\uddeb\ud83c\uddf7 Eucerin - UreaRepair Mousse Pieds Tr\u00e8s Secs et Rugueux<\/p>","protected":false},"excerpt":{"rendered":"<p>\u0645\u0646\u062a\u062c Urea Repair Mousse Pieds \u0645\u0646 Eucerin \u0647\u0648 \u0645\u0648\u0633 \u0645\u0631\u0637\u0628 \u0645\u0643\u062b\u0641 \u0645\u0635\u0645\u0645 \u062e\u0635\u064a\u0635\u0627 \u0644\u0644\u0623\u0642\u062f\u0627\u0645 \u0634\u062f\u064a\u062f\u0629 \u0627\u0644\u062c\u0641\u0627\u0641 \u0648\u0627\u0644\u062e\u0634\u0648\u0646\u0629. \u064a\u062d\u062a\u0648\u064a \u0639\u0644\u0649 \u0627\u0644\u064a\u0648\u0631\u064a\u0627 \u0628\u062a\u0631\u0643\u064a\u0632 \u0641\u0639\u0627\u0644 \u0644\u062a\u0631\u0637\u064a\u0628 \u0639\u0645\u064a\u0642 \u0648\u062a\u0646\u0639\u064a\u0645 \u0627\u0644\u0628\u0634\u0631\u0629 \u0627\u0644\u062c\u0627\u0641\u0629 \u0648\u0627\u0644\u0645\u062a\u0634\u0642\u0642\u0629 \u0641\u064a \u0645\u0646\u0637\u0642\u0629 \u0627\u0644\u0642\u062f\u0645\u064a\u0646 \u0645\u0639 \u062a\u062d\u0633\u064a\u0646 \u0645\u0644\u0645\u0633\u0647\u0627 \u0648\u0645\u0638\u0647\u0631\u0647\u0627. \u0627\u0644\u0645\u0643\u0648\u0646\u0627\u062a \u0648\u0627\u0644\u062e\u0635\u0627\u0626\u0635 \u0627\u0644\u0631\u0626\u064a\u0633\u064a\u0629 \u0627\u0644\u064a\u0648\u0631\u064a\u0627 \u0628\u062a\u0631\u0643\u064a\u0632 \u0639\u0627\u0644 \u0644\u062a\u0631\u0637\u064a\u0628 \u0645\u0643\u062b\u0641 \u0648\u0639\u0645\u064a\u0642 \u0627\u0644\u0633\u064a\u0631\u0627\u0645\u064a\u062f\u0627\u062a \u0644\u062a\u0639\u0632\u064a\u0632 \u062d\u0627\u062c\u0632 \u0627\u0644\u0628\u0634\u0631\u0629 \u062a\u0631\u0643\u064a\u0628\u0629 \u0645\u0648\u0633 \u062e\u0641\u064a\u0641\u0629 \u0633\u0631\u064a\u0639\u0629 \u0627\u0644\u0627\u0645\u062a\u0635\u0627\u0635 \u0639\u0648\u0627\u0645\u0644 \u062a\u0631\u0637\u064a\u0628 [&hellip;]<\/p>\n","protected":false},"featured_media":36790,"template":"","meta":[],"pwb-brand":[439],"product_brand":[],"product_cat":[1140],"product_tag":[700,1034,697,1039,680],"class_list":{"0":"post-36862","1":"product","2":"type-product","3":"status-publish","4":"has-post-thumbnail","6":"pwb-brand-eucerin","7":"product_cat-foot-care","8":"product_tag-eczema","9":"product_tag-1034","10":"product_tag-moisturizing","11":"product_tag-1039","12":"product_tag-dryness","14":"first","15":"instock","16":"shipping-taxable","17":"purchasable","18":"product-type-variable","19":"has-default-attributes","20":"wvs-archive-product-wrapper"},"brands":[{"id":439,"name":"Eucerin","slug":"eucerin"}],"_links":{"self":[{"href":"https:\/\/gopinkish.com\/fr\/wp-json\/wp\/v2\/product\/36862","targetHints":{"allow":["GET"]}}],"collection":[{"href":"https:\/\/gopinkish.com\/fr\/wp-json\/wp\/v2\/product"}],"about":[{"href":"https:\/\/gopinkish.com\/fr\/wp-json\/wp\/v2\/types\/product"}],"wp:featuredmedia":[{"embeddable":true,"href":"https:\/\/gopinkish.com\/fr\/wp-json\/wp\/v2\/media\/36790"}],"wp:attachment":[{"href":"https:\/\/gopinkish.com\/fr\/wp-json\/wp\/v2\/media?parent=36862"}],"wp:term":[{"taxonomy":"pwb-brand","embeddable":true,"href":"https:\/\/gopinkish.com\/fr\/wp-json\/wp\/v2\/pwb-brand?post=36862"},{"taxonomy":"product_brand","embeddable":true,"href":"https:\/\/gopinkish.com\/fr\/wp-json\/wp\/v2\/product_brand?post=36862"},{"taxonomy":"product_cat","embeddable":true,"href":"https:\/\/gopinkish.com\/fr\/wp-json\/wp\/v2\/product_cat?post=36862"},{"taxonomy":"product_tag","embeddable":true,"href":"https:\/\/gopinkish.com\/fr\/wp-json\/wp\/v2\/product_tag?post=36862"}],"curies":[{"name":"wp","href":"https:\/\/api.w.org\/{rel}","templated":true}]}}