{"id":36860,"date":"2026-03-08T19:35:54","date_gmt":"2026-03-08T18:35:54","guid":{"rendered":"https:\/\/gopinkish.com\/?post_type=product&#038;p=36860"},"modified":"2026-03-26T11:58:46","modified_gmt":"2026-03-26T10:58:46","slug":"3600524128968","status":"publish","type":"product","link":"https:\/\/gopinkish.com\/fr\/produit\/3600524128968\/","title":{"rendered":"Lotion s\u00e9rum \u00e9claircissante pour \u00e9liminer les taches brunes"},"content":{"rendered":"<p style=\"text-align: justify;\">L'Or\u00e9al Paris Bright Reveal Spot Fading Serum in Cleanser est un s\u00e9rum nettoyant \u00e9claircissant innovant qui combine un nettoyage en profondeur et un traitement des taches brunes. Il contient du niacinamide et de l'acide glycolique pour \u00e9claircir et unifier le teint \u00e0 chaque utilisation.<\/p>\n<p><strong>Principaux ingr\u00e9dients et caract\u00e9ristiques<\/strong><\/p>\n<ul>\n<li>Niacinamide \u00e9claircissant pour unifier le teint de la peau<\/li>\n<li>Acide glycolique pour une exfoliation douce et un renouvellement cellulaire<\/li>\n<li>Formule de s\u00e9rum enrichie d'ingr\u00e9dients efficaces<\/li>\n<li>Une texture cr\u00e9meuse qui nettoie et soigne en m\u00eame temps<\/li>\n<\/ul>\n<p><strong>Principales caract\u00e9ristiques et avantages<\/strong><\/p>\n<ul>\n<li>Minimise l'apparence des taches brunes \u00e0 chaque utilisation<\/li>\n<li>Nettoie la peau en profondeur et \u00e9limine les impuret\u00e9s<\/li>\n<li>Unifie le teint et donne un \u00e9clat naturel \u00e0 la peau<\/li>\n<li>Convient \u00e0 un usage quotidien comme \u00e9tape de nettoyage l\u00e9ger<\/li>\n<\/ul>\n<p style=\"text-align: center;\">\ud83c\uddec\ud83c\udde7 L'Or\u00e9al Paris - Bright Reveal Spot Fading Serum in Cleanser<\/p>\n<p style=\"text-align: center;\">\ud83c\uddeb\ud83c\uddf7 L'Or\u00e9al Paris - Bright Reveal S\u00e9rum Anti-Taches en Nettoyant<\/p>","protected":false},"excerpt":{"rendered":"<p>\u0645\u0646\u062a\u062c Bright Reveal Spot Fading Serum in Cleanser \u0645\u0646 L&#8217;Or\u00e9al Paris \u0647\u0648 \u063a\u0633\u0648\u0644 \u0645\u0628\u062a\u0643\u0631 \u0628\u062a\u0642\u0646\u064a\u0629 \u0627\u0644\u0633\u064a\u0631\u0648\u0645 \u0627\u0644\u0645\u0641\u062a\u062d \u064a\u062c\u0645\u0639 \u0628\u064a\u0646 \u0627\u0644\u062a\u0646\u0638\u064a\u0641 \u0627\u0644\u0639\u0645\u064a\u0642 \u0648\u0645\u0639\u0627\u0644\u062c\u0629 \u0627\u0644\u0628\u0642\u0639 \u0627\u0644\u062f\u0627\u0643\u0646\u0629. \u064a\u062d\u062a\u0648\u064a \u0639\u0644\u0649 \u0627\u0644\u0646\u064a\u0627\u0633\u064a\u0646\u0627\u0645\u064a\u062f \u0648\u062d\u0645\u0636 \u0627\u0644\u063a\u0644\u064a\u0643\u0648\u0644\u064a\u0643 \u0644\u062a\u0641\u062a\u064a\u062d \u0627\u0644\u0628\u0634\u0631\u0629 \u0648\u062a\u0648\u062d\u064a\u062f \u0644\u0648\u0646\u0647\u0627 \u0645\u0639 \u0643\u0644 \u0627\u0633\u062a\u062e\u062f\u0627\u0645. \u0627\u0644\u0645\u0643\u0648\u0646\u0627\u062a \u0648\u0627\u0644\u062e\u0635\u0627\u0626\u0635 \u0627\u0644\u0631\u0626\u064a\u0633\u064a\u0629 \u0627\u0644\u0646\u064a\u0627\u0633\u064a\u0646\u0627\u0645\u064a\u062f \u0627\u0644\u0645\u0641\u062a\u062d \u0644\u062a\u0648\u062d\u064a\u062f \u0644\u0648\u0646 \u0627\u0644\u0628\u0634\u0631\u0629 \u062d\u0645\u0636 \u0627\u0644\u063a\u0644\u064a\u0643\u0648\u0644\u064a\u0643 \u0644\u062a\u0642\u0634\u064a\u0631 \u0644\u0637\u064a\u0641 \u0648\u062a\u062c\u062f\u064a\u062f \u0627\u0644\u062e\u0644\u0627\u064a\u0627 \u062a\u0631\u0643\u064a\u0628\u0629 \u0633\u064a\u0631\u0648\u0645 \u063a\u0646\u064a\u0629 \u0628\u0645\u0643\u0648\u0646\u0627\u062a \u0641\u0639\u0627\u0644\u0629 [&hellip;]<\/p>\n","protected":false},"featured_media":36789,"template":"","meta":[],"pwb-brand":[239],"product_brand":[],"product_cat":[1123,1119],"product_tag":[675,685,693,671],"class_list":{"0":"post-36860","1":"product","2":"type-product","3":"status-publish","4":"has-post-thumbnail","6":"pwb-brand-loreal","7":"product_cat-face-bright","8":"product_cat-face-wash","9":"product_tag-spots","10":"product_tag-brightening","11":"product_tag-cleansing","12":"product_tag-pigmentation","14":"first","15":"instock","16":"shipping-taxable","17":"purchasable","18":"product-type-variable","19":"has-default-attributes","20":"wvs-archive-product-wrapper"},"brands":[{"id":239,"name":"L'Or\u00e9al Paris","slug":"loreal"}],"_links":{"self":[{"href":"https:\/\/gopinkish.com\/fr\/wp-json\/wp\/v2\/product\/36860","targetHints":{"allow":["GET"]}}],"collection":[{"href":"https:\/\/gopinkish.com\/fr\/wp-json\/wp\/v2\/product"}],"about":[{"href":"https:\/\/gopinkish.com\/fr\/wp-json\/wp\/v2\/types\/product"}],"wp:featuredmedia":[{"embeddable":true,"href":"https:\/\/gopinkish.com\/fr\/wp-json\/wp\/v2\/media\/36789"}],"wp:attachment":[{"href":"https:\/\/gopinkish.com\/fr\/wp-json\/wp\/v2\/media?parent=36860"}],"wp:term":[{"taxonomy":"pwb-brand","embeddable":true,"href":"https:\/\/gopinkish.com\/fr\/wp-json\/wp\/v2\/pwb-brand?post=36860"},{"taxonomy":"product_brand","embeddable":true,"href":"https:\/\/gopinkish.com\/fr\/wp-json\/wp\/v2\/product_brand?post=36860"},{"taxonomy":"product_cat","embeddable":true,"href":"https:\/\/gopinkish.com\/fr\/wp-json\/wp\/v2\/product_cat?post=36860"},{"taxonomy":"product_tag","embeddable":true,"href":"https:\/\/gopinkish.com\/fr\/wp-json\/wp\/v2\/product_tag?post=36860"}],"curies":[{"name":"wp","href":"https:\/\/api.w.org\/{rel}","templated":true}]}}