{"id":36858,"date":"2026-03-08T19:35:53","date_gmt":"2026-03-08T18:35:53","guid":{"rendered":"https:\/\/gopinkish.com\/?post_type=product&#038;p=36858"},"modified":"2026-04-23T11:01:18","modified_gmt":"2026-04-23T10:01:18","slug":"3178041361378","status":"publish","type":"product","link":"https:\/\/gopinkish.com\/fr\/produit\/3178041361378\/","title":{"rendered":"Gel de fixation \u00e0 haute r\u00e9sistance qui dure 72 heures"},"content":{"rendered":"<p style=\"text-align: justify;\">Taft Force Maxx 8 de Schwarzkopf est un gel coiffant ultra-fort qui offre jusqu'\u00e0 72 heures de tenue. Con\u00e7u pour les hommes qui recherchent une tenue fiable et durable pour leurs coiffures avec une r\u00e9sistance sup\u00e9rieure aux diff\u00e9rentes conditions climatiques pendant plusieurs jours.<\/p>\n<p><strong>Principaux ingr\u00e9dients et caract\u00e9ristiques<\/strong><\/p>\n<ul>\n<li>Technologie de stabilisation de 72 heures<\/li>\n<li>Stabilisation de grade 8 \u00e0 haute r\u00e9sistance<\/li>\n<li>Formule r\u00e9sistante aux intemp\u00e9ries<\/li>\n<li>Texture gel riche \u00e0 haut pouvoir de r\u00e9tention<\/li>\n<\/ul>\n<p><strong>Principales caract\u00e9ristiques et avantages<\/strong><\/p>\n<ul>\n<li>Jusqu'\u00e0 72 heures de stabilisation<\/li>\n<li>R\u00e9sistant au vent, \u00e0 l'humidit\u00e9 et au mouvement<\/li>\n<li>Maintient votre coiffure en forme pendant plusieurs jours<\/li>\n<li>Convient aux coiffures n\u00e9cessitant une tenue longue dur\u00e9e<\/li>\n<\/ul>\n<p style=\"text-align: center;\">\ud83c\uddec\ud83c\udde7 Schwarzkopf Taft Force Maxx 8 - Fixation tr\u00e8s forte jusqu'\u00e0 72h<\/p>\n<p style=\"text-align: center;\">\ud83c\uddeb\ud83c\uddf7 Schwarzkopf Taft Force Maxx 8 - Fixation Tr\u00e8s Forte Tenue Jusqu'\u00e0 72h<\/p>","protected":false},"excerpt":{"rendered":"<p>\u0645\u0646\u062a\u062c Taft Force Maxx 8 \u0645\u0646 Schwarzkopf \u0647\u0648 \u062c\u0644 \u062a\u062b\u0628\u064a\u062a \u0634\u062f\u064a\u062f \u0627\u0644\u0642\u0648\u0629 \u064a\u0648\u0641\u0631 \u062b\u0628\u0627\u062a\u0627 \u064a\u062f\u0648\u0645 \u062d\u062a\u0649 72 \u0633\u0627\u0639\u0629. \u0645\u0635\u0645\u0645 \u0644\u0644\u0631\u062c\u0627\u0644 \u0627\u0644\u0630\u064a\u0646 \u064a\u0628\u062d\u062b\u0648\u0646 \u0639\u0646 \u062a\u062b\u0628\u064a\u062a \u0645\u0648\u062b\u0648\u0642 \u0648\u0637\u0648\u064a\u0644 \u0627\u0644\u0623\u0645\u062f \u0644\u062a\u0633\u0631\u064a\u062d\u0627\u062a\u0647\u0645 \u0645\u0639 \u0645\u0642\u0627\u0648\u0645\u0629 \u0641\u0627\u0626\u0642\u0629 \u0644\u0644\u0638\u0631\u0648\u0641 \u0627\u0644\u062c\u0648\u064a\u0629 \u0627\u0644\u0645\u062e\u062a\u0644\u0641\u0629 \u0637\u0648\u0627\u0644 \u0639\u062f\u0629 \u0623\u064a\u0627\u0645. \u0627\u0644\u0645\u0643\u0648\u0646\u0627\u062a \u0648\u0627\u0644\u062e\u0635\u0627\u0626\u0635 \u0627\u0644\u0631\u0626\u064a\u0633\u064a\u0629 \u062a\u0642\u0646\u064a\u0629 \u0627\u0644\u062a\u062b\u0628\u064a\u062a \u062d\u062a\u0649 72 \u0633\u0627\u0639\u0629 \u062f\u0631\u062c\u0629 \u062a\u062b\u0628\u064a\u062a 8 \u0634\u062f\u064a\u062f\u0629 \u0627\u0644\u0642\u0648\u0629 \u062a\u0631\u0643\u064a\u0628\u0629 \u0645\u0642\u0627\u0648\u0645\u0629 \u0644\u0644\u0639\u0648\u0627\u0645\u0644 \u0627\u0644\u062e\u0627\u0631\u062c\u064a\u0629 \u0642\u0648\u0627\u0645 [&hellip;]<\/p>\n","protected":false},"featured_media":36784,"template":"","meta":[],"pwb-brand":[732],"product_brand":[],"product_cat":[1152],"product_tag":[1459],"class_list":{"0":"post-36858","1":"product","2":"type-product","3":"status-publish","4":"has-post-thumbnail","6":"pwb-brand-schwarzkopf","7":"product_cat-hair-cream","8":"product_tag-1459","10":"first","11":"instock","12":"shipping-taxable","13":"purchasable","14":"product-type-variable","15":"has-default-attributes","16":"wvs-archive-product-wrapper"},"brands":[{"id":732,"name":"Schwarzkopf","slug":"schwarzkopf"}],"_links":{"self":[{"href":"https:\/\/gopinkish.com\/fr\/wp-json\/wp\/v2\/product\/36858","targetHints":{"allow":["GET"]}}],"collection":[{"href":"https:\/\/gopinkish.com\/fr\/wp-json\/wp\/v2\/product"}],"about":[{"href":"https:\/\/gopinkish.com\/fr\/wp-json\/wp\/v2\/types\/product"}],"wp:featuredmedia":[{"embeddable":true,"href":"https:\/\/gopinkish.com\/fr\/wp-json\/wp\/v2\/media\/36784"}],"wp:attachment":[{"href":"https:\/\/gopinkish.com\/fr\/wp-json\/wp\/v2\/media?parent=36858"}],"wp:term":[{"taxonomy":"pwb-brand","embeddable":true,"href":"https:\/\/gopinkish.com\/fr\/wp-json\/wp\/v2\/pwb-brand?post=36858"},{"taxonomy":"product_brand","embeddable":true,"href":"https:\/\/gopinkish.com\/fr\/wp-json\/wp\/v2\/product_brand?post=36858"},{"taxonomy":"product_cat","embeddable":true,"href":"https:\/\/gopinkish.com\/fr\/wp-json\/wp\/v2\/product_cat?post=36858"},{"taxonomy":"product_tag","embeddable":true,"href":"https:\/\/gopinkish.com\/fr\/wp-json\/wp\/v2\/product_tag?post=36858"}],"curies":[{"name":"wp","href":"https:\/\/api.w.org\/{rel}","templated":true}]}}