{"id":36856,"date":"2026-03-08T19:35:52","date_gmt":"2026-03-08T18:35:52","guid":{"rendered":"https:\/\/gopinkish.com\/?post_type=product&#038;p=36856"},"modified":"2026-03-12T11:50:02","modified_gmt":"2026-03-12T10:50:02","slug":"3178041361330","status":"publish","type":"product","link":"https:\/\/gopinkish.com\/fr\/produit\/3178041361330\/","title":{"rendered":"Gel de maintien avec un effet de brillance humide pour les cheveux"},"content":{"rendered":"<p style=\"text-align: justify;\">Schwarzkopf Taft Effet Mouill\u00e9 3 est un gel \u00e0 tenue moyenne qui donne aux cheveux un fini brillant avec un effet \u00e9l\u00e9gant de cheveux mouill\u00e9s. Il est formul\u00e9 pour apporter une brillance intense avec une tenue l\u00e9g\u00e8re qui permet aux cheveux de conserver leur mouvement naturel et leur texture douce.<\/p>\n<p><strong>Principaux ingr\u00e9dients et caract\u00e9ristiques<\/strong><\/p>\n<ul>\n<li>Formule effet cheveux mouill\u00e9s pour une brillance intense<\/li>\n<li>Fixation normale 3 pour un look naturel<\/li>\n<li>Texture gel transparente qui ne laisse aucun r\u00e9sidu<\/li>\n<li>Donne aux cheveux une brillance \u00e9clatante<\/li>\n<\/ul>\n<p><strong>Principales caract\u00e9ristiques et avantages<\/strong><\/p>\n<ul>\n<li>Brillance intense avec un effet hydratant moderne<\/li>\n<li>Tenue l\u00e9g\u00e8re qui permet aux cheveux de bouger<\/li>\n<li>Convient aux looks classiques et quotidiens<\/li>\n<li>Facile \u00e0 appliquer et \u00e0 retirer<\/li>\n<\/ul>\n<p style=\"text-align: center;\">\ud83c\uddec\ud83c\udde7 Schwarzkopf Taft Wet Look 3 Gel - Normal Fixation Intense Shine<\/p>\n<p style=\"text-align: center;\">\ud83c\uddeb\ud83c\uddf7 Schwarzkopf Taft Effet Mouill\u00e9 3 Gel - Fixation Normale Brillance Intense<\/p>","protected":false},"excerpt":{"rendered":"<p>\u0645\u0646\u062a\u062c Taft Effet Mouill\u00e9 3 \u0645\u0646 Schwarzkopf \u0647\u0648 \u062c\u0644 \u062a\u062b\u0628\u064a\u062a \u0628\u062f\u0631\u062c\u0629 \u0639\u0627\u062f\u064a\u0629 \u064a\u0645\u0646\u062d \u0627\u0644\u0634\u0639\u0631 \u0645\u0638\u0647\u0631\u0627 \u0644\u0627\u0645\u0639\u0627 \u0628\u062a\u0623\u062b\u064a\u0631 \u0627\u0644\u0634\u0639\u0631 \u0627\u0644\u0631\u0637\u0628 \u0627\u0644\u0623\u0646\u064a\u0642. \u064a\u062a\u0645\u064a\u0632 \u0628\u062a\u0631\u0643\u064a\u0628\u062a\u0647 \u0627\u0644\u062a\u064a \u062a\u0648\u0641\u0631 \u0644\u0645\u0639\u0627\u0646\u0627 \u0645\u0643\u062b\u0641\u0627 \u0645\u0639 \u062a\u062b\u0628\u064a\u062a \u062e\u0641\u064a\u0641 \u064a\u0633\u0645\u062d \u0628\u0627\u0644\u062d\u0641\u0627\u0638 \u0639\u0644\u0649 \u062d\u0631\u0643\u0629 \u0627\u0644\u0634\u0639\u0631 \u0627\u0644\u0637\u0628\u064a\u0639\u064a\u0629 \u0648\u0645\u0644\u0645\u0633\u0647 \u0627\u0644\u0646\u0627\u0639\u0645. \u0627\u0644\u0645\u0643\u0648\u0646\u0627\u062a \u0648\u0627\u0644\u062e\u0635\u0627\u0626\u0635 \u0627\u0644\u0631\u0626\u064a\u0633\u064a\u0629 \u062a\u0631\u0643\u064a\u0628\u0629 \u062a\u0623\u062b\u064a\u0631 \u0627\u0644\u0634\u0639\u0631 \u0627\u0644\u0631\u0637\u0628 \u0644\u0644\u0645\u0639\u0627\u0646 \u0645\u0643\u062b\u0641 \u062f\u0631\u062c\u0629 \u062a\u062b\u0628\u064a\u062a 3 \u0639\u0627\u062f\u064a\u0629 \u0644\u0645\u0638\u0647\u0631 \u0637\u0628\u064a\u0639\u064a \u0642\u0648\u0627\u0645 \u062c\u0644 \u0634\u0641\u0627\u0641 [&hellip;]<\/p>\n","protected":false},"featured_media":36780,"template":"","meta":[],"pwb-brand":[732],"product_brand":[],"product_cat":[1152],"product_tag":[1459],"class_list":{"0":"post-36856","1":"product","2":"type-product","3":"status-publish","4":"has-post-thumbnail","6":"pwb-brand-schwarzkopf","7":"product_cat-hair-cream","8":"product_tag-1459","10":"first","11":"instock","12":"shipping-taxable","13":"purchasable","14":"product-type-variable","15":"has-default-attributes","16":"wvs-archive-product-wrapper"},"brands":[{"id":732,"name":"Schwarzkopf","slug":"schwarzkopf"}],"_links":{"self":[{"href":"https:\/\/gopinkish.com\/fr\/wp-json\/wp\/v2\/product\/36856","targetHints":{"allow":["GET"]}}],"collection":[{"href":"https:\/\/gopinkish.com\/fr\/wp-json\/wp\/v2\/product"}],"about":[{"href":"https:\/\/gopinkish.com\/fr\/wp-json\/wp\/v2\/types\/product"}],"wp:featuredmedia":[{"embeddable":true,"href":"https:\/\/gopinkish.com\/fr\/wp-json\/wp\/v2\/media\/36780"}],"wp:attachment":[{"href":"https:\/\/gopinkish.com\/fr\/wp-json\/wp\/v2\/media?parent=36856"}],"wp:term":[{"taxonomy":"pwb-brand","embeddable":true,"href":"https:\/\/gopinkish.com\/fr\/wp-json\/wp\/v2\/pwb-brand?post=36856"},{"taxonomy":"product_brand","embeddable":true,"href":"https:\/\/gopinkish.com\/fr\/wp-json\/wp\/v2\/product_brand?post=36856"},{"taxonomy":"product_cat","embeddable":true,"href":"https:\/\/gopinkish.com\/fr\/wp-json\/wp\/v2\/product_cat?post=36856"},{"taxonomy":"product_tag","embeddable":true,"href":"https:\/\/gopinkish.com\/fr\/wp-json\/wp\/v2\/product_tag?post=36856"}],"curies":[{"name":"wp","href":"https:\/\/api.w.org\/{rel}","templated":true}]}}