{"id":36854,"date":"2026-03-08T19:35:50","date_gmt":"2026-03-08T18:35:50","guid":{"rendered":"https:\/\/gopinkish.com\/?post_type=product&#038;p=36854"},"modified":"2026-03-08T22:41:44","modified_gmt":"2026-03-08T21:41:44","slug":"3178041361439","status":"publish","type":"product","link":"https:\/\/gopinkish.com\/fr\/produit\/3178041361439\/","title":{"rendered":"Gel stabilisant \u00e0 haute r\u00e9sistance et \u00e0 s\u00e9chage rapide"},"content":{"rendered":"<p style=\"text-align: justify;\">Schwarzkopf Taft V12 Gel est un gel \u00e0 tenue ultra-forte avec une technologie de s\u00e9chage rapide inspir\u00e9e par la puissance des moteurs V12. Il donne aux cheveux une tenue forte avec un s\u00e9chage rapide pour gagner du temps lors du coiffage quotidien et obtenir un look parfait en un rien de temps.<\/p>\n<p><strong>Principaux ingr\u00e9dients et caract\u00e9ristiques<\/strong><\/p>\n<ul>\n<li>Technologie de s\u00e9chage rapide pour un coiffage plus rapide<\/li>\n<li>Niveau de stabilisation extr\u00eamement \u00e9lev\u00e9<\/li>\n<li>Une formule l\u00e9g\u00e8re qui n'alourdit pas les cheveux<\/li>\n<li>Texture gel lisse pour une distribution facile<\/li>\n<\/ul>\n<p><strong>Principales caract\u00e9ristiques et avantages<\/strong><\/p>\n<ul>\n<li>S\u00e8che tr\u00e8s rapidement, ce qui permet d'\u00e9conomiser du temps de coiffage<\/li>\n<li>Une stabilisation puissante qui dure toute la journ\u00e9e<\/li>\n<li>Ne laisse aucun r\u00e9sidu collant ou r\u00e9sidu sur les cheveux<\/li>\n<li>Convient \u00e0 un usage quotidien pour tous les types de cheveux<\/li>\n<\/ul>\n<p style=\"text-align: center;\">\ud83c\uddec\ud83c\udde7 Schwarzkopf Taft V12 Gel - Fixation Extra Forte Express Dry<\/p>\n<p style=\"text-align: center;\">\ud83c\uddeb\ud83c\uddf7 Schwarzkopf Taft V12 Gel - Fixation Extra Forte S\u00e9chage Express<\/p>","protected":false},"excerpt":{"rendered":"<p>\u0645\u0646\u062a\u062c Taft V12 Gel \u0645\u0646 Schwarzkopf \u0647\u0648 \u062c\u0644 \u062a\u062b\u0628\u064a\u062a \u0634\u062f\u064a\u062f \u0627\u0644\u0642\u0648\u0629 \u0628\u062a\u0642\u0646\u064a\u0629 \u0627\u0644\u062c\u0641\u0627\u0641 \u0627\u0644\u0633\u0631\u064a\u0639 \u0627\u0644\u0645\u0633\u062a\u0648\u062d\u0627\u0629 \u0645\u0646 \u0642\u0648\u0629 \u0645\u062d\u0631\u0643\u0627\u062a V12. \u064a\u0645\u0646\u062d \u0627\u0644\u0634\u0639\u0631 \u062a\u062b\u0628\u064a\u062a\u0627 \u0642\u0648\u064a\u0627 \u0645\u0639 \u062c\u0641\u0627\u0641 \u0633\u0631\u064a\u0639 \u0644\u062a\u0648\u0641\u064a\u0631 \u0627\u0644\u0648\u0642\u062a \u0623\u062b\u0646\u0627\u0621 \u0627\u0644\u062a\u0635\u0641\u064a\u0641 \u0627\u0644\u064a\u0648\u0645\u064a \u0648\u0627\u0644\u062d\u0635\u0648\u0644 \u0639\u0644\u0649 \u0645\u0638\u0647\u0631 \u0645\u062b\u0627\u0644\u064a \u0641\u064a \u0648\u0642\u062a \u0642\u0635\u064a\u0631. \u0627\u0644\u0645\u0643\u0648\u0646\u0627\u062a \u0648\u0627\u0644\u062e\u0635\u0627\u0626\u0635 \u0627\u0644\u0631\u0626\u064a\u0633\u064a\u0629 \u062a\u0642\u0646\u064a\u0629 \u0627\u0644\u062c\u0641\u0627\u0641 \u0627\u0644\u0633\u0631\u064a\u0639 \u0644\u062a\u0635\u0641\u064a\u0641 \u0623\u0633\u0631\u0639 \u062f\u0631\u062c\u0629 \u062a\u062b\u0628\u064a\u062a \u0634\u062f\u064a\u062f\u0629 \u0627\u0644\u0642\u0648\u0629 \u062a\u0631\u0643\u064a\u0628\u0629 \u062e\u0641\u064a\u0641\u0629 \u0644\u0627 \u062a\u062b\u0642\u0644 \u0627\u0644\u0634\u0639\u0631 [&hellip;]<\/p>\n","protected":false},"featured_media":36776,"template":"","meta":[],"pwb-brand":[732],"product_brand":[],"product_cat":[1152],"product_tag":[1050,1459],"class_list":{"0":"post-36854","1":"product","2":"type-product","3":"status-publish","4":"has-post-thumbnail","6":"pwb-brand-schwarzkopf","7":"product_cat-hair-cream","8":"product_tag-1050","9":"product_tag-1459","11":"first","12":"instock","13":"shipping-taxable","14":"purchasable","15":"product-type-variable","16":"has-default-attributes","17":"wvs-archive-product-wrapper"},"brands":[{"id":732,"name":"Schwarzkopf","slug":"schwarzkopf"}],"_links":{"self":[{"href":"https:\/\/gopinkish.com\/fr\/wp-json\/wp\/v2\/product\/36854","targetHints":{"allow":["GET"]}}],"collection":[{"href":"https:\/\/gopinkish.com\/fr\/wp-json\/wp\/v2\/product"}],"about":[{"href":"https:\/\/gopinkish.com\/fr\/wp-json\/wp\/v2\/types\/product"}],"wp:featuredmedia":[{"embeddable":true,"href":"https:\/\/gopinkish.com\/fr\/wp-json\/wp\/v2\/media\/36776"}],"wp:attachment":[{"href":"https:\/\/gopinkish.com\/fr\/wp-json\/wp\/v2\/media?parent=36854"}],"wp:term":[{"taxonomy":"pwb-brand","embeddable":true,"href":"https:\/\/gopinkish.com\/fr\/wp-json\/wp\/v2\/pwb-brand?post=36854"},{"taxonomy":"product_brand","embeddable":true,"href":"https:\/\/gopinkish.com\/fr\/wp-json\/wp\/v2\/product_brand?post=36854"},{"taxonomy":"product_cat","embeddable":true,"href":"https:\/\/gopinkish.com\/fr\/wp-json\/wp\/v2\/product_cat?post=36854"},{"taxonomy":"product_tag","embeddable":true,"href":"https:\/\/gopinkish.com\/fr\/wp-json\/wp\/v2\/product_tag?post=36854"}],"curies":[{"name":"wp","href":"https:\/\/api.w.org\/{rel}","templated":true}]}}