{"id":36852,"date":"2026-03-08T19:35:49","date_gmt":"2026-03-08T18:35:49","guid":{"rendered":"https:\/\/gopinkish.com\/?post_type=product&#038;p=36852"},"modified":"2026-03-29T10:28:24","modified_gmt":"2026-03-29T09:28:24","slug":"5410091771317","status":"publish","type":"product","link":"https:\/\/gopinkish.com\/fr\/produit\/5410091771317\/","title":{"rendered":"Gel coiffant instantan\u00e9"},"content":{"rendered":"<p style=\"text-align: justify;\">Schwarzkopf Taft Super Glue 14 Styling Gel est un gel coiffant ultra-fort con\u00e7u pour donner aux cheveux une tenue instantan\u00e9e et durable. Sa formule haute performance offre une tenue maximale pour des coiffures audacieuses et cr\u00e9atives avec une r\u00e9sistance exceptionnelle tout au long de la journ\u00e9e.<\/p>\n<p><strong>Principaux ingr\u00e9dients et caract\u00e9ristiques<\/strong><\/p>\n<ul>\n<li>Un score de stabilisation de 14, le plus \u00e9lev\u00e9 du groupe Taft<\/li>\n<li>Formule ultra-visqueuse pour une stabilisation instantan\u00e9e<\/li>\n<li>Texture gel riche et facile \u00e0 appliquer<\/li>\n<li>Convient aux coiffures qui n\u00e9cessitent une tenue forte<\/li>\n<\/ul>\n<p><strong>Principales caract\u00e9ristiques et avantages<\/strong><\/p>\n<ul>\n<li>Fixation instantan\u00e9e apr\u00e8s application sur les cheveux<\/li>\n<li>Tient toute la journ\u00e9e sans qu'il soit n\u00e9cessaire de renouveler l'application<\/li>\n<li>Parfait pour les coiffures audacieuses et les chignons<\/li>\n<li>S'\u00e9limine facilement \u00e0 l'eau et au shampoing<\/li>\n<\/ul>\n<p style=\"text-align: center;\">\ud83c\uddec\ud83c\udde7 Schwarzkopf Taft Super Glue 14 - Styling Gel Instant Fixing<\/p>\n<p style=\"text-align: center;\">\ud83c\uddeb\ud83c\uddf7 Schwarzkopf Taft Super Glue 14 - Gel Coiffant Fixation Instantan\u00e9e<\/p>","protected":false},"excerpt":{"rendered":"<p>\u0645\u0646\u062a\u062c Taft Super Glue 14 Styling Gel \u0645\u0646 Schwarzkopf \u0647\u0648 \u062c\u0644 \u062a\u0635\u0641\u064a\u0641 \u0628\u062f\u0631\u062c\u0629 \u062a\u062b\u0628\u064a\u062a \u0641\u0627\u0626\u0642\u0629 \u0627\u0644\u0642\u0648\u0629 \u0645\u0635\u0645\u0645 \u0644\u0645\u0646\u062d \u0627\u0644\u0634\u0639\u0631 \u062b\u0628\u0627\u062a\u0627 \u0641\u0648\u0631\u064a\u0627 \u0648\u0645\u062a\u064a\u0646\u0627. \u064a\u062a\u0645\u064a\u0632 \u0628\u062a\u0631\u0643\u064a\u0628\u062a\u0647 \u0639\u0627\u0644\u064a\u0629 \u0627\u0644\u0623\u062f\u0627\u0621 \u0627\u0644\u062a\u064a \u062a\u0648\u0641\u0631 \u0623\u0642\u0635\u0649 \u062f\u0631\u062c\u0627\u062a \u0627\u0644\u062a\u062b\u0628\u064a\u062a \u0644\u062a\u0633\u0631\u064a\u062d\u0627\u062a \u0627\u0644\u0634\u0639\u0631 \u0627\u0644\u062c\u0631\u064a\u0626\u0629 \u0648\u0627\u0644\u0645\u0628\u062a\u0643\u0631\u0629 \u0645\u0639 \u0645\u0642\u0627\u0648\u0645\u0629 \u0627\u0633\u062a\u062b\u0646\u0627\u0626\u064a\u0629 \u0637\u0648\u0627\u0644 \u0627\u0644\u064a\u0648\u0645. \u0627\u0644\u0645\u0643\u0648\u0646\u0627\u062a \u0648\u0627\u0644\u062e\u0635\u0627\u0626\u0635 \u0627\u0644\u0631\u0626\u064a\u0633\u064a\u0629 \u062f\u0631\u062c\u0629 \u062a\u062b\u0628\u064a\u062a 14 \u0648\u0647\u064a \u0627\u0644\u0623\u0639\u0644\u0649 \u0641\u064a \u0645\u062c\u0645\u0648\u0639\u0629 \u062a\u0627\u0641\u062a \u062a\u0631\u0643\u064a\u0628\u0629 \u0641\u0627\u0626\u0642\u0629 \u0627\u0644\u0644\u0632\u0648\u062c\u0629 \u0644\u062a\u062b\u0628\u064a\u062a [&hellip;]<\/p>\n","protected":false},"featured_media":36772,"template":"","meta":[],"pwb-brand":[732],"product_brand":[],"product_cat":[1152],"product_tag":[1459],"class_list":{"0":"post-36852","1":"product","2":"type-product","3":"status-publish","4":"has-post-thumbnail","6":"pwb-brand-schwarzkopf","7":"product_cat-hair-cream","8":"product_tag-1459","10":"first","11":"instock","12":"shipping-taxable","13":"purchasable","14":"product-type-variable","15":"has-default-attributes","16":"wvs-archive-product-wrapper"},"brands":[{"id":732,"name":"Schwarzkopf","slug":"schwarzkopf"}],"_links":{"self":[{"href":"https:\/\/gopinkish.com\/fr\/wp-json\/wp\/v2\/product\/36852","targetHints":{"allow":["GET"]}}],"collection":[{"href":"https:\/\/gopinkish.com\/fr\/wp-json\/wp\/v2\/product"}],"about":[{"href":"https:\/\/gopinkish.com\/fr\/wp-json\/wp\/v2\/types\/product"}],"wp:featuredmedia":[{"embeddable":true,"href":"https:\/\/gopinkish.com\/fr\/wp-json\/wp\/v2\/media\/36772"}],"wp:attachment":[{"href":"https:\/\/gopinkish.com\/fr\/wp-json\/wp\/v2\/media?parent=36852"}],"wp:term":[{"taxonomy":"pwb-brand","embeddable":true,"href":"https:\/\/gopinkish.com\/fr\/wp-json\/wp\/v2\/pwb-brand?post=36852"},{"taxonomy":"product_brand","embeddable":true,"href":"https:\/\/gopinkish.com\/fr\/wp-json\/wp\/v2\/product_brand?post=36852"},{"taxonomy":"product_cat","embeddable":true,"href":"https:\/\/gopinkish.com\/fr\/wp-json\/wp\/v2\/product_cat?post=36852"},{"taxonomy":"product_tag","embeddable":true,"href":"https:\/\/gopinkish.com\/fr\/wp-json\/wp\/v2\/product_tag?post=36852"}],"curies":[{"name":"wp","href":"https:\/\/api.w.org\/{rel}","templated":true}]}}