{"id":36850,"date":"2026-03-08T19:35:30","date_gmt":"2026-03-08T18:35:30","guid":{"rendered":"https:\/\/gopinkish.com\/?post_type=product&#038;p=36850"},"modified":"2026-04-13T15:33:33","modified_gmt":"2026-04-13T14:33:33","slug":"3178041361415","status":"publish","type":"product","link":"https:\/\/gopinkish.com\/fr\/produit\/3178041361415\/","title":{"rendered":"Gel fixateur r\u00e9sistant \u00e0 l'humidit\u00e9 pour les cheveux"},"content":{"rendered":"<p style=\"text-align: justify;\">Le gel Taft Titane 6 de Schwarzkopf est un gel \u00e0 forte tenue con\u00e7u pour donner aux cheveux une tenue ferme et durable tout au long de la journ\u00e9e. Sa formule r\u00e9sistante \u00e0 l'humidit\u00e9 maintient les cheveux en forme m\u00eame dans des conditions humides. Il offre une tenue forte adapt\u00e9e \u00e0 un usage quotidien tout en conservant une texture de cheveux d'apparence naturelle.<\/p>\n<p><strong>Principaux ingr\u00e9dients et caract\u00e9ristiques<\/strong><\/p>\n<ul>\n<li>La formule r\u00e9sistante \u00e0 l'humidit\u00e9 prot\u00e8ge les cheveux des \u00e9l\u00e9ments.<\/li>\n<li>Le grade de stabilisation 6 offre une r\u00e9sistance moyenne \u00e0 \u00e9lev\u00e9e<\/li>\n<li>Une texture gel l\u00e9g\u00e8re qui s'applique facilement sur les cheveux<\/li>\n<li>Ne laisse pas de r\u00e9sidus blancs ni de sensation collante<\/li>\n<\/ul>\n<p><strong>Principales caract\u00e9ristiques et avantages<\/strong><\/p>\n<ul>\n<li>Donne aux cheveux une tenue forte qui dure jusqu'\u00e0 24 heures<\/li>\n<li>R\u00e9sistant \u00e0 l'humidit\u00e9 pour garder votre style en place dans toutes les conditions<\/li>\n<li>Convient \u00e0 tous les types de cheveux des hommes<\/li>\n<li>Facile \u00e0 laver et \u00e0 enlever avec de l'eau<\/li>\n<\/ul>\n<p style=\"text-align: center;\">\ud83c\uddec\ud83c\udde7 Schwarzkopf Taft Titane 6 Gel - Fixation forte R\u00e9sistant \u00e0 l'humidit\u00e9<\/p>\n<p style=\"text-align: center;\">\ud83c\uddeb\ud83c\uddf7 Schwarzkopf Taft Titane 6 Gel - Fixation Forte R\u00e9sistance Humidit\u00e9<\/p>","protected":false},"excerpt":{"rendered":"<p>\u0645\u0646\u062a\u062c Taft Titane 6 Gel \u0645\u0646 Schwarzkopf \u0647\u0648 \u062c\u0644 \u062a\u062b\u0628\u064a\u062a \u0642\u0648\u064a \u0645\u0635\u0645\u0645 \u0644\u0645\u0646\u062d \u0627\u0644\u0634\u0639\u0631 \u062a\u0633\u0631\u064a\u062d\u0629 \u062b\u0627\u0628\u062a\u0629 \u0648\u0645\u062a\u064a\u0646\u0629 \u0637\u0648\u0627\u0644 \u0627\u0644\u064a\u0648\u0645. \u064a\u062a\u0645\u064a\u0632 \u0628\u062a\u0631\u0643\u064a\u0628\u062a\u0647 \u0627\u0644\u0645\u0642\u0627\u0648\u0645\u0629 \u0644\u0644\u0631\u0637\u0648\u0628\u0629 \u0627\u0644\u062a\u064a \u062a\u062d\u0627\u0641\u0638 \u0639\u0644\u0649 \u0634\u0643\u0644 \u0627\u0644\u0634\u0639\u0631 \u062d\u062a\u0649 \u0641\u064a \u0627\u0644\u0623\u062c\u0648\u0627\u0621 \u0627\u0644\u0631\u0637\u0628\u0629. \u064a\u0648\u0641\u0631 \u062f\u0631\u062c\u0629 \u062a\u062b\u0628\u064a\u062a \u0642\u0648\u064a\u0629 \u0645\u0646\u0627\u0633\u0628\u0629 \u0644\u0644\u0627\u0633\u062a\u062e\u062f\u0627\u0645 \u0627\u0644\u064a\u0648\u0645\u064a \u0645\u0639 \u0627\u0644\u062d\u0641\u0627\u0638 \u0639\u0644\u0649 \u0645\u0638\u0647\u0631 \u0637\u0628\u064a\u0639\u064a \u0644\u0644\u0634\u0639\u0631. \u0627\u0644\u0645\u0643\u0648\u0646\u0627\u062a \u0648\u0627\u0644\u062e\u0635\u0627\u0626\u0635 \u0627\u0644\u0631\u0626\u064a\u0633\u064a\u0629 \u062a\u0631\u0643\u064a\u0628\u0629 \u0645\u0642\u0627\u0648\u0645\u0629 \u0644\u0644\u0631\u0637\u0648\u0628\u0629 \u062a\u062d\u0645\u064a \u0627\u0644\u062a\u0633\u0631\u064a\u062d\u0629 \u0645\u0646 \u0627\u0644\u062a\u0623\u062b\u064a\u0631\u0627\u062a [&hellip;]<\/p>\n","protected":false},"featured_media":36767,"template":"","meta":[],"pwb-brand":[732],"product_brand":[],"product_cat":[1152],"product_tag":[1459],"class_list":{"0":"post-36850","1":"product","2":"type-product","3":"status-publish","4":"has-post-thumbnail","6":"pwb-brand-schwarzkopf","7":"product_cat-hair-cream","8":"product_tag-1459","10":"first","11":"instock","12":"shipping-taxable","13":"purchasable","14":"product-type-variable","15":"has-default-attributes","16":"wvs-archive-product-wrapper"},"brands":[{"id":732,"name":"Schwarzkopf","slug":"schwarzkopf"}],"_links":{"self":[{"href":"https:\/\/gopinkish.com\/fr\/wp-json\/wp\/v2\/product\/36850","targetHints":{"allow":["GET"]}}],"collection":[{"href":"https:\/\/gopinkish.com\/fr\/wp-json\/wp\/v2\/product"}],"about":[{"href":"https:\/\/gopinkish.com\/fr\/wp-json\/wp\/v2\/types\/product"}],"wp:featuredmedia":[{"embeddable":true,"href":"https:\/\/gopinkish.com\/fr\/wp-json\/wp\/v2\/media\/36767"}],"wp:attachment":[{"href":"https:\/\/gopinkish.com\/fr\/wp-json\/wp\/v2\/media?parent=36850"}],"wp:term":[{"taxonomy":"pwb-brand","embeddable":true,"href":"https:\/\/gopinkish.com\/fr\/wp-json\/wp\/v2\/pwb-brand?post=36850"},{"taxonomy":"product_brand","embeddable":true,"href":"https:\/\/gopinkish.com\/fr\/wp-json\/wp\/v2\/product_brand?post=36850"},{"taxonomy":"product_cat","embeddable":true,"href":"https:\/\/gopinkish.com\/fr\/wp-json\/wp\/v2\/product_cat?post=36850"},{"taxonomy":"product_tag","embeddable":true,"href":"https:\/\/gopinkish.com\/fr\/wp-json\/wp\/v2\/product_tag?post=36850"}],"curies":[{"name":"wp","href":"https:\/\/api.w.org\/{rel}","templated":true}]}}