{"id":36630,"date":"2026-02-27T21:06:23","date_gmt":"2026-02-27T20:06:23","guid":{"rendered":"https:\/\/gopinkish.com\/?post_type=product&#038;p=36630"},"modified":"2026-03-04T21:21:09","modified_gmt":"2026-03-04T20:21:09","slug":"3378872105398","status":"publish","type":"product","link":"https:\/\/gopinkish.com\/fr\/produit\/3378872105398\/","title":{"rendered":"Cr\u00e8me nettoyante waterproof pour le visage et les yeux"},"content":{"rendered":"<p style=\"text-align: justify;\">La Cr\u00e8me Nettoyante Waterproof Visage et Yeux de Sephora est une cr\u00e8me nettoyante polyvalente con\u00e7ue pour \u00e9liminer efficacement et en douceur le maquillage waterproof du visage et du contour des yeux. Enrichie en extrait de grenade \u00e9nergisant, elle combat les signes de fatigue et donne \u00e0 la peau une sensation d'\u00e9clat et d'\u00e9nergie. Convient \u00e0 tous les types de peau, y compris les peaux sensibles.<\/p>\n<p><strong>Principaux ingr\u00e9dients et caract\u00e9ristiques<\/strong><\/p>\n<ul>\n<li>Extrait de grenade riche en antioxydants pour lutter contre la fatigue<\/li>\n<li>Une formule cr\u00e9meuse douce qui dissout facilement le maquillage r\u00e9sistant \u00e0 l'eau.<\/li>\n<li>Convient au nettoyage du contour sensible des yeux sans irritation<\/li>\n<li>Exempt de parfums agressifs et de substances irritantes<\/li>\n<li>50ml format voyage<\/li>\n<\/ul>\n<p><strong>Principales caract\u00e9ristiques et avantages<\/strong><\/p>\n<ul>\n<li>Enl\u00e8ve efficacement tous les types de maquillage, y compris le maquillage r\u00e9sistant \u00e0 l'eau<\/li>\n<li>Laisse \u00e0 la peau une sensation de fra\u00eecheur et d'\u00e9nergie et combat l'apparence de la fatigue.<\/li>\n<li>Nettoie en profondeur sans dess\u00e9cher ni irriter la peau<\/li>\n<li>Laisse la peau douce et hydrat\u00e9e apr\u00e8s utilisation<\/li>\n<li>Sans danger pour une utilisation quotidienne sur le visage et les yeux<\/li>\n<\/ul>\n<p dir=\"ltr\" style=\"text-align: center;\">\ud83c\uddec\ud83c\udde7 Sephora Cr\u00e8me D\u00e9maquillante Waterproof Visage et Yeux Anti-Fatigue &amp; Energisante Grenade<\/p>\n<p dir=\"ltr\" style=\"text-align: center;\">\ud83c\uddeb\ud83c\uddf7 Sephora Cr\u00e8me Nettoyante Waterproof Visage Et Yeux Anti-Fatigue &amp; \u00c9nergisante Grenade<\/p>","protected":false},"excerpt":{"rendered":"<p>\u0645\u0646\u062a\u062c Cleansing Cream Waterproof Face And Eyes \u0645\u0646 Sephora \u0647\u0648 \u0643\u0631\u064a\u0645 \u0645\u0646\u0638\u0641 \u0645\u062a\u0639\u062f\u062f \u0627\u0644\u0627\u0633\u062a\u062e\u062f\u0627\u0645\u0627\u062a \u0645\u0635\u0645\u0645 \u0644\u0625\u0632\u0627\u0644\u0629 \u0627\u0644\u0645\u0643\u064a\u0627\u062c \u0627\u0644\u0645\u0642\u0627\u0648\u0645 \u0644\u0644\u0645\u0627\u0621 \u0628\u0644\u0637\u0641 \u0648\u0641\u0639\u0627\u0644\u064a\u0629 \u0645\u0646 \u0627\u0644\u0648\u062c\u0647 \u0648\u0645\u0646\u0637\u0642\u0629 \u0627\u0644\u0639\u064a\u0648\u0646. \u064a\u062a\u0645\u064a\u0632 \u0628\u062a\u0631\u0643\u064a\u0628\u0629 \u063a\u0646\u064a\u0629 \u0628\u0645\u0633\u062a\u062e\u0644\u0635 \u0627\u0644\u0631\u0645\u0627\u0646 \u0627\u0644\u0645\u0646\u0634\u0637 \u0627\u0644\u0630\u064a \u064a\u062d\u0627\u0631\u0628 \u0639\u0644\u0627\u0645\u0627\u062a \u0627\u0644\u062a\u0639\u0628 \u0648\u064a\u0645\u0646\u062d \u0627\u0644\u0628\u0634\u0631\u0629 \u0625\u0634\u0631\u0627\u0642\u0627\u064b \u0648\u062d\u064a\u0648\u064a\u0629. \u0645\u0646\u0627\u0633\u0628 \u0644\u062c\u0645\u064a\u0639 \u0623\u0646\u0648\u0627\u0639 \u0627\u0644\u0628\u0634\u0631\u0629 \u0628\u0645\u0627 \u0641\u064a\u0647\u0627 \u0627\u0644\u0628\u0634\u0631\u0629 \u0627\u0644\u062d\u0633\u0627\u0633\u0629. \u0627\u0644\u0645\u0643\u0648\u0646\u0627\u062a \u0648\u0627\u0644\u062e\u0635\u0627\u0626\u0635 \u0627\u0644\u0631\u0626\u064a\u0633\u064a\u0629 \u0645\u0633\u062a\u062e\u0644\u0635 \u0627\u0644\u0631\u0645\u0627\u0646 \u0627\u0644\u063a\u0646\u064a \u0628\u0645\u0636\u0627\u062f\u0627\u062a \u0627\u0644\u0623\u0643\u0633\u062f\u0629 [&hellip;]<\/p>\n","protected":false},"featured_media":36627,"template":"","meta":[],"pwb-brand":[221],"product_brand":[],"product_cat":[1119,1205],"product_tag":[697,693,1058],"class_list":{"0":"post-36630","1":"product","2":"type-product","3":"status-publish","4":"has-post-thumbnail","6":"pwb-brand-sephora","7":"product_cat-face-wash","8":"product_cat-makeup-removers","9":"product_tag-moisturizing","10":"product_tag-cleansing","11":"product_tag-1058","13":"first","14":"instock","15":"shipping-taxable","16":"purchasable","17":"product-type-variable","18":"has-default-attributes","19":"wvs-archive-product-wrapper"},"brands":[{"id":221,"name":"Sephora","slug":"sephora"}],"_links":{"self":[{"href":"https:\/\/gopinkish.com\/fr\/wp-json\/wp\/v2\/product\/36630","targetHints":{"allow":["GET"]}}],"collection":[{"href":"https:\/\/gopinkish.com\/fr\/wp-json\/wp\/v2\/product"}],"about":[{"href":"https:\/\/gopinkish.com\/fr\/wp-json\/wp\/v2\/types\/product"}],"wp:featuredmedia":[{"embeddable":true,"href":"https:\/\/gopinkish.com\/fr\/wp-json\/wp\/v2\/media\/36627"}],"wp:attachment":[{"href":"https:\/\/gopinkish.com\/fr\/wp-json\/wp\/v2\/media?parent=36630"}],"wp:term":[{"taxonomy":"pwb-brand","embeddable":true,"href":"https:\/\/gopinkish.com\/fr\/wp-json\/wp\/v2\/pwb-brand?post=36630"},{"taxonomy":"product_brand","embeddable":true,"href":"https:\/\/gopinkish.com\/fr\/wp-json\/wp\/v2\/product_brand?post=36630"},{"taxonomy":"product_cat","embeddable":true,"href":"https:\/\/gopinkish.com\/fr\/wp-json\/wp\/v2\/product_cat?post=36630"},{"taxonomy":"product_tag","embeddable":true,"href":"https:\/\/gopinkish.com\/fr\/wp-json\/wp\/v2\/product_tag?post=36630"}],"curies":[{"name":"wp","href":"https:\/\/api.w.org\/{rel}","templated":true}]}}