{"id":36628,"date":"2026-02-27T21:06:22","date_gmt":"2026-02-27T20:06:22","guid":{"rendered":"https:\/\/gopinkish.com\/?post_type=product&#038;p=36628"},"modified":"2026-03-02T13:54:25","modified_gmt":"2026-03-02T12:54:25","slug":"6294018405955","status":"publish","type":"product","link":"https:\/\/gopinkish.com\/fr\/produit\/6294018405955\/","title":{"rendered":"Pinceau pour fond de teint pour une application parfaite"},"content":{"rendered":"<p style=\"text-align: justify;\">Le Pinceau de base pour le visage de Huda Beauty est un pinceau de maquillage professionnel con\u00e7u pour r\u00e9partir uniform\u00e9ment et parfaitement le fond de teint et le primer. Il est dot\u00e9 de poils synth\u00e9tiques ultra-doux qui garantissent une application lisse, sans traces ni grumeaux. Son design ergonomique permet de contr\u00f4ler facilement l'application et d'obtenir une couvrance professionnelle en un seul passage.<\/p>\n<p><strong>Principaux ingr\u00e9dients et caract\u00e9ristiques<\/strong><\/p>\n<ul>\n<li>Des poils synth\u00e9tiques ultra-doux pour une distribution lisse et uniforme<\/li>\n<li>Le design plat et conique permet d'acc\u00e9der facilement \u00e0 toutes les zones du visage.<\/li>\n<li>La poign\u00e9e ergonomique permet un contr\u00f4le pr\u00e9cis lors de l'application<\/li>\n<li>Convient aux fonds de teint liquides et aux fonds de teint cr\u00e8me<\/li>\n<li>Facile \u00e0 nettoyer et conserve sa forme apr\u00e8s plusieurs lavages<\/li>\n<\/ul>\n<p><strong>Principales caract\u00e9ristiques et avantages<\/strong><\/p>\n<ul>\n<li>R\u00e9partit uniform\u00e9ment le fond de teint sans stries ni grumeaux<\/li>\n<li>Offre une couverture professionnelle d'aspect naturel<\/li>\n<li>Minimise les d\u00e9chets de produits et permet une application \u00e9conomique<\/li>\n<li>Convient \u00e0 tous les types de fonds de teint et d'appr\u00eats<\/li>\n<li>Durable et de longue dur\u00e9e tout en conservant la qualit\u00e9 des poils<\/li>\n<\/ul>\n<p dir=\"ltr\" style=\"text-align: center;\">\ud83c\uddec\ud83c\udde7 Huda Beauty Pinceau de base pour le visage<\/p>\n<p dir=\"ltr\" style=\"text-align: center;\">\ud83c\uddeb\ud83c\uddf7 Huda Beauty Pinceau de base pour le visage<\/p>","protected":false},"excerpt":{"rendered":"<p>\u0645\u0646\u062a\u062c Face Base Brush \u0645\u0646 Huda Beauty \u0647\u0648 \u0641\u0631\u0634\u0627\u0629 \u0645\u0643\u064a\u0627\u062c \u0627\u062d\u062a\u0631\u0627\u0641\u064a\u0629 \u0645\u0635\u0645\u0645\u0629 \u062e\u0635\u064a\u0635\u0627\u064b \u0644\u062a\u0648\u0632\u064a\u0639 \u0643\u0631\u064a\u0645 \u0627\u0644\u0623\u0633\u0627\u0633 \u0648\u0627\u0644\u0628\u0631\u0627\u064a\u0645\u0631 \u0628\u0634\u0643\u0644 \u0645\u062a\u0633\u0627\u0648\u064d \u0648\u0645\u062b\u0627\u0644\u064a. \u062a\u062a\u0645\u064a\u0632 \u0647\u0630\u0647 \u0627\u0644\u0641\u0631\u0634\u0627\u0629 \u0628\u0634\u0639\u064a\u0631\u0627\u062a \u0635\u0646\u0627\u0639\u064a\u0629 \u0641\u0627\u0626\u0642\u0629 \u0627\u0644\u0646\u0639\u0648\u0645\u0629 \u062a\u0636\u0645\u0646 \u062a\u0648\u0632\u064a\u0639\u0627\u064b \u0633\u0644\u0633\u0627\u064b \u062f\u0648\u0646 \u062e\u0637\u0648\u0637 \u0623\u0648 \u062a\u0643\u062a\u0644\u0627\u062a. \u062a\u0635\u0645\u064a\u0645\u0647\u0627 \u0627\u0644\u0645\u0631\u064a\u062d \u064a\u0633\u0647\u0644 \u0627\u0644\u062a\u062d\u0643\u0645 \u0641\u064a \u0627\u0644\u062a\u0637\u0628\u064a\u0642 \u0648\u064a\u0645\u0646\u062d \u0627\u0644\u0628\u0634\u0631\u0629 \u062a\u063a\u0637\u064a\u0629 \u0627\u062d\u062a\u0631\u0627\u0641\u064a\u0629 \u0628\u0644\u0645\u0633\u0629 \u0648\u0627\u062d\u062f\u0629. \u0627\u0644\u0645\u0643\u0648\u0646\u0627\u062a \u0648\u0627\u0644\u062e\u0635\u0627\u0626\u0635 \u0627\u0644\u0631\u0626\u064a\u0633\u064a\u0629 \u0634\u0639\u064a\u0631\u0627\u062a \u0635\u0646\u0627\u0639\u064a\u0629 \u0641\u0627\u0626\u0642\u0629 \u0627\u0644\u0646\u0639\u0648\u0645\u0629 \u0644\u062a\u0648\u0632\u064a\u0639 \u0633\u0644\u0633 [&hellip;]<\/p>\n","protected":false},"featured_media":36626,"template":"","meta":[],"pwb-brand":[1476],"product_brand":[],"product_cat":[1202],"product_tag":[],"class_list":{"0":"post-36628","1":"product","2":"type-product","3":"status-publish","4":"has-post-thumbnail","6":"pwb-brand-huda-beauty","7":"product_cat-face-brushes-makeup","9":"first","10":"instock","11":"shipping-taxable","12":"purchasable","13":"product-type-variable","14":"has-default-attributes","15":"wvs-archive-product-wrapper"},"brands":[{"id":1476,"name":"Huda Beauty","slug":"beaute-huda"}],"_links":{"self":[{"href":"https:\/\/gopinkish.com\/fr\/wp-json\/wp\/v2\/product\/36628","targetHints":{"allow":["GET"]}}],"collection":[{"href":"https:\/\/gopinkish.com\/fr\/wp-json\/wp\/v2\/product"}],"about":[{"href":"https:\/\/gopinkish.com\/fr\/wp-json\/wp\/v2\/types\/product"}],"wp:featuredmedia":[{"embeddable":true,"href":"https:\/\/gopinkish.com\/fr\/wp-json\/wp\/v2\/media\/36626"}],"wp:attachment":[{"href":"https:\/\/gopinkish.com\/fr\/wp-json\/wp\/v2\/media?parent=36628"}],"wp:term":[{"taxonomy":"pwb-brand","embeddable":true,"href":"https:\/\/gopinkish.com\/fr\/wp-json\/wp\/v2\/pwb-brand?post=36628"},{"taxonomy":"product_brand","embeddable":true,"href":"https:\/\/gopinkish.com\/fr\/wp-json\/wp\/v2\/product_brand?post=36628"},{"taxonomy":"product_cat","embeddable":true,"href":"https:\/\/gopinkish.com\/fr\/wp-json\/wp\/v2\/product_cat?post=36628"},{"taxonomy":"product_tag","embeddable":true,"href":"https:\/\/gopinkish.com\/fr\/wp-json\/wp\/v2\/product_tag?post=36628"}],"curies":[{"name":"wp","href":"https:\/\/api.w.org\/{rel}","templated":true}]}}