{"id":36591,"date":"2025-02-25T18:02:34","date_gmt":"2025-02-25T17:02:34","guid":{"rendered":"https:\/\/gopinkish.com\/?post_type=product&#038;p=36591"},"modified":"2026-02-25T19:45:25","modified_gmt":"2026-02-25T18:45:25","slug":"3600551154961","status":"publish","type":"product","link":"https:\/\/gopinkish.com\/fr\/produit\/3600551154961\/","title":{"rendered":"D\u00e9odorant \u00e0 la pulpe de grenade marocaine activ\u00e9 48 heures"},"content":{"rendered":"<p style=\"text-align: justify;\">Ushuaia Deodorant Efficacit\u00e9 48H \u00e0 la Pulpe de Grenade Vitalisante du Maroc par Ushuaia est un d\u00e9odorant fran\u00e7ais \u00e0 l'extrait de pulpe de grenade marocaine \u00e9nergisante. Il offre une protection efficace pendant 48 heures avec un parfum fruit\u00e9 et vif inspir\u00e9 des jardins de grenades marocains. Sa formule rafra\u00eechissante apporte \u00e9nergie et vigueur tout au long de la journ\u00e9e.<\/p>\n<p><strong>Principaux ingr\u00e9dients et caract\u00e9ristiques<\/strong><\/p>\n<ul>\n<li>Extrait de pulpe de grenade marocaine \u00e9nergisante<\/li>\n<li>Un parfum fruit\u00e9, vif et rafra\u00eechissant<\/li>\n<li>Protection anti-odeurs pendant 48 heures<\/li>\n<li>Inspir\u00e9 des traditions marocaines<\/li>\n<\/ul>\n<p><strong>Principales caract\u00e9ristiques et avantages<\/strong><\/p>\n<ul>\n<li>Parfum fruit\u00e9 et \u00e9nergisant de grenade qui dure toute la journ\u00e9e<\/li>\n<li>Protection efficace contre les odeurs pendant 48 heures<\/li>\n<li>Energisant et \u00e9nergisant<\/li>\n<li>Convient \u00e0 un usage quotidien<\/li>\n<\/ul>\n<p style=\"text-align: center;\">\ud83c\uddec\ud83c\udde7 Ushuaia - Vitalit\u00e9 de la grenade marocaine<\/p>\n<p style=\"text-align: center;\">\ud83c\uddeb\ud83c\uddf7 Ushuaia - Vitalit\u00e9 grenade du Maroc<\/p>","protected":false},"excerpt":{"rendered":"<p>\u0645\u0646\u062a\u062c Ushuaia Deodorant Efficacit\u00e9 48H \u00e0 la Pulpe de Grenade Vitalisante du Maroc \u0645\u0646 \u0623\u0648\u0634\u0648\u0627\u064a\u0627 \u0647\u0648 \u0645\u0632\u064a\u0644 \u0639\u0631\u0642 \u0641\u0631\u0646\u0633\u064a \u0628\u062e\u0644\u0627\u0635\u0629 \u0644\u0628 \u0627\u0644\u0631\u0645\u0627\u0646 \u0627\u0644\u0645\u063a\u0631\u0628\u064a \u0627\u0644\u0645\u0646\u0634\u0637. \u064a\u0648\u0641\u0631 \u062d\u0645\u0627\u064a\u0629 \u0641\u0639\u0627\u0644\u0629 \u062a\u062f\u0648\u0645 48 \u0633\u0627\u0639\u0629 \u0645\u0639 \u0639\u0637\u0631 \u0641\u0627\u0643\u0647\u064a \u062d\u064a\u0648\u064a \u0645\u0633\u062a\u0648\u062d\u0649 \u0645\u0646 \u062d\u062f\u0627\u0626\u0642 \u0627\u0644\u0631\u0645\u0627\u0646 \u0627\u0644\u0645\u063a\u0631\u0628\u064a\u0629. \u062a\u0631\u0643\u064a\u0628\u062a\u0647 \u0627\u0644\u0645\u0646\u0639\u0634\u0629 \u062a\u0645\u0646\u062d \u0637\u0627\u0642\u0629 \u0648\u062d\u064a\u0648\u064a\u0629 \u0637\u0648\u0627\u0644 \u0627\u0644\u064a\u0648\u0645. \u0627\u0644\u0645\u0643\u0648\u0646\u0627\u062a \u0648\u0627\u0644\u062e\u0635\u0627\u0626\u0635 \u0627\u0644\u0631\u0626\u064a\u0633\u064a\u0629 \u062e\u0644\u0627\u0635\u0629 \u0644\u0628 \u0627\u0644\u0631\u0645\u0627\u0646 \u0627\u0644\u0645\u063a\u0631\u0628\u064a \u0627\u0644\u0645\u0646\u0634\u0637\u0629 \u0639\u0637\u0631 [&hellip;]<\/p>\n","protected":false},"featured_media":36544,"template":"","meta":[],"pwb-brand":[1440],"product_brand":[],"product_cat":[1228],"product_tag":[686],"class_list":{"0":"post-36591","1":"product","2":"type-product","3":"status-publish","4":"has-post-thumbnail","6":"pwb-brand-ushuaia","7":"product_cat-deodorants","8":"product_tag-deodorant","10":"first","11":"instock","12":"shipping-taxable","13":"purchasable","14":"product-type-variable","15":"has-default-attributes","16":"wvs-archive-product-wrapper"},"brands":[{"id":1440,"name":"Ushuaia","slug":"ushuaia"}],"_links":{"self":[{"href":"https:\/\/gopinkish.com\/fr\/wp-json\/wp\/v2\/product\/36591","targetHints":{"allow":["GET"]}}],"collection":[{"href":"https:\/\/gopinkish.com\/fr\/wp-json\/wp\/v2\/product"}],"about":[{"href":"https:\/\/gopinkish.com\/fr\/wp-json\/wp\/v2\/types\/product"}],"wp:featuredmedia":[{"embeddable":true,"href":"https:\/\/gopinkish.com\/fr\/wp-json\/wp\/v2\/media\/36544"}],"wp:attachment":[{"href":"https:\/\/gopinkish.com\/fr\/wp-json\/wp\/v2\/media?parent=36591"}],"wp:term":[{"taxonomy":"pwb-brand","embeddable":true,"href":"https:\/\/gopinkish.com\/fr\/wp-json\/wp\/v2\/pwb-brand?post=36591"},{"taxonomy":"product_brand","embeddable":true,"href":"https:\/\/gopinkish.com\/fr\/wp-json\/wp\/v2\/product_brand?post=36591"},{"taxonomy":"product_cat","embeddable":true,"href":"https:\/\/gopinkish.com\/fr\/wp-json\/wp\/v2\/product_cat?post=36591"},{"taxonomy":"product_tag","embeddable":true,"href":"https:\/\/gopinkish.com\/fr\/wp-json\/wp\/v2\/product_tag?post=36591"}],"curies":[{"name":"wp","href":"https:\/\/api.w.org\/{rel}","templated":true}]}}