{"id":36589,"date":"2025-02-25T18:02:34","date_gmt":"2025-02-25T17:02:34","guid":{"rendered":"https:\/\/gopinkish.com\/?post_type=product&#038;p=36589"},"modified":"2026-03-16T12:01:40","modified_gmt":"2026-03-16T11:01:40","slug":"3600551154985","status":"publish","type":"product","link":"https:\/\/gopinkish.com\/fr\/produit\/3600551154985\/","title":{"rendered":"D\u00e9odorant \u00e0 la fleur de vanille 48 heures"},"content":{"rendered":"<p style=\"text-align: justify;\">Ushuaia Deodorant Efficacit\u00e9 48H \u00e0 la Fleur de Vanille d'Ushuaia est un d\u00e9odorant fran\u00e7ais au parfum chaud et sensuel de fleur de vanille. Il offre 48 heures de protection efficace avec un parfum naturel de vanille qui procure une sensation de chaleur et d'intimit\u00e9. Sa formule douce convient \u00e0 un usage quotidien.<\/p>\n<p><strong>Principaux ingr\u00e9dients et caract\u00e9ristiques<\/strong><\/p>\n<ul>\n<li>Parfum naturel chaud \u00e0 la fleur de vanille<\/li>\n<li>Protection anti-odeurs pendant 48 heures<\/li>\n<li>Doux et confortable pour la peau<\/li>\n<li>Inspir\u00e9 par la nature tropicale<\/li>\n<\/ul>\n<p><strong>Principales caract\u00e9ristiques et avantages<\/strong><\/p>\n<ul>\n<li>Un parfum chaud et sensuel de vanille qui dure toute la journ\u00e9e<\/li>\n<li>Protection fiable contre les odeurs pendant 48 heures<\/li>\n<li>Confortable et f\u00e9minin<\/li>\n<li>Convient \u00e0 toutes les saisons<\/li>\n<\/ul>\n<p style=\"text-align: center;\">\ud83c\uddec\ud83c\udde7 Ushuaia - Fleur de vanille chaude, soin 48 heures<\/p>\n<p style=\"text-align: center;\">\ud83c\uddeb\ud83c\uddf7 Ushuaia - Fleur de vanille chaleureuse, soin 48 heures<\/p>","protected":false},"excerpt":{"rendered":"<p>\u0645\u0646\u062a\u062c Ushuaia Deodorant Efficacit\u00e9 48H \u00e0 la Fleur de Vanille \u0645\u0646 \u0623\u0648\u0634\u0648\u0627\u064a\u0627 \u0647\u0648 \u0645\u0632\u064a\u0644 \u0639\u0631\u0642 \u0641\u0631\u0646\u0633\u064a \u0628\u0639\u0637\u0631 \u0632\u0647\u0631\u0629 \u0627\u0644\u0641\u0627\u0646\u064a\u0644\u0627 \u0627\u0644\u062f\u0627\u0641\u0626 \u0648\u0627\u0644\u062d\u0633\u064a. \u064a\u0648\u0641\u0631 \u062d\u0645\u0627\u064a\u0629 \u0641\u0639\u0627\u0644\u0629 \u062a\u062f\u0648\u0645 48 \u0633\u0627\u0639\u0629 \u0645\u0639 \u0631\u0627\u0626\u062d\u0629 \u0641\u0627\u0646\u064a\u0644\u0627 \u0637\u0628\u064a\u0639\u064a\u0629 \u062a\u0645\u0646\u062d \u0634\u0639\u0648\u0631\u0627\u064b \u0628\u0627\u0644\u062f\u0641\u0621 \u0648\u0627\u0644\u0631\u0627\u062d\u0629. \u062a\u0631\u0643\u064a\u0628\u062a\u0647 \u0627\u0644\u0644\u0637\u064a\u0641\u0629 \u0645\u0646\u0627\u0633\u0628\u0629 \u0644\u0644\u0627\u0633\u062a\u062e\u062f\u0627\u0645 \u0627\u0644\u064a\u0648\u0645\u064a. \u0627\u0644\u0645\u0643\u0648\u0646\u0627\u062a \u0648\u0627\u0644\u062e\u0635\u0627\u0626\u0635 \u0627\u0644\u0631\u0626\u064a\u0633\u064a\u0629 \u0639\u0637\u0631 \u0632\u0647\u0631\u0629 \u0627\u0644\u0641\u0627\u0646\u064a\u0644\u0627 \u0627\u0644\u0637\u0628\u064a\u0639\u064a \u0627\u0644\u062f\u0627\u0641\u0626 \u062d\u0645\u0627\u064a\u0629 \u0645\u0636\u0627\u062f\u0629 \u0644\u0644\u0631\u0648\u0627\u0626\u062d \u062a\u062f\u0648\u0645 48 \u0633\u0627\u0639\u0629 \u062a\u0631\u0643\u064a\u0628\u0629 [&hellip;]<\/p>\n","protected":false},"featured_media":36543,"template":"","meta":[],"pwb-brand":[1440],"product_brand":[],"product_cat":[1228],"product_tag":[686],"class_list":{"0":"post-36589","1":"product","2":"type-product","3":"status-publish","4":"has-post-thumbnail","6":"pwb-brand-ushuaia","7":"product_cat-deodorants","8":"product_tag-deodorant","10":"first","11":"instock","12":"shipping-taxable","13":"purchasable","14":"product-type-variable","15":"has-default-attributes","16":"wvs-archive-product-wrapper"},"brands":[{"id":1440,"name":"Ushuaia","slug":"ushuaia"}],"_links":{"self":[{"href":"https:\/\/gopinkish.com\/fr\/wp-json\/wp\/v2\/product\/36589","targetHints":{"allow":["GET"]}}],"collection":[{"href":"https:\/\/gopinkish.com\/fr\/wp-json\/wp\/v2\/product"}],"about":[{"href":"https:\/\/gopinkish.com\/fr\/wp-json\/wp\/v2\/types\/product"}],"wp:featuredmedia":[{"embeddable":true,"href":"https:\/\/gopinkish.com\/fr\/wp-json\/wp\/v2\/media\/36543"}],"wp:attachment":[{"href":"https:\/\/gopinkish.com\/fr\/wp-json\/wp\/v2\/media?parent=36589"}],"wp:term":[{"taxonomy":"pwb-brand","embeddable":true,"href":"https:\/\/gopinkish.com\/fr\/wp-json\/wp\/v2\/pwb-brand?post=36589"},{"taxonomy":"product_brand","embeddable":true,"href":"https:\/\/gopinkish.com\/fr\/wp-json\/wp\/v2\/product_brand?post=36589"},{"taxonomy":"product_cat","embeddable":true,"href":"https:\/\/gopinkish.com\/fr\/wp-json\/wp\/v2\/product_cat?post=36589"},{"taxonomy":"product_tag","embeddable":true,"href":"https:\/\/gopinkish.com\/fr\/wp-json\/wp\/v2\/product_tag?post=36589"}],"curies":[{"name":"wp","href":"https:\/\/api.w.org\/{rel}","templated":true}]}}