{"id":36587,"date":"2025-02-25T18:02:33","date_gmt":"2025-02-25T17:02:33","guid":{"rendered":"https:\/\/gopinkish.com\/?post_type=product&#038;p=36587"},"modified":"2026-02-25T19:46:06","modified_gmt":"2026-02-25T18:46:06","slug":"3600551154992","status":"publish","type":"product","link":"https:\/\/gopinkish.com\/fr\/produit\/3600551154992\/","title":{"rendered":"D\u00e9odorant \u00e0 l'huile de mono\u00ef et \u00e0 la fleur de tiar\u00e9 48 heures"},"content":{"rendered":"<p style=\"text-align: justify;\">Ushuaia Deodorant Efficacit\u00e9 48H Huile de Mono\u00ef &amp; Fleur de Tiar\u00e9 d'Ushuaia est un d\u00e9odorant fran\u00e7ais qui associe l'huile tropicale de Mono\u00ef au parfum de la fleur de Tiar\u00e9. Il offre une protection de 48 heures avec un parfum tropical qui vous transporte dans les \u00eeles de Polyn\u00e9sie. Sa formule riche soigne et adoucit la peau.<\/p>\n<p><strong>Principaux ingr\u00e9dients et caract\u00e9ristiques<\/strong><\/p>\n<ul>\n<li>Huile de mono\u00ef hydratante et nourrissante<\/li>\n<li>Parfum de fleurs de tiar\u00e9 tropicales<\/li>\n<li>Protection anti-odeurs pendant 48 heures<\/li>\n<li>Formule d'inspiration polyn\u00e9sienne<\/li>\n<\/ul>\n<p><strong>Principales caract\u00e9ristiques et avantages<\/strong><\/p>\n<ul>\n<li>Un luxueux parfum tropical qui dure toute la journ\u00e9e<\/li>\n<li>Hydratez votre peau avec l'huile de mono\u00ef<\/li>\n<li>Protection efficace contre les odeurs pendant 48 heures<\/li>\n<li>Relaxant et rafra\u00eechissant<\/li>\n<\/ul>\n<p style=\"text-align: center;\">\ud83c\uddec\ud83c\udde7 Ushuaia - Huile mono\u00ef tropicale \u00e0 la fleur de tiar\u00e9<\/p>\n<p style=\"text-align: center;\">\ud83c\uddeb\ud83c\uddf7 Ushuaia - Huile de mono\u00ef tropicale \u00e0 la fleur de tiar\u00e9<\/p>","protected":false},"excerpt":{"rendered":"<p>\u0645\u0646\u062a\u062c Ushuaia Deodorant Efficacit\u00e9 48H Huile de Mono\u00ef &amp; Fleur de Tiar\u00e9 \u0645\u0646 \u0623\u0648\u0634\u0648\u0627\u064a\u0627 \u0647\u0648 \u0645\u0632\u064a\u0644 \u0639\u0631\u0642 \u0641\u0631\u0646\u0633\u064a \u064a\u062c\u0645\u0639 \u0628\u064a\u0646 \u0632\u064a\u062a \u0627\u0644\u0645\u0648\u0646\u0648\u064a \u0627\u0644\u0627\u0633\u062a\u0648\u0627\u0626\u064a \u0648\u0639\u0637\u0631 \u0632\u0647\u0631\u0629 \u0627\u0644\u062a\u064a\u0627\u0631\u064a. \u064a\u0648\u0641\u0631 \u062d\u0645\u0627\u064a\u0629 \u062a\u062f\u0648\u0645 48 \u0633\u0627\u0639\u0629 \u0645\u0639 \u0631\u0627\u0626\u062d\u0629 \u0627\u0633\u062a\u0648\u0627\u0626\u064a\u0629 \u062a\u0646\u0642\u0644\u0643 \u0625\u0644\u0649 \u062c\u0632\u0631 \u0628\u0648\u0644\u064a\u0646\u064a\u0632\u064a\u0627. \u062a\u0631\u0643\u064a\u0628\u062a\u0647 \u0627\u0644\u063a\u0646\u064a\u0629 \u062a\u0639\u062a\u0646\u064a \u0628\u0627\u0644\u0628\u0634\u0631\u0629 \u0648\u062a\u0645\u0646\u062d\u0647\u0627 \u0646\u0639\u0648\u0645\u0629. \u0627\u0644\u0645\u0643\u0648\u0646\u0627\u062a \u0648\u0627\u0644\u062e\u0635\u0627\u0626\u0635 \u0627\u0644\u0631\u0626\u064a\u0633\u064a\u0629 \u0632\u064a\u062a \u0627\u0644\u0645\u0648\u0646\u0648\u064a \u0627\u0644\u0645\u0631\u0637\u0628 \u0648\u0627\u0644\u0645\u063a\u0630\u064a \u0644\u0644\u0628\u0634\u0631\u0629 \u0639\u0637\u0631 \u0632\u0647\u0631\u0629 \u0627\u0644\u062a\u064a\u0627\u0631\u064a [&hellip;]<\/p>\n","protected":false},"featured_media":36542,"template":"","meta":[],"pwb-brand":[1440],"product_brand":[],"product_cat":[1228],"product_tag":[686],"class_list":{"0":"post-36587","1":"product","2":"type-product","3":"status-publish","4":"has-post-thumbnail","6":"pwb-brand-ushuaia","7":"product_cat-deodorants","8":"product_tag-deodorant","10":"first","11":"instock","12":"shipping-taxable","13":"purchasable","14":"product-type-variable","15":"has-default-attributes","16":"wvs-archive-product-wrapper"},"brands":[{"id":1440,"name":"Ushuaia","slug":"ushuaia"}],"_links":{"self":[{"href":"https:\/\/gopinkish.com\/fr\/wp-json\/wp\/v2\/product\/36587","targetHints":{"allow":["GET"]}}],"collection":[{"href":"https:\/\/gopinkish.com\/fr\/wp-json\/wp\/v2\/product"}],"about":[{"href":"https:\/\/gopinkish.com\/fr\/wp-json\/wp\/v2\/types\/product"}],"wp:featuredmedia":[{"embeddable":true,"href":"https:\/\/gopinkish.com\/fr\/wp-json\/wp\/v2\/media\/36542"}],"wp:attachment":[{"href":"https:\/\/gopinkish.com\/fr\/wp-json\/wp\/v2\/media?parent=36587"}],"wp:term":[{"taxonomy":"pwb-brand","embeddable":true,"href":"https:\/\/gopinkish.com\/fr\/wp-json\/wp\/v2\/pwb-brand?post=36587"},{"taxonomy":"product_brand","embeddable":true,"href":"https:\/\/gopinkish.com\/fr\/wp-json\/wp\/v2\/product_brand?post=36587"},{"taxonomy":"product_cat","embeddable":true,"href":"https:\/\/gopinkish.com\/fr\/wp-json\/wp\/v2\/product_cat?post=36587"},{"taxonomy":"product_tag","embeddable":true,"href":"https:\/\/gopinkish.com\/fr\/wp-json\/wp\/v2\/product_tag?post=36587"}],"curies":[{"name":"wp","href":"https:\/\/api.w.org\/{rel}","templated":true}]}}