{"id":36581,"date":"2025-02-25T18:02:31","date_gmt":"2025-02-25T17:02:31","guid":{"rendered":"https:\/\/gopinkish.com\/?post_type=product&#038;p=36581"},"modified":"2026-03-02T16:13:53","modified_gmt":"2026-03-02T15:13:53","slug":"8410751031178","status":"publish","type":"product","link":"https:\/\/gopinkish.com\/fr\/produit\/8410751031178\/","title":{"rendered":"D\u00e9odorant de sport pour hommes en spray"},"content":{"rendered":"<p style=\"text-align: justify;\">Tulipan Negro For Men Sport Body Deo Spray de Tulipan Negro est un d\u00e9odorant espagnol en spray con\u00e7u sp\u00e9cialement pour les hommes actifs. Il a un parfum frais et sportif qui vous laisse une sensation d'\u00e9nergie et de vivacit\u00e9. Sa formule puissante offre une protection efficace pendant les sports intenses et les activit\u00e9s physiques.<\/p>\n<p><strong>Principaux ingr\u00e9dients et caract\u00e9ristiques<\/strong><\/p>\n<ul>\n<li>Un parfum frais et sportif con\u00e7u pour les hommes<\/li>\n<li>Formule anti-odeur puissante<\/li>\n<li>Convient pour une utilisation lors d'activit\u00e9s sportives<\/li>\n<li>Ingr\u00e9dients espagnols de haute qualit\u00e9<\/li>\n<\/ul>\n<p><strong>Principales caract\u00e9ristiques et avantages<\/strong><\/p>\n<ul>\n<li>Forte protection adapt\u00e9e aux activit\u00e9s sportives<\/li>\n<li>Un parfum masculin sportif qui dure toute la journ\u00e9e<\/li>\n<li>Spray \u00e0 s\u00e9chage rapide<\/li>\n<li>Convient comme spray corporel et d\u00e9odorant<\/li>\n<\/ul>\n<p style=\"text-align: center;\">\ud83c\uddec\ud83c\udde7 Tulipan Negro - Fra\u00eecheur sportive pour les hommes actifs<\/p>\n<p style=\"text-align: center;\">\ud83c\uddeb\ud83c\uddf7 Tulipan Negro - Fra\u00eecheur sportive pour hommes actifs<\/p>","protected":false},"excerpt":{"rendered":"<p>\u0645\u0646\u062a\u062c Tulipan Negro For Men Sport Body Deo Spray \u0645\u0646 \u062a\u0648\u0644\u064a\u0628\u0627\u0646 \u0646\u064a\u063a\u0631\u0648 \u0647\u0648 \u0628\u062e\u0627\u062e \u0645\u0632\u064a\u0644 \u0639\u0631\u0642 \u0625\u0633\u0628\u0627\u0646\u064a \u0645\u0635\u0645\u0645 \u062e\u0635\u064a\u0635\u0627\u064b \u0644\u0644\u0631\u062c\u0627\u0644 \u0627\u0644\u0646\u0634\u064a\u0637\u064a\u0646. \u064a\u062a\u0645\u064a\u0632 \u0628\u0639\u0637\u0631\u0647 \u0627\u0644\u0631\u064a\u0627\u0636\u064a \u0627\u0644\u0645\u0646\u0639\u0634 \u0627\u0644\u0630\u064a \u064a\u0645\u0646\u062d \u0634\u0639\u0648\u0631\u0627\u064b \u0628\u0627\u0644\u062d\u064a\u0648\u064a\u0629 \u0648\u0627\u0644\u0646\u0634\u0627\u0637. \u062a\u0631\u0643\u064a\u0628\u062a\u0647 \u0627\u0644\u0642\u0648\u064a\u0629 \u062a\u0648\u0641\u0631 \u062d\u0645\u0627\u064a\u0629 \u0641\u0639\u0627\u0644\u0629 \u0623\u062b\u0646\u0627\u0621 \u0627\u0644\u0623\u0646\u0634\u0637\u0629 \u0627\u0644\u0631\u064a\u0627\u0636\u064a\u0629 \u0648\u0627\u0644\u0628\u062f\u0646\u064a\u0629 \u0627\u0644\u0645\u0643\u062b\u0641\u0629. \u0627\u0644\u0645\u0643\u0648\u0646\u0627\u062a \u0648\u0627\u0644\u062e\u0635\u0627\u0626\u0635 \u0627\u0644\u0631\u0626\u064a\u0633\u064a\u0629 \u0639\u0637\u0631 \u0631\u064a\u0627\u0636\u064a \u0645\u0646\u0639\u0634 \u0645\u0635\u0645\u0645 \u0644\u0644\u0631\u062c\u0627\u0644 \u062a\u0631\u0643\u064a\u0628\u0629 \u0642\u0648\u064a\u0629 \u0645\u0636\u0627\u062f\u0629 \u0644\u0644\u0631\u0648\u0627\u0626\u062d \u0645\u0646\u0627\u0633\u0628 \u0644\u0644\u0627\u0633\u062a\u062e\u062f\u0627\u0645 \u0623\u062b\u0646\u0627\u0621 [&hellip;]<\/p>\n","protected":false},"featured_media":36539,"template":"","meta":[],"pwb-brand":[1407],"product_brand":[],"product_cat":[1228],"product_tag":[686,1459],"class_list":{"0":"post-36581","1":"product","2":"type-product","3":"status-publish","4":"has-post-thumbnail","6":"pwb-brand-tulipan-negro","7":"product_cat-deodorants","8":"product_tag-deodorant","9":"product_tag-1459","11":"first","12":"instock","13":"shipping-taxable","14":"purchasable","15":"product-type-variable","16":"has-default-attributes","17":"wvs-archive-product-wrapper"},"brands":[{"id":1407,"name":"Tulipan Negro","slug":"tulipan-negro"}],"_links":{"self":[{"href":"https:\/\/gopinkish.com\/fr\/wp-json\/wp\/v2\/product\/36581","targetHints":{"allow":["GET"]}}],"collection":[{"href":"https:\/\/gopinkish.com\/fr\/wp-json\/wp\/v2\/product"}],"about":[{"href":"https:\/\/gopinkish.com\/fr\/wp-json\/wp\/v2\/types\/product"}],"wp:featuredmedia":[{"embeddable":true,"href":"https:\/\/gopinkish.com\/fr\/wp-json\/wp\/v2\/media\/36539"}],"wp:attachment":[{"href":"https:\/\/gopinkish.com\/fr\/wp-json\/wp\/v2\/media?parent=36581"}],"wp:term":[{"taxonomy":"pwb-brand","embeddable":true,"href":"https:\/\/gopinkish.com\/fr\/wp-json\/wp\/v2\/pwb-brand?post=36581"},{"taxonomy":"product_brand","embeddable":true,"href":"https:\/\/gopinkish.com\/fr\/wp-json\/wp\/v2\/product_brand?post=36581"},{"taxonomy":"product_cat","embeddable":true,"href":"https:\/\/gopinkish.com\/fr\/wp-json\/wp\/v2\/product_cat?post=36581"},{"taxonomy":"product_tag","embeddable":true,"href":"https:\/\/gopinkish.com\/fr\/wp-json\/wp\/v2\/product_tag?post=36581"}],"curies":[{"name":"wp","href":"https:\/\/api.w.org\/{rel}","templated":true}]}}