{"id":36579,"date":"2025-02-25T18:02:30","date_gmt":"2025-02-25T17:02:30","guid":{"rendered":"https:\/\/gopinkish.com\/?post_type=product&#038;p=36579"},"modified":"2026-03-02T16:13:29","modified_gmt":"2026-03-02T15:13:29","slug":"8410751031161","status":"publish","type":"product","link":"https:\/\/gopinkish.com\/fr\/produit\/8410751031161\/","title":{"rendered":"d\u00e9odorant corporel parfum original"},"content":{"rendered":"<p style=\"text-align: justify;\">Tulipan Negro Fragancia Original Body Deo Spray de Tulipan Negro est un d\u00e9odorant espagnol en spray pour le corps avec le parfum original caract\u00e9ristique de la marque. Son parfum classique est devenu un symbole de l'\u00e9l\u00e9gance espagnole. Sa formule efficace offre une protection contre les odeurs et un parfum qui dure toute la journ\u00e9e.<\/p>\n<p><strong>Principaux ingr\u00e9dients et caract\u00e9ristiques<\/strong><\/p>\n<ul>\n<li>La signature originale de Tulipan Negro<\/li>\n<li>Formule classique espagnole<\/li>\n<li>Utilisable sur l'ensemble du corps<\/li>\n<li>Composants de haute qualit\u00e9<\/li>\n<\/ul>\n<p><strong>Principales caract\u00e9ristiques et avantages<\/strong><\/p>\n<ul>\n<li>Un parfum original, distinctif et \u00e9l\u00e9gant qui dure toute la journ\u00e9e.<\/li>\n<li>Protection efficace contre les odeurs<\/li>\n<li>Convient comme spray corporel et d\u00e9odorant<\/li>\n<li>Spray l\u00e9ger \u00e0 absorption rapide<\/li>\n<\/ul>\n<p style=\"text-align: center;\">\ud83c\uddec\ud83c\udde7 Tulipan Negro - Le parfum original embl\u00e9matique<\/p>\n<p style=\"text-align: center;\">\ud83c\uddeb\ud83c\uddf7 Tulipan Negro - Le parfum original iconique<\/p>","protected":false},"excerpt":{"rendered":"<p>\u0645\u0646\u062a\u062c Tulipan Negro Fragancia Original Body Deo Spray \u0645\u0646 \u062a\u0648\u0644\u064a\u0628\u0627\u0646 \u0646\u064a\u063a\u0631\u0648 \u0647\u0648 \u0628\u062e\u0627\u062e \u0645\u0632\u064a\u0644 \u0639\u0631\u0642 \u0625\u0633\u0628\u0627\u0646\u064a \u0644\u0644\u062c\u0633\u0645 \u0628\u0627\u0644\u0639\u0637\u0631 \u0627\u0644\u0623\u0635\u0644\u064a \u0627\u0644\u0645\u0645\u064a\u0632 \u0644\u0644\u0639\u0644\u0627\u0645\u0629 \u0627\u0644\u062a\u062c\u0627\u0631\u064a\u0629. \u064a\u062a\u0645\u064a\u0632 \u0628\u0639\u0637\u0631\u0647 \u0627\u0644\u0643\u0644\u0627\u0633\u064a\u0643\u064a \u0627\u0644\u0630\u064a \u0623\u0635\u0628\u062d \u0631\u0645\u0632\u0627\u064b \u0644\u0644\u0623\u0646\u0627\u0642\u0629 \u0627\u0644\u0625\u0633\u0628\u0627\u0646\u064a\u0629. \u062a\u0631\u0643\u064a\u0628\u062a\u0647 \u0627\u0644\u0641\u0639\u0627\u0644\u0629 \u062a\u0645\u0646\u062d \u062d\u0645\u0627\u064a\u0629 \u0645\u0646 \u0627\u0644\u0631\u0648\u0627\u0626\u062d \u0645\u0639 \u0639\u0637\u0631 \u064a\u062f\u0648\u0645 \u0637\u0648\u0627\u0644 \u0627\u0644\u064a\u0648\u0645. \u0627\u0644\u0645\u0643\u0648\u0646\u0627\u062a \u0648\u0627\u0644\u062e\u0635\u0627\u0626\u0635 \u0627\u0644\u0631\u0626\u064a\u0633\u064a\u0629 \u0627\u0644\u0639\u0637\u0631 \u0627\u0644\u0623\u0635\u0644\u064a \u0627\u0644\u0645\u0645\u064a\u0632 \u0644\u062a\u0648\u0644\u064a\u0628\u0627\u0646 \u0646\u064a\u063a\u0631\u0648 \u062a\u0631\u0643\u064a\u0628\u0629 \u0625\u0633\u0628\u0627\u0646\u064a\u0629 \u0643\u0644\u0627\u0633\u064a\u0643\u064a\u0629 \u0645\u0646\u0627\u0633\u0628 \u0644\u0644\u0627\u0633\u062a\u062e\u062f\u0627\u0645 \u0639\u0644\u0649 [&hellip;]<\/p>\n","protected":false},"featured_media":36538,"template":"","meta":[],"pwb-brand":[1407],"product_brand":[],"product_cat":[1228],"product_tag":[686],"class_list":{"0":"post-36579","1":"product","2":"type-product","3":"status-publish","4":"has-post-thumbnail","6":"pwb-brand-tulipan-negro","7":"product_cat-deodorants","8":"product_tag-deodorant","10":"first","11":"instock","12":"shipping-taxable","13":"purchasable","14":"product-type-variable","15":"has-default-attributes","16":"wvs-archive-product-wrapper"},"brands":[{"id":1407,"name":"Tulipan Negro","slug":"tulipan-negro"}],"_links":{"self":[{"href":"https:\/\/gopinkish.com\/fr\/wp-json\/wp\/v2\/product\/36579","targetHints":{"allow":["GET"]}}],"collection":[{"href":"https:\/\/gopinkish.com\/fr\/wp-json\/wp\/v2\/product"}],"about":[{"href":"https:\/\/gopinkish.com\/fr\/wp-json\/wp\/v2\/types\/product"}],"wp:featuredmedia":[{"embeddable":true,"href":"https:\/\/gopinkish.com\/fr\/wp-json\/wp\/v2\/media\/36538"}],"wp:attachment":[{"href":"https:\/\/gopinkish.com\/fr\/wp-json\/wp\/v2\/media?parent=36579"}],"wp:term":[{"taxonomy":"pwb-brand","embeddable":true,"href":"https:\/\/gopinkish.com\/fr\/wp-json\/wp\/v2\/pwb-brand?post=36579"},{"taxonomy":"product_brand","embeddable":true,"href":"https:\/\/gopinkish.com\/fr\/wp-json\/wp\/v2\/product_brand?post=36579"},{"taxonomy":"product_cat","embeddable":true,"href":"https:\/\/gopinkish.com\/fr\/wp-json\/wp\/v2\/product_cat?post=36579"},{"taxonomy":"product_tag","embeddable":true,"href":"https:\/\/gopinkish.com\/fr\/wp-json\/wp\/v2\/product_tag?post=36579"}],"curies":[{"name":"wp","href":"https:\/\/api.w.org\/{rel}","templated":true}]}}