{"id":36577,"date":"2025-02-25T18:02:29","date_gmt":"2025-02-25T17:02:29","guid":{"rendered":"https:\/\/gopinkish.com\/?post_type=product&#038;p=36577"},"modified":"2026-03-02T16:13:02","modified_gmt":"2026-03-02T15:13:02","slug":"8410751031369","status":"publish","type":"product","link":"https:\/\/gopinkish.com\/fr\/produit\/8410751031369\/","title":{"rendered":"D\u00e9odorant corporel en spray avec cr\u00e8me savonneuse"},"content":{"rendered":"<p style=\"text-align: justify;\">Tulipan Negro Crema de Jab\u00f3n Body Deo Spray de Tulipan Negro est un d\u00e9odorant espagnol en spray pour le corps au parfum doux et propre de cr\u00e8me de savon. Il vous laisse une sensation de propret\u00e9 et de fra\u00eecheur, comme si vous veniez de sortir de la douche. Sa formule l\u00e9g\u00e8re convient \u00e0 un usage quotidien sur tout le corps.<\/p>\n<p><strong>Principaux ingr\u00e9dients et caract\u00e9ristiques<\/strong><\/p>\n<ul>\n<li>Parfum de cr\u00e8me de savon propre et rafra\u00eechissant<\/li>\n<li>Formule espagnole de haute qualit\u00e9<\/li>\n<li>Utilisable sur l'ensemble du corps<\/li>\n<li>Ingr\u00e9dients respectueux de la peau<\/li>\n<\/ul>\n<p><strong>Principales caract\u00e9ristiques et avantages<\/strong><\/p>\n<ul>\n<li>Procure un parfum propre qui dure toute la journ\u00e9e<\/li>\n<li>Convient comme d\u00e9odorant et spray corporel<\/li>\n<li>Spray l\u00e9ger et non marquant<\/li>\n<li>Un parfum classique et intemporel<\/li>\n<\/ul>\n<p style=\"text-align: center;\">\ud83c\uddec\ud83c\udde7 Tulipan Negro - Savon propre et frais pour votre corps<\/p>\n<p style=\"text-align: center;\">\ud83c\uddeb\ud83c\uddf7 Tulipan Negro - Fra\u00eecheur savon pour votre corps<\/p>","protected":false},"excerpt":{"rendered":"<p>\u0645\u0646\u062a\u062c Tulipan Negro Crema de Jab\u00f3n Body Deo Spray \u0645\u0646 \u062a\u0648\u0644\u064a\u0628\u0627\u0646 \u0646\u064a\u063a\u0631\u0648 \u0647\u0648 \u0628\u062e\u0627\u062e \u0645\u0632\u064a\u0644 \u0639\u0631\u0642 \u0625\u0633\u0628\u0627\u0646\u064a \u0644\u0644\u062c\u0633\u0645 \u0628\u0639\u0637\u0631 \u0643\u0631\u064a\u0645\u0629 \u0627\u0644\u0635\u0627\u0628\u0648\u0646 \u0627\u0644\u0646\u0627\u0639\u0645 \u0648\u0627\u0644\u0646\u0638\u064a\u0641. \u064a\u0645\u0646\u062d \u0634\u0639\u0648\u0631\u0627\u064b \u0628\u0627\u0644\u0646\u0638\u0627\u0641\u0629 \u0648\u0627\u0644\u0627\u0646\u062a\u0639\u0627\u0634 \u0643\u0645\u0627 \u0644\u0648 \u062e\u0631\u062c\u062a \u0644\u0644\u062a\u0648 \u0645\u0646 \u0627\u0644\u0627\u0633\u062a\u062d\u0645\u0627\u0645. \u062a\u0631\u0643\u064a\u0628\u062a\u0647 \u0627\u0644\u062e\u0641\u064a\u0641\u0629 \u0645\u0646\u0627\u0633\u0628\u0629 \u0644\u0644\u0627\u0633\u062a\u062e\u062f\u0627\u0645 \u0627\u0644\u064a\u0648\u0645\u064a \u0639\u0644\u0649 \u0643\u0627\u0645\u0644 \u0627\u0644\u062c\u0633\u0645. \u0627\u0644\u0645\u0643\u0648\u0646\u0627\u062a \u0648\u0627\u0644\u062e\u0635\u0627\u0626\u0635 \u0627\u0644\u0631\u0626\u064a\u0633\u064a\u0629 \u0639\u0637\u0631 \u0643\u0631\u064a\u0645\u0629 \u0627\u0644\u0635\u0627\u0628\u0648\u0646 \u0627\u0644\u0646\u0638\u064a\u0641 \u0648\u0627\u0644\u0645\u0646\u0639\u0634 \u062a\u0631\u0643\u064a\u0628\u0629 \u0625\u0633\u0628\u0627\u0646\u064a\u0629 \u0639\u0627\u0644\u064a\u0629 \u0627\u0644\u062c\u0648\u062f\u0629 \u0645\u0646\u0627\u0633\u0628 \u0644\u0644\u0627\u0633\u062a\u062e\u062f\u0627\u0645 [&hellip;]<\/p>\n","protected":false},"featured_media":36537,"template":"","meta":[],"pwb-brand":[1407],"product_brand":[],"product_cat":[1228],"product_tag":[686],"class_list":{"0":"post-36577","1":"product","2":"type-product","3":"status-publish","4":"has-post-thumbnail","6":"pwb-brand-tulipan-negro","7":"product_cat-deodorants","8":"product_tag-deodorant","10":"first","11":"instock","12":"shipping-taxable","13":"purchasable","14":"product-type-variable","15":"has-default-attributes","16":"wvs-archive-product-wrapper"},"brands":[{"id":1407,"name":"Tulipan Negro","slug":"tulipan-negro"}],"_links":{"self":[{"href":"https:\/\/gopinkish.com\/fr\/wp-json\/wp\/v2\/product\/36577","targetHints":{"allow":["GET"]}}],"collection":[{"href":"https:\/\/gopinkish.com\/fr\/wp-json\/wp\/v2\/product"}],"about":[{"href":"https:\/\/gopinkish.com\/fr\/wp-json\/wp\/v2\/types\/product"}],"wp:featuredmedia":[{"embeddable":true,"href":"https:\/\/gopinkish.com\/fr\/wp-json\/wp\/v2\/media\/36537"}],"wp:attachment":[{"href":"https:\/\/gopinkish.com\/fr\/wp-json\/wp\/v2\/media?parent=36577"}],"wp:term":[{"taxonomy":"pwb-brand","embeddable":true,"href":"https:\/\/gopinkish.com\/fr\/wp-json\/wp\/v2\/pwb-brand?post=36577"},{"taxonomy":"product_brand","embeddable":true,"href":"https:\/\/gopinkish.com\/fr\/wp-json\/wp\/v2\/product_brand?post=36577"},{"taxonomy":"product_cat","embeddable":true,"href":"https:\/\/gopinkish.com\/fr\/wp-json\/wp\/v2\/product_cat?post=36577"},{"taxonomy":"product_tag","embeddable":true,"href":"https:\/\/gopinkish.com\/fr\/wp-json\/wp\/v2\/product_tag?post=36577"}],"curies":[{"name":"wp","href":"https:\/\/api.w.org\/{rel}","templated":true}]}}