{"id":36573,"date":"2025-02-25T18:02:28","date_gmt":"2025-02-25T17:02:28","guid":{"rendered":"https:\/\/gopinkish.com\/?post_type=product&#038;p=36573"},"modified":"2026-02-25T19:49:58","modified_gmt":"2026-02-25T18:49:58","slug":"3058320021028","status":"publish","type":"product","link":"https:\/\/gopinkish.com\/fr\/produit\/3058320021028\/","title":{"rendered":"D\u00e9odorant fra\u00eecheur florale 24 heures"},"content":{"rendered":"<p style=\"text-align: justify;\">Narta Deodorant Fra\u00eecheur Florale 24H est un d\u00e9odorant fran\u00e7ais au parfum floral frais qui offre une protection pendant 24 heures. Il poss\u00e8de un \u00e9l\u00e9gant parfum floral qui procure une sensation de f\u00e9minit\u00e9 et de fra\u00eecheur. Sa formule efficace pr\u00e9vient les odeurs tout en restant douce pour la peau.<\/p>\n<p><strong>Principaux ingr\u00e9dients et caract\u00e9ristiques<\/strong><\/p>\n<ul>\n<li>Un parfum floral fran\u00e7ais \u00e9l\u00e9gant et frais<\/li>\n<li>Protection anti-odeur pendant 24 heures<\/li>\n<li>Formule respectueuse de la peau<\/li>\n<li>Composants de haute qualit\u00e9<\/li>\n<\/ul>\n<p><strong>Principales caract\u00e9ristiques et avantages<\/strong><\/p>\n<ul>\n<li>Un parfum floral \u00e9l\u00e9gant qui dure toute la journ\u00e9e<\/li>\n<li>Protection fiable contre les odeurs pendant 24 heures<\/li>\n<li>Une sensation de f\u00e9minit\u00e9 et de fra\u00eecheur<\/li>\n<li>Convient \u00e0 un usage quotidien<\/li>\n<\/ul>\n<p style=\"text-align: center;\">\ud83c\uddec\ud83c\udde7 Narta - Fra\u00eecheur florale, protection 24 heures sur 24<\/p>\n<p style=\"text-align: center;\">\ud83c\uddeb\ud83c\uddf7 Narta - Fra\u00eecheur florale, protection 24 heures<\/p>","protected":false},"excerpt":{"rendered":"<p>\u0645\u0646\u062a\u062c Narta Deodorant Fra\u00eecheur Florale 24H \u0645\u0646 \u0646\u0627\u0631\u062a\u0627 \u0647\u0648 \u0645\u0632\u064a\u0644 \u0639\u0631\u0642 \u0641\u0631\u0646\u0633\u064a \u0628\u0631\u0627\u0626\u062d\u0629 \u0627\u0644\u0623\u0632\u0647\u0627\u0631 \u0627\u0644\u0645\u0646\u0639\u0634\u0629 \u064a\u0648\u0641\u0631 \u062d\u0645\u0627\u064a\u0629 \u062a\u062f\u0648\u0645 24 \u0633\u0627\u0639\u0629. \u064a\u062a\u0645\u064a\u0632 \u0628\u0639\u0637\u0631\u0647 \u0627\u0644\u0632\u0647\u0631\u064a \u0627\u0644\u0623\u0646\u064a\u0642 \u0627\u0644\u0630\u064a \u064a\u0645\u0646\u062d \u0634\u0639\u0648\u0631\u0627\u064b \u0628\u0627\u0644\u0623\u0646\u0648\u062b\u0629 \u0648\u0627\u0644\u0627\u0646\u062a\u0639\u0627\u0634. \u062a\u0631\u0643\u064a\u0628\u062a\u0647 \u0627\u0644\u0641\u0639\u0627\u0644\u0629 \u062a\u0645\u0646\u0639 \u0638\u0647\u0648\u0631 \u0627\u0644\u0631\u0648\u0627\u0626\u062d \u0645\u0639 \u0627\u0644\u062d\u0641\u0627\u0638 \u0639\u0644\u0649 \u0644\u0637\u0627\u0641\u062a\u0647\u0627 \u0639\u0644\u0649 \u0627\u0644\u0628\u0634\u0631\u0629. \u0627\u0644\u0645\u0643\u0648\u0646\u0627\u062a \u0648\u0627\u0644\u062e\u0635\u0627\u0626\u0635 \u0627\u0644\u0631\u0626\u064a\u0633\u064a\u0629 \u0639\u0637\u0631 \u0632\u0647\u0631\u064a \u0641\u0631\u0646\u0633\u064a \u0623\u0646\u064a\u0642 \u0648\u0645\u0646\u0639\u0634 \u062d\u0645\u0627\u064a\u0629 \u0645\u0636\u0627\u062f\u0629 \u0644\u0644\u0631\u0648\u0627\u0626\u062d \u062a\u062f\u0648\u0645 24 \u0633\u0627\u0639\u0629 \u062a\u0631\u0643\u064a\u0628\u0629 [&hellip;]<\/p>\n","protected":false},"featured_media":36535,"template":"","meta":[],"pwb-brand":[1056],"product_brand":[],"product_cat":[1228],"product_tag":[686],"class_list":{"0":"post-36573","1":"product","2":"type-product","3":"status-publish","4":"has-post-thumbnail","6":"pwb-brand-narta","7":"product_cat-deodorants","8":"product_tag-deodorant","10":"first","11":"instock","12":"shipping-taxable","13":"purchasable","14":"product-type-variable","15":"has-default-attributes","16":"wvs-archive-product-wrapper"},"brands":[{"id":1056,"name":"Narta","slug":"narta"}],"_links":{"self":[{"href":"https:\/\/gopinkish.com\/fr\/wp-json\/wp\/v2\/product\/36573","targetHints":{"allow":["GET"]}}],"collection":[{"href":"https:\/\/gopinkish.com\/fr\/wp-json\/wp\/v2\/product"}],"about":[{"href":"https:\/\/gopinkish.com\/fr\/wp-json\/wp\/v2\/types\/product"}],"wp:featuredmedia":[{"embeddable":true,"href":"https:\/\/gopinkish.com\/fr\/wp-json\/wp\/v2\/media\/36535"}],"wp:attachment":[{"href":"https:\/\/gopinkish.com\/fr\/wp-json\/wp\/v2\/media?parent=36573"}],"wp:term":[{"taxonomy":"pwb-brand","embeddable":true,"href":"https:\/\/gopinkish.com\/fr\/wp-json\/wp\/v2\/pwb-brand?post=36573"},{"taxonomy":"product_brand","embeddable":true,"href":"https:\/\/gopinkish.com\/fr\/wp-json\/wp\/v2\/product_brand?post=36573"},{"taxonomy":"product_cat","embeddable":true,"href":"https:\/\/gopinkish.com\/fr\/wp-json\/wp\/v2\/product_cat?post=36573"},{"taxonomy":"product_tag","embeddable":true,"href":"https:\/\/gopinkish.com\/fr\/wp-json\/wp\/v2\/product_tag?post=36573"}],"curies":[{"name":"wp","href":"https:\/\/api.w.org\/{rel}","templated":true}]}}