{"id":36571,"date":"2025-02-25T18:02:27","date_gmt":"2025-02-25T17:02:27","guid":{"rendered":"https:\/\/gopinkish.com\/?post_type=product&#038;p=36571"},"modified":"2026-02-25T19:50:49","modified_gmt":"2026-02-25T18:50:49","slug":"3600551044118","status":"publish","type":"product","link":"https:\/\/gopinkish.com\/fr\/produit\/3600551044118\/","title":{"rendered":"D\u00e9odorant avec protection tout au long de la journ\u00e9e"},"content":{"rendered":"<p style=\"text-align: justify;\">Le D\u00e9odorant Protection de Narta est un d\u00e9odorant fran\u00e7ais qui offre une protection fiable contre la sueur et les odeurs. Sa formule efficace vous laisse une sensation de propret\u00e9 et de fra\u00eecheur tout au long de la journ\u00e9e. Il convient \u00e0 un usage quotidien et procure une confiance durable.<\/p>\n<p><strong>Principaux ingr\u00e9dients et caract\u00e9ristiques<\/strong><\/p>\n<ul>\n<li>Une formule anti-transpirante fran\u00e7aise efficace<\/li>\n<li>Ingr\u00e9dients antibact\u00e9riens responsables des odeurs<\/li>\n<li>Doux pour la peau<\/li>\n<li>Spray \u00e0 s\u00e9chage rapide<\/li>\n<\/ul>\n<p><strong>Principales caract\u00e9ristiques et avantages<\/strong><\/p>\n<ul>\n<li>Protection efficace contre la transpiration et les odeurs<\/li>\n<li>Sensation de fra\u00eecheur et de propret\u00e9<\/li>\n<li>Ne tache pas les v\u00eatements<\/li>\n<li>Convient \u00e0 tous les types de peau<\/li>\n<\/ul>\n<p style=\"text-align: center;\">\ud83c\uddec\ud83c\udde7 Narta - Protection efficace, qualit\u00e9 fran\u00e7aise<\/p>\n<p style=\"text-align: center;\">\ud83c\uddeb\ud83c\uddf7 Narta - Protection efficace, qualit\u00e9 fran\u00e7aise<\/p>","protected":false},"excerpt":{"rendered":"<p>\u0645\u0646\u062a\u062c Narta Deodorant Protection \u0645\u0646 \u0646\u0627\u0631\u062a\u0627 \u0647\u0648 \u0645\u0632\u064a\u0644 \u0639\u0631\u0642 \u0641\u0631\u0646\u0633\u064a \u064a\u0648\u0641\u0631 \u062d\u0645\u0627\u064a\u0629 \u0645\u0648\u062b\u0648\u0642\u0629 \u0645\u0646 \u0627\u0644\u062a\u0639\u0631\u0642 \u0648\u0627\u0644\u0631\u0648\u0627\u0626\u062d. \u064a\u062a\u0645\u064a\u0632 \u0628\u062a\u0631\u0643\u064a\u0628\u062a\u0647 \u0627\u0644\u0641\u0639\u0627\u0644\u0629 \u0627\u0644\u062a\u064a \u062a\u0645\u0646\u062d \u0634\u0639\u0648\u0631\u0627\u064b \u0628\u0627\u0644\u0646\u0638\u0627\u0641\u0629 \u0648\u0627\u0644\u0627\u0646\u062a\u0639\u0627\u0634 \u0637\u0648\u0627\u0644 \u0627\u0644\u064a\u0648\u0645. \u0645\u0646\u0627\u0633\u0628 \u0644\u0644\u0627\u0633\u062a\u062e\u062f\u0627\u0645 \u0627\u0644\u064a\u0648\u0645\u064a \u0648\u064a\u0645\u0646\u062d \u062b\u0642\u0629 \u062f\u0627\u0626\u0645\u0629. \u0627\u0644\u0645\u0643\u0648\u0646\u0627\u062a \u0648\u0627\u0644\u062e\u0635\u0627\u0626\u0635 \u0627\u0644\u0631\u0626\u064a\u0633\u064a\u0629 \u062a\u0631\u0643\u064a\u0628\u0629 \u0641\u0631\u0646\u0633\u064a\u0629 \u0641\u0639\u0627\u0644\u0629 \u0645\u0636\u0627\u062f\u0629 \u0644\u0644\u062a\u0639\u0631\u0642 \u0645\u0643\u0648\u0646\u0627\u062a \u0645\u0636\u0627\u062f\u0629 \u0644\u0644\u0628\u0643\u062a\u064a\u0631\u064a\u0627 \u0627\u0644\u0645\u0633\u0628\u0628\u0629 \u0644\u0644\u0631\u0648\u0627\u0626\u062d \u0644\u0637\u064a\u0641 \u0639\u0644\u0649 \u0627\u0644\u0628\u0634\u0631\u0629 \u0631\u0630\u0627\u0630 \u0633\u0631\u064a\u0639 \u0627\u0644\u062c\u0641\u0627\u0641 \u0627\u0644\u0645\u064a\u0632\u0627\u062a \u0648\u0627\u0644\u0641\u0648\u0627\u0626\u062f \u0627\u0644\u0631\u0626\u064a\u0633\u064a\u0629 \u062d\u0645\u0627\u064a\u0629 [&hellip;]<\/p>\n","protected":false},"featured_media":36534,"template":"","meta":[],"pwb-brand":[1056],"product_brand":[],"product_cat":[1228],"product_tag":[686],"class_list":{"0":"post-36571","1":"product","2":"type-product","3":"status-publish","4":"has-post-thumbnail","6":"pwb-brand-narta","7":"product_cat-deodorants","8":"product_tag-deodorant","10":"first","11":"instock","12":"shipping-taxable","13":"purchasable","14":"product-type-variable","15":"has-default-attributes","16":"wvs-archive-product-wrapper"},"brands":[{"id":1056,"name":"Narta","slug":"narta"}],"_links":{"self":[{"href":"https:\/\/gopinkish.com\/fr\/wp-json\/wp\/v2\/product\/36571","targetHints":{"allow":["GET"]}}],"collection":[{"href":"https:\/\/gopinkish.com\/fr\/wp-json\/wp\/v2\/product"}],"about":[{"href":"https:\/\/gopinkish.com\/fr\/wp-json\/wp\/v2\/types\/product"}],"wp:featuredmedia":[{"embeddable":true,"href":"https:\/\/gopinkish.com\/fr\/wp-json\/wp\/v2\/media\/36534"}],"wp:attachment":[{"href":"https:\/\/gopinkish.com\/fr\/wp-json\/wp\/v2\/media?parent=36571"}],"wp:term":[{"taxonomy":"pwb-brand","embeddable":true,"href":"https:\/\/gopinkish.com\/fr\/wp-json\/wp\/v2\/pwb-brand?post=36571"},{"taxonomy":"product_brand","embeddable":true,"href":"https:\/\/gopinkish.com\/fr\/wp-json\/wp\/v2\/product_brand?post=36571"},{"taxonomy":"product_cat","embeddable":true,"href":"https:\/\/gopinkish.com\/fr\/wp-json\/wp\/v2\/product_cat?post=36571"},{"taxonomy":"product_tag","embeddable":true,"href":"https:\/\/gopinkish.com\/fr\/wp-json\/wp\/v2\/product_tag?post=36571"}],"curies":[{"name":"wp","href":"https:\/\/api.w.org\/{rel}","templated":true}]}}