{"id":36569,"date":"2025-02-25T18:02:26","date_gmt":"2025-02-25T17:02:26","guid":{"rendered":"https:\/\/gopinkish.com\/?post_type=product&#038;p=36569"},"modified":"2026-04-01T18:40:54","modified_gmt":"2026-04-01T17:40:54","slug":"3052503507347","status":"publish","type":"product","link":"https:\/\/gopinkish.com\/fr\/produit\/3052503507347\/","title":{"rendered":"D\u00e9odorant 24 heures pour peau sensible"},"content":{"rendered":"<p style=\"text-align: justify;\">Grains de Beaut\u00e9 24H D\u00e9odorant Sp\u00e9cial Peaux Sensibles est un d\u00e9odorant fran\u00e7ais sp\u00e9cialement con\u00e7u pour les peaux sensibles. Il offre une protection douce et efficace contre les odeurs pendant 24 heures sans provoquer d'irritation ou de rougeur. Sa formule non irritante le rend id\u00e9al pour les personnes \u00e0 la peau sensible.<\/p>\n<p><strong>Principaux ingr\u00e9dients et caract\u00e9ristiques<\/strong><\/p>\n<ul>\n<li>Formule douce pour les peaux sensibles<\/li>\n<li>Sans alcool ni parfum irritant<\/li>\n<li>Protection contre les odeurs pendant 24 heures<\/li>\n<li>Ingr\u00e9dients apaisants<\/li>\n<\/ul>\n<p><strong>Principales caract\u00e9ristiques et avantages<\/strong><\/p>\n<ul>\n<li>Protection efficace sans irritation<\/li>\n<li>Convient aux peaux hypersensibles<\/li>\n<li>R\u00e9duit le risque de rougeurs et de d\u00e9mangeaisons<\/li>\n<li>Utilisation quotidienne s\u00fbre et confortable<\/li>\n<\/ul>\n<p style=\"text-align: center;\">\ud83c\uddec\ud83c\udde7 Grains de Beaut\u00e9 - Soin doux pour les peaux sensibles<\/p>\n<p style=\"text-align: center;\">\ud83c\uddeb\ud83c\uddf7 Grains de Beaut\u00e9 - Soin doux pour peaux sensibles<\/p>","protected":false},"excerpt":{"rendered":"<p>\u0645\u0646\u062a\u062c Grains de Beaut\u00e9 24H Deodorant Special Peaux Sensibles \u0645\u0646 \u063a\u0631\u0627\u0646 \u062f\u0648 \u0628\u0648\u062a\u064a\u0647 \u0647\u0648 \u0645\u0632\u064a\u0644 \u0639\u0631\u0642 \u0641\u0631\u0646\u0633\u064a \u0645\u0635\u0645\u0645 \u062e\u0635\u064a\u0635\u0627\u064b \u0644\u0644\u0628\u0634\u0631\u0629 \u0627\u0644\u062d\u0633\u0627\u0633\u0629. \u064a\u0648\u0641\u0631 \u062d\u0645\u0627\u064a\u0629 \u0644\u0637\u064a\u0641\u0629 \u0648\u0641\u0639\u0627\u0644\u0629 \u0645\u0646 \u0627\u0644\u0631\u0648\u0627\u0626\u062d \u062a\u062f\u0648\u0645 24 \u0633\u0627\u0639\u0629 \u062f\u0648\u0646 \u0627\u0644\u062a\u0633\u0628\u0628 \u0641\u064a \u062a\u0647\u064a\u062c \u0623\u0648 \u0627\u062d\u0645\u0631\u0627\u0631. \u062a\u0631\u0643\u064a\u0628\u062a\u0647 \u0627\u0644\u062e\u0627\u0644\u064a\u0629 \u0645\u0646 \u0627\u0644\u0645\u0648\u0627\u062f \u0627\u0644\u0645\u0647\u064a\u062c\u0629 \u062a\u062c\u0639\u0644\u0647 \u0627\u0644\u062e\u064a\u0627\u0631 \u0627\u0644\u0623\u0645\u062b\u0644 \u0644\u0623\u0635\u062d\u0627\u0628 \u0627\u0644\u0628\u0634\u0631\u0629 \u0627\u0644\u062d\u0633\u0627\u0633\u0629. \u0627\u0644\u0645\u0643\u0648\u0646\u0627\u062a \u0648\u0627\u0644\u062e\u0635\u0627\u0626\u0635 \u0627\u0644\u0631\u0626\u064a\u0633\u064a\u0629 \u062a\u0631\u0643\u064a\u0628\u0629 \u0644\u0637\u064a\u0641\u0629 \u0645\u062e\u0635\u0635\u0629 \u0644\u0644\u0628\u0634\u0631\u0629 \u0627\u0644\u062d\u0633\u0627\u0633\u0629 [&hellip;]<\/p>\n","protected":false},"featured_media":36533,"template":"","meta":[],"pwb-brand":[],"product_brand":[],"product_cat":[1228],"product_tag":[688,686],"class_list":{"0":"post-36569","1":"product","2":"type-product","3":"status-publish","4":"has-post-thumbnail","6":"product_cat-deodorants","7":"product_tag-sensitive","8":"product_tag-deodorant","10":"first","11":"instock","12":"shipping-taxable","13":"purchasable","14":"product-type-variable","15":"has-default-attributes","16":"wvs-archive-product-wrapper"},"brands":[],"_links":{"self":[{"href":"https:\/\/gopinkish.com\/fr\/wp-json\/wp\/v2\/product\/36569","targetHints":{"allow":["GET"]}}],"collection":[{"href":"https:\/\/gopinkish.com\/fr\/wp-json\/wp\/v2\/product"}],"about":[{"href":"https:\/\/gopinkish.com\/fr\/wp-json\/wp\/v2\/types\/product"}],"wp:featuredmedia":[{"embeddable":true,"href":"https:\/\/gopinkish.com\/fr\/wp-json\/wp\/v2\/media\/36533"}],"wp:attachment":[{"href":"https:\/\/gopinkish.com\/fr\/wp-json\/wp\/v2\/media?parent=36569"}],"wp:term":[{"taxonomy":"pwb-brand","embeddable":true,"href":"https:\/\/gopinkish.com\/fr\/wp-json\/wp\/v2\/pwb-brand?post=36569"},{"taxonomy":"product_brand","embeddable":true,"href":"https:\/\/gopinkish.com\/fr\/wp-json\/wp\/v2\/product_brand?post=36569"},{"taxonomy":"product_cat","embeddable":true,"href":"https:\/\/gopinkish.com\/fr\/wp-json\/wp\/v2\/product_cat?post=36569"},{"taxonomy":"product_tag","embeddable":true,"href":"https:\/\/gopinkish.com\/fr\/wp-json\/wp\/v2\/product_tag?post=36569"}],"curies":[{"name":"wp","href":"https:\/\/api.w.org\/{rel}","templated":true}]}}