{"id":36567,"date":"2025-02-25T18:02:26","date_gmt":"2025-02-25T17:02:26","guid":{"rendered":"https:\/\/gopinkish.com\/?post_type=product&#038;p=36567"},"modified":"2026-02-25T19:51:11","modified_gmt":"2026-02-25T18:51:11","slug":"3052503507392","status":"publish","type":"product","link":"https:\/\/gopinkish.com\/fr\/produit\/3052503507392\/","title":{"rendered":"D\u00e9odorant anti-taches 24 heures"},"content":{"rendered":"<p style=\"text-align: justify;\">Grains de Beaut\u00e9 24H D\u00e9odorant Anti-Traces Jaunes est un d\u00e9odorant fran\u00e7ais sp\u00e9cialement con\u00e7u pour pr\u00e9venir l'apparition de taches jaunes sur les v\u00eatements. Il offre une protection efficace contre les odeurs pendant 24 heures gr\u00e2ce \u00e0 une formule innovante qui permet de garder les v\u00eatements blancs et l\u00e9gers propres.<\/p>\n<p><strong>Principaux ingr\u00e9dients et caract\u00e9ristiques<\/strong><\/p>\n<ul>\n<li>Formule innovante anti-taches jaunes<\/li>\n<li>Protection contre les odeurs pendant 24 heures<\/li>\n<li>Des ingr\u00e9dients doux qui ne r\u00e9agissent pas avec les tissus<\/li>\n<li>Exempt de substances jaunissantes<\/li>\n<\/ul>\n<p><strong>Principales caract\u00e9ristiques et avantages<\/strong><\/p>\n<ul>\n<li>Pr\u00e9vient la formation de taches jaunes sur les v\u00eatements<\/li>\n<li>Protection fiable contre les odeurs pendant 24 heures<\/li>\n<li>Garde les v\u00eatements blancs propres<\/li>\n<li>Convient \u00e0 un usage quotidien<\/li>\n<\/ul>\n<p style=\"text-align: center;\">\ud83c\uddec\ud83c\udde7 Grains de Beaut\u00e9 - Pas de taches jaunes, frais toute la journ\u00e9e<\/p>\n<p style=\"text-align: center;\">\ud83c\uddeb\ud83c\uddf7 Grains de Beaut\u00e9 - Anti-traces jaunes, fra\u00eecheur toute la journ\u00e9e<\/p>","protected":false},"excerpt":{"rendered":"<p>\u0645\u0646\u062a\u062c Grains de Beaut\u00e9 24H Deodorant Anti-Traces Jaunes \u0645\u0646 \u063a\u0631\u0627\u0646 \u062f\u0648 \u0628\u0648\u062a\u064a\u0647 \u0647\u0648 \u0645\u0632\u064a\u0644 \u0639\u0631\u0642 \u0641\u0631\u0646\u0633\u064a \u0645\u0635\u0645\u0645 \u062e\u0635\u064a\u0635\u0627\u064b \u0644\u0645\u0646\u0639 \u0638\u0647\u0648\u0631 \u0627\u0644\u0628\u0642\u0639 \u0627\u0644\u0635\u0641\u0631\u0627\u0621 \u0639\u0644\u0649 \u0627\u0644\u0645\u0644\u0627\u0628\u0633. \u064a\u0648\u0641\u0631 \u062d\u0645\u0627\u064a\u0629 \u0641\u0639\u0627\u0644\u0629 \u0645\u0646 \u0627\u0644\u0631\u0648\u0627\u0626\u062d \u062a\u062f\u0648\u0645 24 \u0633\u0627\u0639\u0629 \u0645\u0639 \u062a\u0631\u0643\u064a\u0628\u0629 \u0645\u0628\u062a\u0643\u0631\u0629 \u062a\u062d\u0627\u0641\u0638 \u0639\u0644\u0649 \u0646\u0638\u0627\u0641\u0629 \u0627\u0644\u0645\u0644\u0627\u0628\u0633 \u0627\u0644\u0628\u064a\u0636\u0627\u0621 \u0648\u0627\u0644\u0641\u0627\u062a\u062d\u0629. \u0627\u0644\u0645\u0643\u0648\u0646\u0627\u062a \u0648\u0627\u0644\u062e\u0635\u0627\u0626\u0635 \u0627\u0644\u0631\u0626\u064a\u0633\u064a\u0629 \u062a\u0631\u0643\u064a\u0628\u0629 \u0645\u0628\u062a\u0643\u0631\u0629 \u0645\u0636\u0627\u062f\u0629 \u0644\u0644\u0628\u0642\u0639 \u0627\u0644\u0635\u0641\u0631\u0627\u0621 \u062d\u0645\u0627\u064a\u0629 \u0645\u0646 \u0627\u0644\u0631\u0648\u0627\u0626\u062d \u062a\u062f\u0648\u0645 24 \u0633\u0627\u0639\u0629 [&hellip;]<\/p>\n","protected":false},"featured_media":36532,"template":"","meta":[],"pwb-brand":[],"product_brand":[],"product_cat":[1228],"product_tag":[686],"class_list":{"0":"post-36567","1":"product","2":"type-product","3":"status-publish","4":"has-post-thumbnail","6":"product_cat-deodorants","7":"product_tag-deodorant","9":"first","10":"instock","11":"shipping-taxable","12":"purchasable","13":"product-type-variable","14":"has-default-attributes","15":"wvs-archive-product-wrapper"},"brands":[],"_links":{"self":[{"href":"https:\/\/gopinkish.com\/fr\/wp-json\/wp\/v2\/product\/36567","targetHints":{"allow":["GET"]}}],"collection":[{"href":"https:\/\/gopinkish.com\/fr\/wp-json\/wp\/v2\/product"}],"about":[{"href":"https:\/\/gopinkish.com\/fr\/wp-json\/wp\/v2\/types\/product"}],"wp:featuredmedia":[{"embeddable":true,"href":"https:\/\/gopinkish.com\/fr\/wp-json\/wp\/v2\/media\/36532"}],"wp:attachment":[{"href":"https:\/\/gopinkish.com\/fr\/wp-json\/wp\/v2\/media?parent=36567"}],"wp:term":[{"taxonomy":"pwb-brand","embeddable":true,"href":"https:\/\/gopinkish.com\/fr\/wp-json\/wp\/v2\/pwb-brand?post=36567"},{"taxonomy":"product_brand","embeddable":true,"href":"https:\/\/gopinkish.com\/fr\/wp-json\/wp\/v2\/product_brand?post=36567"},{"taxonomy":"product_cat","embeddable":true,"href":"https:\/\/gopinkish.com\/fr\/wp-json\/wp\/v2\/product_cat?post=36567"},{"taxonomy":"product_tag","embeddable":true,"href":"https:\/\/gopinkish.com\/fr\/wp-json\/wp\/v2\/product_tag?post=36567"}],"curies":[{"name":"wp","href":"https:\/\/api.w.org\/{rel}","templated":true}]}}