{"id":36565,"date":"2025-02-25T18:02:25","date_gmt":"2025-02-25T17:02:25","guid":{"rendered":"https:\/\/gopinkish.com\/?post_type=product&#038;p=36565"},"modified":"2026-02-25T19:53:24","modified_gmt":"2026-02-25T18:53:24","slug":"3052503040301","status":"publish","type":"product","link":"https:\/\/gopinkish.com\/fr\/produit\/3052503040301\/","title":{"rendered":"D\u00e9odorant avec protection maximale de 48 heures"},"content":{"rendered":"<p style=\"text-align: justify;\">Grains de Beaut\u00e9 48H D\u00e9odorant Protection Extr\u00eame est un d\u00e9odorant fran\u00e7ais qui offre une protection maximale pendant 48 heures. Con\u00e7u pour ceux qui ont besoin d'une protection intensive lors des journ\u00e9es les plus actives. Sa formule puissante pr\u00e9vient efficacement la transpiration et les odeurs tout en maintenant la peau confortable.<\/p>\n<p><strong>Principaux ingr\u00e9dients et caract\u00e9ristiques<\/strong><\/p>\n<ul>\n<li>Formule fran\u00e7aise intensive avec protection maximale<\/li>\n<li>Efficacit\u00e9 anti-transpirante sur 48 heures<\/li>\n<li>Ingr\u00e9dients antibact\u00e9riens<\/li>\n<li>Doux pour la peau, mais hautement protecteur<\/li>\n<\/ul>\n<p><strong>Principales caract\u00e9ristiques et avantages<\/strong><\/p>\n<ul>\n<li>Protection maximale contre la transpiration et les odeurs pendant 48 heures<\/li>\n<li>Id\u00e9al pour les activit\u00e9s physiques intenses<\/li>\n<li>S\u00e8che rapidement et ne tache pas<\/li>\n<li>Convient \u00e0 un usage quotidien<\/li>\n<\/ul>\n<p style=\"text-align: center;\">\ud83c\uddec\ud83c\udde7 Grains de Beaut\u00e9 - Protection extr\u00eame, tout au long de la journ\u00e9e<\/p>\n<p style=\"text-align: center;\">\ud83c\uddeb\ud83c\uddf7 Grains de Beaut\u00e9 - Protection extr\u00eame, toute la journ\u00e9e<\/p>","protected":false},"excerpt":{"rendered":"<p>\u0645\u0646\u062a\u062c Grains de Beaut\u00e9 48H Deodorant Protection Extreme \u0645\u0646 \u063a\u0631\u0627\u0646 \u062f\u0648 \u0628\u0648\u062a\u064a\u0647 \u0647\u0648 \u0645\u0632\u064a\u0644 \u0639\u0631\u0642 \u0641\u0631\u0646\u0633\u064a \u064a\u0648\u0641\u0631 \u062d\u0645\u0627\u064a\u0629 \u0642\u0635\u0648\u0649 \u062a\u0645\u062a\u062f \u062d\u062a\u0649 48 \u0633\u0627\u0639\u0629. \u0635\u064f\u0645\u0645 \u0644\u0645\u0646 \u064a\u062d\u062a\u0627\u062c \u0625\u0644\u0649 \u062d\u0645\u0627\u064a\u0629 \u0645\u0643\u062b\u0641\u0629 \u0641\u064a \u0627\u0644\u0623\u064a\u0627\u0645 \u0627\u0644\u0623\u0643\u062b\u0631 \u0646\u0634\u0627\u0637\u0627\u064b. \u062a\u0631\u0643\u064a\u0628\u062a\u0647 \u0627\u0644\u0642\u0648\u064a\u0629 \u062a\u0645\u0646\u0639 \u0627\u0644\u062a\u0639\u0631\u0642 \u0648\u0627\u0644\u0631\u0648\u0627\u0626\u062d \u0628\u0641\u0639\u0627\u0644\u064a\u0629 \u0639\u0627\u0644\u064a\u0629 \u0645\u0639 \u0627\u0644\u062d\u0641\u0627\u0638 \u0639\u0644\u0649 \u0631\u0627\u062d\u0629 \u0627\u0644\u0628\u0634\u0631\u0629. \u0627\u0644\u0645\u0643\u0648\u0646\u0627\u062a \u0648\u0627\u0644\u062e\u0635\u0627\u0626\u0635 \u0627\u0644\u0631\u0626\u064a\u0633\u064a\u0629 \u062a\u0631\u0643\u064a\u0628\u0629 \u0641\u0631\u0646\u0633\u064a\u0629 \u0645\u0643\u062b\u0641\u0629 \u0628\u062d\u0645\u0627\u064a\u0629 \u0642\u0635\u0648\u0649 \u0641\u0639\u0627\u0644\u064a\u0629 \u0645\u0636\u0627\u062f\u0629 [&hellip;]<\/p>\n","protected":false},"featured_media":36531,"template":"","meta":[],"pwb-brand":[],"product_brand":[],"product_cat":[1228],"product_tag":[686],"class_list":{"0":"post-36565","1":"product","2":"type-product","3":"status-publish","4":"has-post-thumbnail","6":"product_cat-deodorants","7":"product_tag-deodorant","9":"first","10":"instock","11":"shipping-taxable","12":"purchasable","13":"product-type-variable","14":"has-default-attributes","15":"wvs-archive-product-wrapper"},"brands":[],"_links":{"self":[{"href":"https:\/\/gopinkish.com\/fr\/wp-json\/wp\/v2\/product\/36565","targetHints":{"allow":["GET"]}}],"collection":[{"href":"https:\/\/gopinkish.com\/fr\/wp-json\/wp\/v2\/product"}],"about":[{"href":"https:\/\/gopinkish.com\/fr\/wp-json\/wp\/v2\/types\/product"}],"wp:featuredmedia":[{"embeddable":true,"href":"https:\/\/gopinkish.com\/fr\/wp-json\/wp\/v2\/media\/36531"}],"wp:attachment":[{"href":"https:\/\/gopinkish.com\/fr\/wp-json\/wp\/v2\/media?parent=36565"}],"wp:term":[{"taxonomy":"pwb-brand","embeddable":true,"href":"https:\/\/gopinkish.com\/fr\/wp-json\/wp\/v2\/pwb-brand?post=36565"},{"taxonomy":"product_brand","embeddable":true,"href":"https:\/\/gopinkish.com\/fr\/wp-json\/wp\/v2\/product_brand?post=36565"},{"taxonomy":"product_cat","embeddable":true,"href":"https:\/\/gopinkish.com\/fr\/wp-json\/wp\/v2\/product_cat?post=36565"},{"taxonomy":"product_tag","embeddable":true,"href":"https:\/\/gopinkish.com\/fr\/wp-json\/wp\/v2\/product_tag?post=36565"}],"curies":[{"name":"wp","href":"https:\/\/api.w.org\/{rel}","templated":true}]}}