{"id":36563,"date":"2025-02-25T18:02:24","date_gmt":"2025-02-25T17:02:24","guid":{"rendered":"https:\/\/gopinkish.com\/?post_type=product&#038;p=36563"},"modified":"2026-02-25T19:54:39","modified_gmt":"2026-02-25T18:54:39","slug":"3052503040608","status":"publish","type":"product","link":"https:\/\/gopinkish.com\/fr\/produit\/3052503040608\/","title":{"rendered":"D\u00e9odorant avec protection 24 heures"},"content":{"rendered":"<p style=\"text-align: justify;\">Grains de Beaut\u00e9 24H Deodorant Haute Fid\u00e9lit\u00e9 est un d\u00e9odorant fran\u00e7ais qui offre jusqu'\u00e0 24 heures de protection durable. Sa formule \u00e9quilibr\u00e9e pr\u00e9vient l'apparition des mauvaises odeurs tout en pr\u00e9servant la douceur de la peau. Adapt\u00e9 \u00e0 un usage quotidien, il procure un sentiment de confiance tout au long de la journ\u00e9e.<\/p>\n<p><strong>Principaux ingr\u00e9dients et caract\u00e9ristiques<\/strong><\/p>\n<ul>\n<li>Formule fran\u00e7aise \u00e9quilibr\u00e9e pour le contr\u00f4le des odeurs<\/li>\n<li>Protection efficace pendant 24 heures<\/li>\n<li>Ingr\u00e9dients respectueux de la peau<\/li>\n<li>Parfum \u00e9l\u00e9gant et l\u00e9ger<\/li>\n<\/ul>\n<p><strong>Principales caract\u00e9ristiques et avantages<\/strong><\/p>\n<ul>\n<li>Protection fiable contre les odeurs pendant 24 heures<\/li>\n<li>Fra\u00eecheur et confiance en soi<\/li>\n<li>Ne laisse pas de traces sur les v\u00eatements<\/li>\n<li>Convient \u00e0 tous les types de peau<\/li>\n<\/ul>\n<p style=\"text-align: center;\">\ud83c\uddec\ud83c\udde7 Grains de Beaut\u00e9 - Une protection fid\u00e8le tout au long de la journ\u00e9e<\/p>\n<p style=\"text-align: center;\">\ud83c\uddeb\ud83c\uddf7 Grains de Beaut\u00e9 - Protection haute fid\u00e9lit\u00e9 toute la journ\u00e9e<\/p>","protected":false},"excerpt":{"rendered":"<p>\u0645\u0646\u062a\u062c Grains de Beaut\u00e9 24H Deodorant Haute Fid\u00e9lit\u00e9 \u0645\u0646 \u063a\u0631\u0627\u0646 \u062f\u0648 \u0628\u0648\u062a\u064a\u0647 \u0647\u0648 \u0645\u0632\u064a\u0644 \u0639\u0631\u0642 \u0641\u0631\u0646\u0633\u064a \u064a\u0648\u0641\u0631 \u062d\u0645\u0627\u064a\u0629 \u062f\u0627\u0626\u0645\u0629 \u0648\u0641\u064a\u0629 \u062a\u0645\u062a\u062f \u062d\u062a\u0649 24 \u0633\u0627\u0639\u0629. \u064a\u062a\u0645\u064a\u0632 \u0628\u062a\u0631\u0643\u064a\u0628\u062a\u0647 \u0627\u0644\u0645\u062a\u0648\u0627\u0632\u0646\u0629 \u0627\u0644\u062a\u064a \u062a\u0645\u0646\u0639 \u0638\u0647\u0648\u0631 \u0627\u0644\u0631\u0648\u0627\u0626\u062d \u0627\u0644\u0643\u0631\u064a\u0647\u0629 \u0645\u0639 \u0627\u0644\u062d\u0641\u0627\u0638 \u0639\u0644\u0649 \u0646\u0639\u0648\u0645\u0629 \u0627\u0644\u0628\u0634\u0631\u0629. \u0645\u0646\u0627\u0633\u0628 \u0644\u0644\u0627\u0633\u062a\u062e\u062f\u0627\u0645 \u0627\u0644\u064a\u0648\u0645\u064a \u0648\u064a\u0645\u0646\u062d \u0634\u0639\u0648\u0631\u0627\u064b \u0628\u0627\u0644\u062b\u0642\u0629 \u0637\u0648\u0627\u0644 \u0627\u0644\u064a\u0648\u0645. \u0627\u0644\u0645\u0643\u0648\u0646\u0627\u062a \u0648\u0627\u0644\u062e\u0635\u0627\u0626\u0635 \u0627\u0644\u0631\u0626\u064a\u0633\u064a\u0629 \u062a\u0631\u0643\u064a\u0628\u0629 \u0641\u0631\u0646\u0633\u064a\u0629 \u0645\u062a\u0648\u0627\u0632\u0646\u0629 \u0644\u0645\u0643\u0627\u0641\u062d\u0629 \u0627\u0644\u0631\u0648\u0627\u0626\u062d \u062d\u0645\u0627\u064a\u0629 \u0641\u0639\u0627\u0644\u0629 [&hellip;]<\/p>\n","protected":false},"featured_media":36530,"template":"","meta":[],"pwb-brand":[],"product_brand":[],"product_cat":[1228],"product_tag":[686],"class_list":{"0":"post-36563","1":"product","2":"type-product","3":"status-publish","4":"has-post-thumbnail","6":"product_cat-deodorants","7":"product_tag-deodorant","9":"first","10":"instock","11":"shipping-taxable","12":"purchasable","13":"product-type-variable","14":"has-default-attributes","15":"wvs-archive-product-wrapper"},"brands":[],"_links":{"self":[{"href":"https:\/\/gopinkish.com\/fr\/wp-json\/wp\/v2\/product\/36563","targetHints":{"allow":["GET"]}}],"collection":[{"href":"https:\/\/gopinkish.com\/fr\/wp-json\/wp\/v2\/product"}],"about":[{"href":"https:\/\/gopinkish.com\/fr\/wp-json\/wp\/v2\/types\/product"}],"wp:featuredmedia":[{"embeddable":true,"href":"https:\/\/gopinkish.com\/fr\/wp-json\/wp\/v2\/media\/36530"}],"wp:attachment":[{"href":"https:\/\/gopinkish.com\/fr\/wp-json\/wp\/v2\/media?parent=36563"}],"wp:term":[{"taxonomy":"pwb-brand","embeddable":true,"href":"https:\/\/gopinkish.com\/fr\/wp-json\/wp\/v2\/pwb-brand?post=36563"},{"taxonomy":"product_brand","embeddable":true,"href":"https:\/\/gopinkish.com\/fr\/wp-json\/wp\/v2\/product_brand?post=36563"},{"taxonomy":"product_cat","embeddable":true,"href":"https:\/\/gopinkish.com\/fr\/wp-json\/wp\/v2\/product_cat?post=36563"},{"taxonomy":"product_tag","embeddable":true,"href":"https:\/\/gopinkish.com\/fr\/wp-json\/wp\/v2\/product_tag?post=36563"}],"curies":[{"name":"wp","href":"https:\/\/api.w.org\/{rel}","templated":true}]}}