{"id":36561,"date":"2025-02-25T18:02:24","date_gmt":"2025-02-25T17:02:24","guid":{"rendered":"https:\/\/gopinkish.com\/?post_type=product&#038;p=36561"},"modified":"2026-03-23T14:06:23","modified_gmt":"2026-03-23T13:06:23","slug":"4005808837328","status":"publish","type":"product","link":"https:\/\/gopinkish.com\/fr\/produit\/4005808837328\/","title":{"rendered":"D\u00e9odorant \u00e0 l'extrait de perle pour une peau douce et belle"},"content":{"rendered":"<p style=\"text-align: justify;\">Nivea Anti Perspirant Pearl &amp; Beauty 48H est un d\u00e9odorant qui associe une protection anti-transpirante efficace \u00e0 un soin de beaut\u00e9. Il contient de l'extrait de perle qui laisse la peau des aisselles douce et belle. Il offre 48 heures de protection fiable avec un parfum \u00e9l\u00e9gant et f\u00e9minin.<\/p>\n<p><strong>Principaux ingr\u00e9dients et caract\u00e9ristiques<\/strong><\/p>\n<ul>\n<li>L'essence de perle pour une belle peau<\/li>\n<li>Formule anti-transpiration 48 heures<\/li>\n<li>Agents hydratants pour garder la peau douce<\/li>\n<li>Un parfum f\u00e9minin et raffin\u00e9<\/li>\n<\/ul>\n<p><strong>Principales caract\u00e9ristiques et avantages<\/strong><\/p>\n<ul>\n<li>Protection efficace contre la transpiration pendant 48 heures<\/li>\n<li>Donne \u00e0 la peau des aisselles une douceur et une brillance perl\u00e9es.<\/li>\n<li>R\u00e9duit les taches sur les v\u00eatements<\/li>\n<li>Un parfum \u00e9l\u00e9gant qui dure toute la journ\u00e9e<\/li>\n<\/ul>\n<p style=\"text-align: center;\">\ud83c\uddec\ud83c\udde7 Nivea - Beaut\u00e9 perl\u00e9e pour vos aisselles<\/p>\n<p style=\"text-align: center;\">\ud83c\uddeb\ud83c\uddf7 Nivea - Beaut\u00e9 nacr\u00e9e pour vos aisselles<\/p>","protected":false},"excerpt":{"rendered":"<p>\u0645\u0646\u062a\u062c Nivea Anti Perspirant Pearl &amp; Beauty 48H \u0645\u0646 \u0646\u064a\u0641\u064a\u0627 \u0647\u0648 \u0645\u0632\u064a\u0644 \u0639\u0631\u0642 \u064a\u062c\u0645\u0639 \u0628\u064a\u0646 \u0627\u0644\u062d\u0645\u0627\u064a\u0629 \u0627\u0644\u0641\u0639\u0627\u0644\u0629 \u0645\u0646 \u0627\u0644\u062a\u0639\u0631\u0642 \u0648\u0627\u0644\u0639\u0646\u0627\u064a\u0629 \u0628\u062c\u0645\u0627\u0644 \u0627\u0644\u0628\u0634\u0631\u0629. \u064a\u062d\u062a\u0648\u064a \u0639\u0644\u0649 \u062e\u0644\u0627\u0635\u0629 \u0627\u0644\u0644\u0624\u0644\u0624 \u0627\u0644\u062a\u064a \u062a\u0645\u0646\u062d \u0628\u0634\u0631\u0629 \u0627\u0644\u0625\u0628\u0637\u064a\u0646 \u0645\u0644\u0645\u0633\u0627\u064b \u0646\u0627\u0639\u0645\u0627\u064b \u0648\u0645\u0638\u0647\u0631\u0627\u064b \u062c\u0645\u064a\u0644\u0627\u064b. \u064a\u0648\u0641\u0631 \u062d\u0645\u0627\u064a\u0629 \u0645\u0648\u062b\u0648\u0642\u0629 \u062a\u062f\u0648\u0645 48 \u0633\u0627\u0639\u0629 \u0645\u0639 \u0639\u0637\u0631 \u0623\u0646\u062b\u0648\u064a \u0623\u0646\u064a\u0642. \u0627\u0644\u0645\u0643\u0648\u0646\u0627\u062a \u0648\u0627\u0644\u062e\u0635\u0627\u0626\u0635 \u0627\u0644\u0631\u0626\u064a\u0633\u064a\u0629 \u062e\u0644\u0627\u0635\u0629 \u0627\u0644\u0644\u0624\u0644\u0624 \u0644\u0644\u0639\u0646\u0627\u064a\u0629 \u0628\u062c\u0645\u0627\u0644 \u0627\u0644\u0628\u0634\u0631\u0629 \u062a\u0631\u0643\u064a\u0628\u0629 \u0645\u0636\u0627\u062f\u0629 \u0644\u0644\u062a\u0639\u0631\u0642 [&hellip;]<\/p>\n","protected":false},"featured_media":36529,"template":"","meta":[],"pwb-brand":[236],"product_brand":[],"product_cat":[1228],"product_tag":[686],"class_list":{"0":"post-36561","1":"product","2":"type-product","3":"status-publish","4":"has-post-thumbnail","6":"pwb-brand-nivea","7":"product_cat-deodorants","8":"product_tag-deodorant","10":"first","11":"instock","12":"shipping-taxable","13":"purchasable","14":"product-type-variable","15":"has-default-attributes","16":"wvs-archive-product-wrapper"},"brands":[{"id":236,"name":"Nivea","slug":"nivea"}],"_links":{"self":[{"href":"https:\/\/gopinkish.com\/fr\/wp-json\/wp\/v2\/product\/36561","targetHints":{"allow":["GET"]}}],"collection":[{"href":"https:\/\/gopinkish.com\/fr\/wp-json\/wp\/v2\/product"}],"about":[{"href":"https:\/\/gopinkish.com\/fr\/wp-json\/wp\/v2\/types\/product"}],"wp:featuredmedia":[{"embeddable":true,"href":"https:\/\/gopinkish.com\/fr\/wp-json\/wp\/v2\/media\/36529"}],"wp:attachment":[{"href":"https:\/\/gopinkish.com\/fr\/wp-json\/wp\/v2\/media?parent=36561"}],"wp:term":[{"taxonomy":"pwb-brand","embeddable":true,"href":"https:\/\/gopinkish.com\/fr\/wp-json\/wp\/v2\/pwb-brand?post=36561"},{"taxonomy":"product_brand","embeddable":true,"href":"https:\/\/gopinkish.com\/fr\/wp-json\/wp\/v2\/product_brand?post=36561"},{"taxonomy":"product_cat","embeddable":true,"href":"https:\/\/gopinkish.com\/fr\/wp-json\/wp\/v2\/product_cat?post=36561"},{"taxonomy":"product_tag","embeddable":true,"href":"https:\/\/gopinkish.com\/fr\/wp-json\/wp\/v2\/product_tag?post=36561"}],"curies":[{"name":"wp","href":"https:\/\/api.w.org\/{rel}","templated":true}]}}