{"id":36559,"date":"2025-02-25T18:02:23","date_gmt":"2025-02-25T17:02:23","guid":{"rendered":"https:\/\/gopinkish.com\/?post_type=product&#038;p=36559"},"modified":"2026-02-25T19:55:06","modified_gmt":"2026-02-25T18:55:06","slug":"4005808816194","status":"publish","type":"product","link":"https:\/\/gopinkish.com\/fr\/produit\/4005808816194\/","title":{"rendered":"D\u00e9odorant en spray avec une fra\u00eecheur naturelle de 48 heures"},"content":{"rendered":"<p style=\"text-align: justify;\">Nivea Deodorant Spray Fresh Natural 48H est un d\u00e9odorant en spray qui offre 48 heures de protection naturelle. Sa formule douce \u00e0 base d'ingr\u00e9dients naturels offre un parfum frais sans irriter la peau. Id\u00e9al pour un usage quotidien et pour ceux qui pr\u00e9f\u00e8rent les produits \u00e0 base d'ingr\u00e9dients naturels.<\/p>\n<p><strong>Principaux ingr\u00e9dients et caract\u00e9ristiques<\/strong><\/p>\n<ul>\n<li>Formul\u00e9 avec des ingr\u00e9dients naturels doux pour la peau<\/li>\n<li>Protection anti-transpiration pendant 48 heures<\/li>\n<li>Sans aluminium agressif<\/li>\n<li>Parfum frais et naturel<\/li>\n<\/ul>\n<p><strong>Principales caract\u00e9ristiques et avantages<\/strong><\/p>\n<ul>\n<li>Protection fiable contre les odeurs pendant 48 heures<\/li>\n<li>Procure une sensation de fra\u00eecheur naturelle<\/li>\n<li>Doux pour les peaux sensibles<\/li>\n<li>S\u00e9chage rapide et l\u00e9g\u00e8ret\u00e9<\/li>\n<\/ul>\n<p style=\"text-align: center;\">\ud83c\uddec\ud83c\udde7 Nivea - Fra\u00eecheur naturelle, protection fiable<\/p>\n<p style=\"text-align: center;\">\ud83c\uddeb\ud83c\uddf7 Nivea - Fra\u00eecheur naturelle, protection fiable<\/p>","protected":false},"excerpt":{"rendered":"<p>\u0645\u0646\u062a\u062c Nivea Deodorant Spray Fresh Natural 48H \u0645\u0646 \u0646\u064a\u0641\u064a\u0627 \u0647\u0648 \u0645\u0632\u064a\u0644 \u0639\u0631\u0642 \u0628\u0627\u0644\u0631\u0634 \u064a\u0645\u0646\u062d \u062d\u0645\u0627\u064a\u0629 \u0637\u0628\u064a\u0639\u064a\u0629 \u062a\u062f\u0648\u0645 48 \u0633\u0627\u0639\u0629. \u064a\u062a\u0645\u064a\u0632 \u0628\u062a\u0631\u0643\u064a\u0628\u062a\u0647 \u0627\u0644\u0644\u0637\u064a\u0641\u0629 \u0627\u0644\u062a\u064a \u062a\u062d\u062a\u0648\u064a \u0639\u0644\u0649 \u0645\u0643\u0648\u0646\u0627\u062a \u0637\u0628\u064a\u0639\u064a\u0629 \u062a\u0645\u0646\u062d \u0631\u0627\u0626\u062d\u0629 \u0645\u0646\u0639\u0634\u0629 \u062f\u0648\u0646 \u0627\u0644\u062a\u0633\u0628\u0628 \u0641\u064a \u062a\u0647\u064a\u062c \u0627\u0644\u0628\u0634\u0631\u0629. \u0645\u062b\u0627\u0644\u064a \u0644\u0644\u0627\u0633\u062a\u062e\u062f\u0627\u0645 \u0627\u0644\u064a\u0648\u0645\u064a \u0648\u0644\u0645\u0646 \u064a\u0641\u0636\u0644 \u0627\u0644\u0645\u0646\u062a\u062c\u0627\u062a \u0630\u0627\u062a \u0627\u0644\u0645\u0643\u0648\u0646\u0627\u062a \u0627\u0644\u0637\u0628\u064a\u0639\u064a\u0629. \u0627\u0644\u0645\u0643\u0648\u0646\u0627\u062a \u0648\u0627\u0644\u062e\u0635\u0627\u0626\u0635 \u0627\u0644\u0631\u0626\u064a\u0633\u064a\u0629 \u062a\u0631\u0643\u064a\u0628\u0629 \u0628\u0645\u0643\u0648\u0646\u0627\u062a \u0637\u0628\u064a\u0639\u064a\u0629 \u0644\u0637\u064a\u0641\u0629 \u0639\u0644\u0649 \u0627\u0644\u0628\u0634\u0631\u0629 \u062d\u0645\u0627\u064a\u0629 \u0645\u0636\u0627\u062f\u0629 [&hellip;]<\/p>\n","protected":false},"featured_media":36528,"template":"","meta":[],"pwb-brand":[236],"product_brand":[],"product_cat":[1228],"product_tag":[686],"class_list":{"0":"post-36559","1":"product","2":"type-product","3":"status-publish","4":"has-post-thumbnail","6":"pwb-brand-nivea","7":"product_cat-deodorants","8":"product_tag-deodorant","10":"first","11":"instock","12":"shipping-taxable","13":"purchasable","14":"product-type-variable","15":"has-default-attributes","16":"wvs-archive-product-wrapper"},"brands":[{"id":236,"name":"Nivea","slug":"nivea"}],"_links":{"self":[{"href":"https:\/\/gopinkish.com\/fr\/wp-json\/wp\/v2\/product\/36559","targetHints":{"allow":["GET"]}}],"collection":[{"href":"https:\/\/gopinkish.com\/fr\/wp-json\/wp\/v2\/product"}],"about":[{"href":"https:\/\/gopinkish.com\/fr\/wp-json\/wp\/v2\/types\/product"}],"wp:featuredmedia":[{"embeddable":true,"href":"https:\/\/gopinkish.com\/fr\/wp-json\/wp\/v2\/media\/36528"}],"wp:attachment":[{"href":"https:\/\/gopinkish.com\/fr\/wp-json\/wp\/v2\/media?parent=36559"}],"wp:term":[{"taxonomy":"pwb-brand","embeddable":true,"href":"https:\/\/gopinkish.com\/fr\/wp-json\/wp\/v2\/pwb-brand?post=36559"},{"taxonomy":"product_brand","embeddable":true,"href":"https:\/\/gopinkish.com\/fr\/wp-json\/wp\/v2\/product_brand?post=36559"},{"taxonomy":"product_cat","embeddable":true,"href":"https:\/\/gopinkish.com\/fr\/wp-json\/wp\/v2\/product_cat?post=36559"},{"taxonomy":"product_tag","embeddable":true,"href":"https:\/\/gopinkish.com\/fr\/wp-json\/wp\/v2\/product_tag?post=36559"}],"curies":[{"name":"wp","href":"https:\/\/api.w.org\/{rel}","templated":true}]}}