{"id":36557,"date":"2025-02-25T18:02:22","date_gmt":"2025-02-25T17:02:22","guid":{"rendered":"https:\/\/gopinkish.com\/?post_type=product&#038;p=36557"},"modified":"2026-03-26T22:37:06","modified_gmt":"2026-03-26T21:37:06","slug":"8720181452567","status":"publish","type":"product","link":"https:\/\/gopinkish.com\/fr\/produit\/8720181452567\/","title":{"rendered":"D\u00e9odorant en spray ultra-frais 96 heures"},"content":{"rendered":"<p style=\"text-align: justify;\">Rexona Maximum Protection Aerosol Fresh 96H est un d\u00e9odorant en spray qui offre jusqu'\u00e0 96 heures de protection avanc\u00e9e avec un parfum frais qui dure toute la journ\u00e9e. Con\u00e7u pour ceux qui ont besoin d'une protection fiable dans les moments les plus actifs. Sa formule efficace pr\u00e9vient les odeurs et garde la peau s\u00e8che.<\/p>\n<p><strong>Principaux ingr\u00e9dients et caract\u00e9ristiques<\/strong><\/p>\n<ul>\n<li>Formule anti-transpirante avec technologie de protection maximale<\/li>\n<li>Un parfum frais qui dure toute la journ\u00e9e<\/li>\n<li>Ingr\u00e9dients antibact\u00e9riens efficaces<\/li>\n<li>Technologie avanc\u00e9e de contr\u00f4le de l'humidit\u00e9<\/li>\n<\/ul>\n<p><strong>Principales caract\u00e9ristiques et avantages<\/strong><\/p>\n<ul>\n<li>Protection sup\u00e9rieure contre la transpiration pendant 96 heures<\/li>\n<li>Parfum frais et propre de longue dur\u00e9e<\/li>\n<li>Ne laisse pas de taches blanches sur les v\u00eatements<\/li>\n<li>Convient \u00e0 un usage quotidien intensif<\/li>\n<\/ul>\n<p style=\"text-align: center;\">\ud83c\uddec\ud83c\udde7 Rexona - Restez frais, restez prot\u00e9g\u00e9<\/p>\n<p style=\"text-align: center;\">\ud83c\uddeb\ud83c\uddf7 Rexona - Restez frais, restez prot\u00e9g\u00e9<\/p>","protected":false},"excerpt":{"rendered":"<p>\u0645\u0646\u062a\u062c Rexona Maximum Protection Aerosol Fresh 96H \u0645\u0646 \u0631\u064a\u0643\u0633\u0648\u0646\u0627 \u0647\u0648 \u0645\u0632\u064a\u0644 \u0639\u0631\u0642 \u0628\u0627\u0644\u0631\u0634 \u064a\u0648\u0641\u0631 \u062d\u0645\u0627\u064a\u0629 \u0645\u062a\u0642\u062f\u0645\u0629 \u062a\u0645\u062a\u062f \u062d\u062a\u0649 96 \u0633\u0627\u0639\u0629 \u0645\u0639 \u0631\u0627\u0626\u062d\u0629 \u0645\u0646\u0639\u0634\u0629 \u062a\u062f\u0648\u0645 \u0637\u0648\u0627\u0644 \u0627\u0644\u064a\u0648\u0645. \u0635\u064f\u0645\u0645 \u0644\u0645\u0646 \u064a\u062d\u062a\u0627\u062c \u0625\u0644\u0649 \u062d\u0645\u0627\u064a\u0629 \u0645\u0648\u062b\u0648\u0642\u0629 \u0641\u064a \u0623\u0643\u062b\u0631 \u0627\u0644\u0623\u0648\u0642\u0627\u062a \u0646\u0634\u0627\u0637\u0627\u064b. \u062a\u0631\u0643\u064a\u0628\u062a\u0647 \u0627\u0644\u0641\u0639\u0627\u0644\u0629 \u062a\u0645\u0646\u0639 \u0638\u0647\u0648\u0631 \u0627\u0644\u0631\u0648\u0627\u0626\u062d \u0648\u062a\u062d\u0627\u0641\u0638 \u0639\u0644\u0649 \u062c\u0641\u0627\u0641 \u0627\u0644\u0628\u0634\u0631\u0629. \u0627\u0644\u0645\u0643\u0648\u0646\u0627\u062a \u0648\u0627\u0644\u062e\u0635\u0627\u0626\u0635 \u0627\u0644\u0631\u0626\u064a\u0633\u064a\u0629 \u062a\u0631\u0643\u064a\u0628\u0629 \u0645\u0636\u0627\u062f\u0629 \u0644\u0644\u062a\u0639\u0631\u0642 \u0628\u062a\u0642\u0646\u064a\u0629 \u0627\u0644\u062d\u0645\u0627\u064a\u0629 \u0627\u0644\u0642\u0635\u0648\u0649 \u0639\u0637\u0631 [&hellip;]<\/p>\n","protected":false},"featured_media":36527,"template":"","meta":[],"pwb-brand":[467],"product_brand":[],"product_cat":[1228],"product_tag":[686],"class_list":{"0":"post-36557","1":"product","2":"type-product","3":"status-publish","4":"has-post-thumbnail","6":"pwb-brand-rexona","7":"product_cat-deodorants","8":"product_tag-deodorant","10":"first","11":"outofstock","12":"shipping-taxable","13":"product-type-variable","14":"has-default-attributes","15":"wvs-archive-product-wrapper"},"brands":[{"id":467,"name":"Rexona","slug":"rexona"}],"_links":{"self":[{"href":"https:\/\/gopinkish.com\/fr\/wp-json\/wp\/v2\/product\/36557","targetHints":{"allow":["GET"]}}],"collection":[{"href":"https:\/\/gopinkish.com\/fr\/wp-json\/wp\/v2\/product"}],"about":[{"href":"https:\/\/gopinkish.com\/fr\/wp-json\/wp\/v2\/types\/product"}],"wp:featuredmedia":[{"embeddable":true,"href":"https:\/\/gopinkish.com\/fr\/wp-json\/wp\/v2\/media\/36527"}],"wp:attachment":[{"href":"https:\/\/gopinkish.com\/fr\/wp-json\/wp\/v2\/media?parent=36557"}],"wp:term":[{"taxonomy":"pwb-brand","embeddable":true,"href":"https:\/\/gopinkish.com\/fr\/wp-json\/wp\/v2\/pwb-brand?post=36557"},{"taxonomy":"product_brand","embeddable":true,"href":"https:\/\/gopinkish.com\/fr\/wp-json\/wp\/v2\/product_brand?post=36557"},{"taxonomy":"product_cat","embeddable":true,"href":"https:\/\/gopinkish.com\/fr\/wp-json\/wp\/v2\/product_cat?post=36557"},{"taxonomy":"product_tag","embeddable":true,"href":"https:\/\/gopinkish.com\/fr\/wp-json\/wp\/v2\/product_tag?post=36557"}],"curies":[{"name":"wp","href":"https:\/\/api.w.org\/{rel}","templated":true}]}}