{"id":36555,"date":"2025-02-25T18:02:22","date_gmt":"2025-02-25T17:02:22","guid":{"rendered":"https:\/\/gopinkish.com\/?post_type=product&#038;p=36555"},"modified":"2026-02-25T19:55:36","modified_gmt":"2026-02-25T18:55:36","slug":"8720181452598","status":"publish","type":"product","link":"https:\/\/gopinkish.com\/fr\/produit\/8720181452598\/","title":{"rendered":"D\u00e9odorant en spray au parfum de past\u00e8que et d'aloe vera 96 heures"},"content":{"rendered":"<p style=\"text-align: justify;\">Rexona Maximum Protection Aerosol Watermelon &amp; Cactus Water Scent 96H est un d\u00e9odorant en spray qui offre jusqu'\u00e0 96 heures de protection exceptionnelle. Le parfum rafra\u00eechissant de past\u00e8que et d'eau de cactus vous donne une sensation d'\u00e9nergie. Sa formule avanc\u00e9e pr\u00e9vient la transpiration et garde la peau s\u00e8che et fra\u00eeche en toutes circonstances.<\/p>\n<p><strong>Principaux ingr\u00e9dients et caract\u00e9ristiques<\/strong><\/p>\n<ul>\n<li>Formule anti-transpiration 96 heures<\/li>\n<li>Extrait de past\u00e8que et eau d'aloe vera pour la fra\u00eecheur<\/li>\n<li>Ingr\u00e9dients antibact\u00e9riens responsables des odeurs<\/li>\n<li>Technologie avanc\u00e9e de protection maximale<\/li>\n<\/ul>\n<p><strong>Principales caract\u00e9ristiques et avantages<\/strong><\/p>\n<ul>\n<li>Protection maximale contre la transpiration pendant 96 heures<\/li>\n<li>Un parfum fruit\u00e9, frais et durable<\/li>\n<li>S\u00e9chage rapide et non marquant<\/li>\n<li>Se sentir rafra\u00eechi et plein d'\u00e9nergie<\/li>\n<\/ul>\n<p style=\"text-align: center;\">\ud83c\uddec\ud83c\udde7 Rexona - Fra\u00eecheur de past\u00e8que, protection maximale<\/p>\n<p style=\"text-align: center;\">\ud83c\uddeb\ud83c\uddf7 Rexona - Fra\u00eecheur past\u00e8que, protection maximale<\/p>","protected":false},"excerpt":{"rendered":"<p>\u0645\u0646\u062a\u062c Rexona Maximum Protection Aerosol Watermelon &amp; Cactus Water Scent 96H \u0645\u0646 \u0631\u064a\u0643\u0633\u0648\u0646\u0627 \u0647\u0648 \u0645\u0632\u064a\u0644 \u0639\u0631\u0642 \u0628\u0627\u0644\u0631\u0634 \u064a\u0645\u0646\u062d \u062d\u0645\u0627\u064a\u0629 \u0627\u0633\u062a\u062b\u0646\u0627\u0626\u064a\u0629 \u062a\u062f\u0648\u0645 \u062d\u062a\u0649 96 \u0633\u0627\u0639\u0629. \u064a\u062a\u0645\u064a\u0632 \u0628\u0639\u0637\u0631 \u0627\u0644\u0628\u0637\u064a\u062e \u0648\u0645\u0627\u0621 \u0627\u0644\u0635\u0628\u0627\u0631 \u0627\u0644\u0645\u0646\u0639\u0634 \u0627\u0644\u0630\u064a \u064a\u0636\u0641\u064a \u0625\u062d\u0633\u0627\u0633\u0627\u064b \u0628\u0627\u0644\u062d\u064a\u0648\u064a\u0629. \u062a\u0631\u0643\u064a\u0628\u062a\u0647 \u0627\u0644\u0645\u062a\u0642\u062f\u0645\u0629 \u062a\u0645\u0646\u0639 \u0627\u0644\u062a\u0639\u0631\u0642 \u0648\u062a\u062d\u0627\u0641\u0638 \u0639\u0644\u0649 \u062c\u0641\u0627\u0641 \u0627\u0644\u0628\u0634\u0631\u0629 \u0648\u0627\u0646\u062a\u0639\u0627\u0634\u0647\u0627 \u0641\u064a \u0645\u062e\u062a\u0644\u0641 \u0627\u0644\u0638\u0631\u0648\u0641. \u0627\u0644\u0645\u0643\u0648\u0646\u0627\u062a \u0648\u0627\u0644\u062e\u0635\u0627\u0626\u0635 \u0627\u0644\u0631\u0626\u064a\u0633\u064a\u0629 \u062a\u0631\u0643\u064a\u0628\u0629 \u0645\u0636\u0627\u062f\u0629 \u0644\u0644\u062a\u0639\u0631\u0642 \u0628\u0641\u0639\u0627\u0644\u064a\u0629 96 \u0633\u0627\u0639\u0629 [&hellip;]<\/p>\n","protected":false},"featured_media":36526,"template":"","meta":[],"pwb-brand":[467],"product_brand":[],"product_cat":[1228],"product_tag":[686],"class_list":{"0":"post-36555","1":"product","2":"type-product","3":"status-publish","4":"has-post-thumbnail","6":"pwb-brand-rexona","7":"product_cat-deodorants","8":"product_tag-deodorant","10":"first","11":"instock","12":"shipping-taxable","13":"purchasable","14":"product-type-variable","15":"has-default-attributes","16":"wvs-archive-product-wrapper"},"brands":[{"id":467,"name":"Rexona","slug":"rexona"}],"_links":{"self":[{"href":"https:\/\/gopinkish.com\/fr\/wp-json\/wp\/v2\/product\/36555","targetHints":{"allow":["GET"]}}],"collection":[{"href":"https:\/\/gopinkish.com\/fr\/wp-json\/wp\/v2\/product"}],"about":[{"href":"https:\/\/gopinkish.com\/fr\/wp-json\/wp\/v2\/types\/product"}],"wp:featuredmedia":[{"embeddable":true,"href":"https:\/\/gopinkish.com\/fr\/wp-json\/wp\/v2\/media\/36526"}],"wp:attachment":[{"href":"https:\/\/gopinkish.com\/fr\/wp-json\/wp\/v2\/media?parent=36555"}],"wp:term":[{"taxonomy":"pwb-brand","embeddable":true,"href":"https:\/\/gopinkish.com\/fr\/wp-json\/wp\/v2\/pwb-brand?post=36555"},{"taxonomy":"product_brand","embeddable":true,"href":"https:\/\/gopinkish.com\/fr\/wp-json\/wp\/v2\/product_brand?post=36555"},{"taxonomy":"product_cat","embeddable":true,"href":"https:\/\/gopinkish.com\/fr\/wp-json\/wp\/v2\/product_cat?post=36555"},{"taxonomy":"product_tag","embeddable":true,"href":"https:\/\/gopinkish.com\/fr\/wp-json\/wp\/v2\/product_tag?post=36555"}],"curies":[{"name":"wp","href":"https:\/\/api.w.org\/{rel}","templated":true}]}}