{"id":36518,"date":"2025-02-25T05:59:27","date_gmt":"2025-02-25T04:59:27","guid":{"rendered":"https:\/\/gopinkish.com\/?post_type=product&#038;p=36518"},"modified":"2026-02-25T13:55:25","modified_gmt":"2026-02-25T12:55:25","slug":"5057566227988","status":"publish","type":"product","link":"https:\/\/gopinkish.com\/fr\/produit\/5057566227988\/","title":{"rendered":"Palette professionnelle d'ombres \u00e0 paupi\u00e8res multicolores"},"content":{"rendered":"<p style=\"text-align: justify;\">La palette d'ombres \u00e0 paupi\u00e8res Revolution Pro Shadow Palette de Revolution est une palette d'ombres \u00e0 paupi\u00e8res professionnelle. Une gamme de couleurs d'ombres \u00e0 paupi\u00e8res avec des finitions mates, brillantes et chatoyantes. Des couleurs tr\u00e8s pigment\u00e9es, faciles \u00e0 estomper et \u00e0 appliquer.<\/p>\n<p><strong>Principaux ingr\u00e9dients et caract\u00e9ristiques<\/strong><\/p>\n<ul>\n<li>Couleurs tr\u00e8s pigment\u00e9es<\/li>\n<li>Finitions multiples<\/li>\n<li>Facile \u00e0 m\u00e9langer<\/li>\n<li>Longue dur\u00e9e<\/li>\n<\/ul>\n<p><strong>Principales caract\u00e9ristiques et avantages<\/strong><\/p>\n<ul>\n<li>Des couleurs riches et vari\u00e9es<\/li>\n<li>Facile \u00e0 appliquer<\/li>\n<li>Tient toute la journ\u00e9e<\/li>\n<li>Convient \u00e0 toutes les occasions<\/li>\n<\/ul>\n<p style=\"text-align: center;\">\ud83c\uddec\ud83c\udde7 Revolution - Palette d'ombres Pro<\/p>\n<p style=\"text-align: center;\">\ud83c\uddeb\ud83c\uddf7 Revolution - Palette d'ombres \u00e0 paupi\u00e8res Pro<\/p>","protected":false},"excerpt":{"rendered":"<p>\u0645\u0646\u062a\u062c Revolution Pro Shadow Palette \u0645\u0646 \u0631\u064a\u0641\u0648\u0644\u064a\u0648\u0634\u0646 \u0647\u0648 \u0628\u0627\u0644\u064a\u062a \u0638\u0644\u0627\u0644 \u0639\u064a\u0648\u0646 \u0627\u062d\u062a\u0631\u0627\u0641\u064a\u0629. \u062a\u0634\u0643\u064a\u0644\u0629 \u0645\u0646 \u0623\u0644\u0648\u0627\u0646 \u0638\u0644\u0627\u0644 \u0627\u0644\u0639\u064a\u0648\u0646 \u0628\u062a\u0634\u0637\u064a\u0628\u0627\u062a \u0645\u0627\u062a \u0648\u0644\u0645\u0639\u0629 \u0648\u0634\u064a\u0645\u0631. \u0623\u0644\u0648\u0627\u0646 \u0639\u0627\u0644\u064a\u0629 \u0627\u0644\u062a\u0635\u0628\u063a \u0633\u0647\u0644\u0629 \u0627\u0644\u0645\u0632\u062c \u0648\u0627\u0644\u062a\u0637\u0628\u064a\u0642. \u0627\u0644\u0645\u0643\u0648\u0646\u0627\u062a \u0648\u0627\u0644\u062e\u0635\u0627\u0626\u0635 \u0627\u0644\u0631\u0626\u064a\u0633\u064a\u0629 \u0623\u0644\u0648\u0627\u0646 \u0639\u0627\u0644\u064a\u0629 \u0627\u0644\u062a\u0635\u0628\u063a \u062a\u0634\u0637\u064a\u0628\u0627\u062a \u0645\u062a\u0639\u062f\u062f\u0629 \u0633\u0647\u0644\u0629 \u0627\u0644\u0645\u0632\u062c \u062a\u062f\u0648\u0645 \u0637\u0648\u064a\u0644\u0627\u064b \u0627\u0644\u0645\u064a\u0632\u0627\u062a \u0648\u0627\u0644\u0641\u0648\u0627\u0626\u062f \u0627\u0644\u0631\u0626\u064a\u0633\u064a\u0629 \u0623\u0644\u0648\u0627\u0646 \u063a\u0646\u064a\u0629 \u0648\u0645\u062a\u0646\u0648\u0639\u0629 \u0633\u0647\u0644\u0629 \u0627\u0644\u062a\u0637\u0628\u064a\u0642 \u062a\u062f\u0648\u0645 \u0637\u0648\u0627\u0644 \u0627\u0644\u064a\u0648\u0645 \u0645\u0646\u0627\u0633\u0628\u0629 \u0644\u062c\u0645\u064a\u0639 \u0627\u0644\u0645\u0646\u0627\u0633\u0628\u0627\u062a \ud83c\uddec\ud83c\udde7 Revolution [&hellip;]<\/p>\n","protected":false},"featured_media":36499,"template":"","meta":[],"pwb-brand":[754],"product_brand":[],"product_cat":[1188],"product_tag":[],"class_list":{"0":"post-36518","1":"product","2":"type-product","3":"status-publish","4":"has-post-thumbnail","6":"pwb-brand-revolution","7":"product_cat-eyes-makeup-palette","9":"first","10":"instock","11":"shipping-taxable","12":"purchasable","13":"product-type-variable","14":"has-default-attributes","15":"wvs-archive-product-wrapper"},"brands":[{"id":754,"name":"Revolution","slug":"revolution"}],"_links":{"self":[{"href":"https:\/\/gopinkish.com\/fr\/wp-json\/wp\/v2\/product\/36518","targetHints":{"allow":["GET"]}}],"collection":[{"href":"https:\/\/gopinkish.com\/fr\/wp-json\/wp\/v2\/product"}],"about":[{"href":"https:\/\/gopinkish.com\/fr\/wp-json\/wp\/v2\/types\/product"}],"wp:featuredmedia":[{"embeddable":true,"href":"https:\/\/gopinkish.com\/fr\/wp-json\/wp\/v2\/media\/36499"}],"wp:attachment":[{"href":"https:\/\/gopinkish.com\/fr\/wp-json\/wp\/v2\/media?parent=36518"}],"wp:term":[{"taxonomy":"pwb-brand","embeddable":true,"href":"https:\/\/gopinkish.com\/fr\/wp-json\/wp\/v2\/pwb-brand?post=36518"},{"taxonomy":"product_brand","embeddable":true,"href":"https:\/\/gopinkish.com\/fr\/wp-json\/wp\/v2\/product_brand?post=36518"},{"taxonomy":"product_cat","embeddable":true,"href":"https:\/\/gopinkish.com\/fr\/wp-json\/wp\/v2\/product_cat?post=36518"},{"taxonomy":"product_tag","embeddable":true,"href":"https:\/\/gopinkish.com\/fr\/wp-json\/wp\/v2\/product_tag?post=36518"}],"curies":[{"name":"wp","href":"https:\/\/api.w.org\/{rel}","templated":true}]}}