{"id":36514,"date":"2025-02-25T05:59:25","date_gmt":"2025-02-25T04:59:25","guid":{"rendered":"https:\/\/gopinkish.com\/?post_type=product&#038;p=36514"},"modified":"2026-04-13T13:37:20","modified_gmt":"2026-04-13T12:37:20","slug":"6930236310892","status":"publish","type":"product","link":"https:\/\/gopinkish.com\/fr\/produit\/6930236310892\/","title":{"rendered":"Kit l\u00e8vres 3 en 1 : crayon \u00e0 l\u00e8vres mat, gloss et rouge \u00e0 l\u00e8vres"},"content":{"rendered":"<p style=\"text-align: justify;\">Rose Berry 3in1 Lipliner + Lip Gloss + Matte Lipstick est un kit 3 en 1 qui combine un crayon \u00e0 l\u00e8vres, un gloss et un rouge \u00e0 l\u00e8vres mat. Il offre un look complet pour les l\u00e8vres en un seul produit. Un crayon \u00e0 l\u00e8vres pr\u00e9cis, un gloss scintillant et un rouge \u00e0 l\u00e8vres mat longue tenue.<\/p>\n<p><strong>Principaux ingr\u00e9dients et caract\u00e9ristiques<\/strong><\/p>\n<ul>\n<li>Crayon \u00e0 l\u00e8vres de pr\u00e9cision<\/li>\n<li>Glossy Lip Gloss<\/li>\n<li>Le rouge \u00e0 l\u00e8vres de Matt<\/li>\n<li>3 produits en 1<\/li>\n<\/ul>\n<p><strong>Principales caract\u00e9ristiques et avantages<\/strong><\/p>\n<ul>\n<li>Look l\u00e8vres pleines<\/li>\n<li>3 en 1 Pratique<\/li>\n<li>Des couleurs riches et stables<\/li>\n<li>Facile \u00e0 appliquer<\/li>\n<\/ul>\n<p style=\"text-align: center;\">\ud83c\uddec\ud83c\udde7 Rose Berry - 3en1 crayon \u00e0 l\u00e8vres, gloss et rouge \u00e0 l\u00e8vres mat<\/p>\n<p style=\"text-align: center;\">\ud83c\uddeb\ud83c\uddf7 Rose Berry - 3en1 crayon, gloss &amp; rouge \u00e0 l\u00e8vres mat<\/p>","protected":false},"excerpt":{"rendered":"<p>\u0645\u0646\u062a\u062c Rose Berry 3in1 Lipliner + Lip Gloss + Matte Lipstick \u0645\u0646 \u0631\u0648\u0632 \u0628\u064a\u0631\u064a \u0647\u0648 \u0637\u0642\u0645 \u0634\u0641\u0627\u0647 3 \u0641\u064a 1 \u064a\u062c\u0645\u0639 \u0645\u062d\u062f\u062f \u0627\u0644\u0634\u0641\u0627\u0647 \u0648\u0645\u0644\u0645\u0639 \u0627\u0644\u0634\u0641\u0627\u0647 \u0648\u0623\u062d\u0645\u0631 \u0627\u0644\u0634\u0641\u0627\u0647 \u0627\u0644\u0645\u0627\u062a. \u064a\u0648\u0641\u0631 \u0625\u0637\u0644\u0627\u0644\u0629 \u0634\u0641\u0627\u0647 \u0643\u0627\u0645\u0644\u0629 \u0641\u064a \u0645\u0646\u062a\u062c \u0648\u0627\u062d\u062f. \u0645\u062d\u062f\u062f \u0634\u0641\u0627\u0647 \u062f\u0642\u064a\u0642 \u0648\u0645\u0644\u0645\u0639 \u0644\u0627\u0645\u0639 \u0648\u0623\u062d\u0645\u0631 \u0634\u0641\u0627\u0647 \u0645\u0627\u062a \u0637\u0648\u064a\u0644 \u0627\u0644\u0623\u0645\u062f. \u0627\u0644\u0645\u0643\u0648\u0646\u0627\u062a \u0648\u0627\u0644\u062e\u0635\u0627\u0626\u0635 \u0627\u0644\u0631\u0626\u064a\u0633\u064a\u0629 \u0645\u062d\u062f\u062f \u0634\u0641\u0627\u0647 \u062f\u0642\u064a\u0642 \u0645\u0644\u0645\u0639 \u0634\u0641\u0627\u0647 \u0644\u0627\u0645\u0639 \u0623\u062d\u0645\u0631 [&hellip;]<\/p>\n","protected":false},"featured_media":36490,"template":"","meta":[],"pwb-brand":[],"product_brand":[],"product_cat":[1182,1179,1180],"product_tag":[],"class_list":{"0":"post-36514","1":"product","2":"type-product","3":"status-publish","4":"has-post-thumbnail","6":"product_cat-lipstick-makeup","7":"product_cat-lips-liner-makeup","8":"product_cat-lips-gloss-makeup","10":"first","11":"outofstock","12":"shipping-taxable","13":"product-type-variable","14":"has-default-attributes","15":"wvs-archive-product-wrapper"},"brands":[],"_links":{"self":[{"href":"https:\/\/gopinkish.com\/fr\/wp-json\/wp\/v2\/product\/36514","targetHints":{"allow":["GET"]}}],"collection":[{"href":"https:\/\/gopinkish.com\/fr\/wp-json\/wp\/v2\/product"}],"about":[{"href":"https:\/\/gopinkish.com\/fr\/wp-json\/wp\/v2\/types\/product"}],"wp:featuredmedia":[{"embeddable":true,"href":"https:\/\/gopinkish.com\/fr\/wp-json\/wp\/v2\/media\/36490"}],"wp:attachment":[{"href":"https:\/\/gopinkish.com\/fr\/wp-json\/wp\/v2\/media?parent=36514"}],"wp:term":[{"taxonomy":"pwb-brand","embeddable":true,"href":"https:\/\/gopinkish.com\/fr\/wp-json\/wp\/v2\/pwb-brand?post=36514"},{"taxonomy":"product_brand","embeddable":true,"href":"https:\/\/gopinkish.com\/fr\/wp-json\/wp\/v2\/product_brand?post=36514"},{"taxonomy":"product_cat","embeddable":true,"href":"https:\/\/gopinkish.com\/fr\/wp-json\/wp\/v2\/product_cat?post=36514"},{"taxonomy":"product_tag","embeddable":true,"href":"https:\/\/gopinkish.com\/fr\/wp-json\/wp\/v2\/product_tag?post=36514"}],"curies":[{"name":"wp","href":"https:\/\/api.w.org\/{rel}","templated":true}]}}