{"id":36508,"date":"2025-02-25T05:59:24","date_gmt":"2025-02-25T04:59:24","guid":{"rendered":"https:\/\/gopinkish.com\/?post_type=product&#038;p=36508"},"modified":"2026-04-01T18:43:16","modified_gmt":"2026-04-01T17:43:16","slug":"8003350549863","status":"publish","type":"product","link":"https:\/\/gopinkish.com\/fr\/produit\/8003350549863\/","title":{"rendered":"Disques de coton biologique en coton biologique"},"content":{"rendered":"<p style=\"text-align: justify;\">Cotoneve Bio Line in Cotone Biologico de Cotoneve est un disque de coton fabriqu\u00e9 \u00e0 partir de coton biologique. Le coton biologique certifi\u00e9 est doux pour la peau. Id\u00e9al pour l'application de lotions et le d\u00e9maquillage.<\/p>\n<p><strong>Principaux ingr\u00e9dients et caract\u00e9ristiques<\/strong><\/p>\n<ul>\n<li>Coton biologique certifi\u00e9<\/li>\n<li>Doux pour la peau<\/li>\n<li>Respect de l'environnement<\/li>\n<li>Pour l'application et le d\u00e9maquillage<\/li>\n<\/ul>\n<p><strong>Principales caract\u00e9ristiques et avantages<\/strong><\/p>\n<ul>\n<li>Doux pour les peaux sensibles<\/li>\n<li>Coton biologique certifi\u00e9<\/li>\n<li>Id\u00e9al pour le d\u00e9maquillage<\/li>\n<li>Respect de l'environnement<\/li>\n<\/ul>\n<p style=\"text-align: center;\">\ud83c\uddec\ud83c\udde7 Cotoneve - Tampons en coton bio<\/p>\n<p style=\"text-align: center;\">\ud83c\uddeb\ud83c\uddf7 Cotoneve - Disques en coton biologique<\/p>","protected":false},"excerpt":{"rendered":"<p>\u0645\u0646\u062a\u062c Cotoneve Bio Line in Cotone Biologico \u0645\u0646 \u0643\u0648\u062a\u0648\u0646\u064a\u0641 \u0647\u0648 \u0623\u0642\u0631\u0627\u0635 \u0642\u0637\u0646\u064a\u0629 \u0645\u0635\u0646\u0648\u0639\u0629 \u0645\u0646 \u0627\u0644\u0642\u0637\u0646 \u0627\u0644\u0639\u0636\u0648\u064a \u0627\u0644\u0628\u064a\u0648\u0644\u0648\u062c\u064a. \u0642\u0637\u0646 \u0639\u0636\u0648\u064a \u0645\u0639\u062a\u0645\u062f \u0644\u0637\u064a\u0641 \u0639\u0644\u0649 \u0627\u0644\u0628\u0634\u0631\u0629. \u0645\u062b\u0627\u0644\u064a\u0629 \u0644\u062a\u0637\u0628\u064a\u0642 \u0627\u0644\u0645\u0633\u062a\u062d\u0636\u0631\u0627\u062a \u0648\u0625\u0632\u0627\u0644\u0629 \u0627\u0644\u0645\u0643\u064a\u0627\u062c. \u0627\u0644\u0645\u0643\u0648\u0646\u0627\u062a \u0648\u0627\u0644\u062e\u0635\u0627\u0626\u0635 \u0627\u0644\u0631\u0626\u064a\u0633\u064a\u0629 \u0642\u0637\u0646 \u0639\u0636\u0648\u064a \u0645\u0639\u062a\u0645\u062f \u0644\u0637\u064a\u0641 \u0639\u0644\u0649 \u0627\u0644\u0628\u0634\u0631\u0629 \u0635\u062f\u064a\u0642 \u0644\u0644\u0628\u064a\u0626\u0629 \u0644\u0644\u062a\u0637\u0628\u064a\u0642 \u0648\u0625\u0632\u0627\u0644\u0629 \u0627\u0644\u0645\u0643\u064a\u0627\u062c \u0627\u0644\u0645\u064a\u0632\u0627\u062a \u0648\u0627\u0644\u0641\u0648\u0627\u0626\u062f \u0627\u0644\u0631\u0626\u064a\u0633\u064a\u0629 \u0644\u0637\u064a\u0641\u0629 \u0639\u0644\u0649 \u0627\u0644\u0628\u0634\u0631\u0629 \u0627\u0644\u062d\u0633\u0627\u0633\u0629 \u0642\u0637\u0646 \u0639\u0636\u0648\u064a \u0645\u0639\u062a\u0645\u062f \u0645\u062b\u0627\u0644\u064a\u0629 \u0644\u0625\u0632\u0627\u0644\u0629 \u0627\u0644\u0645\u0643\u064a\u0627\u062c [&hellip;]<\/p>\n","protected":false},"featured_media":36483,"template":"","meta":[],"pwb-brand":[],"product_brand":[],"product_cat":[1197,1205],"product_tag":[1058],"class_list":{"0":"post-36508","1":"product","2":"type-product","3":"status-publish","4":"has-post-thumbnail","6":"product_cat-sponges-makeup","7":"product_cat-makeup-removers","8":"product_tag-1058","10":"first","11":"instock","12":"shipping-taxable","13":"purchasable","14":"product-type-variable","15":"has-default-attributes","16":"wvs-archive-product-wrapper"},"brands":[],"_links":{"self":[{"href":"https:\/\/gopinkish.com\/fr\/wp-json\/wp\/v2\/product\/36508","targetHints":{"allow":["GET"]}}],"collection":[{"href":"https:\/\/gopinkish.com\/fr\/wp-json\/wp\/v2\/product"}],"about":[{"href":"https:\/\/gopinkish.com\/fr\/wp-json\/wp\/v2\/types\/product"}],"wp:featuredmedia":[{"embeddable":true,"href":"https:\/\/gopinkish.com\/fr\/wp-json\/wp\/v2\/media\/36483"}],"wp:attachment":[{"href":"https:\/\/gopinkish.com\/fr\/wp-json\/wp\/v2\/media?parent=36508"}],"wp:term":[{"taxonomy":"pwb-brand","embeddable":true,"href":"https:\/\/gopinkish.com\/fr\/wp-json\/wp\/v2\/pwb-brand?post=36508"},{"taxonomy":"product_brand","embeddable":true,"href":"https:\/\/gopinkish.com\/fr\/wp-json\/wp\/v2\/product_brand?post=36508"},{"taxonomy":"product_cat","embeddable":true,"href":"https:\/\/gopinkish.com\/fr\/wp-json\/wp\/v2\/product_cat?post=36508"},{"taxonomy":"product_tag","embeddable":true,"href":"https:\/\/gopinkish.com\/fr\/wp-json\/wp\/v2\/product_tag?post=36508"}],"curies":[{"name":"wp","href":"https:\/\/api.w.org\/{rel}","templated":true}]}}