{"id":36500,"date":"2025-02-25T05:59:07","date_gmt":"2025-02-25T04:59:07","guid":{"rendered":"https:\/\/gopinkish.com\/?post_type=product&#038;p=36500"},"modified":"2026-02-25T13:17:35","modified_gmt":"2026-02-25T12:17:35","slug":"8717931602402","status":"publish","type":"product","link":"https:\/\/gopinkish.com\/fr\/produit\/8717931602402\/","title":{"rendered":"Huile de carotte naturelle pour nourrir la peau et les cheveux"},"content":{"rendered":"<p style=\"text-align: justify;\">L'huile de carotte naturelle de Yari est une huile de carotte naturelle riche en b\u00eata-carot\u00e8ne. Nourrit et \u00e9claircit la peau. Hydrate en profondeur la peau et les cheveux.<\/p>\n<p><strong>Principaux ingr\u00e9dients et caract\u00e9ristiques<\/strong><\/p>\n<ul>\n<li>B\u00e9tacarot\u00e8ne<\/li>\n<li>Vitamine A<\/li>\n<li>Antioxydants<\/li>\n<li>Sans paraben<\/li>\n<\/ul>\n<p><strong>Principales caract\u00e9ristiques et avantages<\/strong><\/p>\n<ul>\n<li>Nourrit la peau<\/li>\n<li>Donne un \u00e9clat radieux<\/li>\n<li>Hydrate en profondeur<\/li>\n<li>Uniformise le teint de la peau<\/li>\n<\/ul>\n<p style=\"text-align: center;\">\ud83c\uddec\ud83c\udde7 Yari - Huile naturelle de carotte<\/p>\n<p style=\"text-align: center;\">\ud83c\uddeb\ud83c\uddf7 Yari - Huile de carotte naturelle<\/p>","protected":false},"excerpt":{"rendered":"<p>\u0645\u0646\u062a\u062c Yari Natural Carrot Oil \u0645\u0646 \u064a\u0627\u0631\u064a \u0647\u0648 \u0632\u064a\u062a \u0627\u0644\u062c\u0632\u0631 \u0627\u0644\u0637\u0628\u064a\u0639\u064a \u0627\u0644\u063a\u0646\u064a \u0628\u0627\u0644\u0628\u064a\u062a\u0627\u0643\u0627\u0631\u0648\u062a\u064a\u0646. \u064a\u063a\u0630\u064a \u0627\u0644\u0628\u0634\u0631\u0629 \u0648\u064a\u0645\u0646\u062d\u0647\u0627 \u0625\u0634\u0631\u0627\u0642\u0629. \u064a\u0631\u0637\u0628 \u0627\u0644\u0628\u0634\u0631\u0629 \u0648\u0627\u0644\u0634\u0639\u0631 \u0628\u0639\u0645\u0642. \u0627\u0644\u0645\u0643\u0648\u0646\u0627\u062a \u0648\u0627\u0644\u062e\u0635\u0627\u0626\u0635 \u0627\u0644\u0631\u0626\u064a\u0633\u064a\u0629 \u0628\u064a\u062a\u0627\u0643\u0627\u0631\u0648\u062a\u064a\u0646 \u0641\u064a\u062a\u0627\u0645\u064a\u0646 A \u0645\u0636\u0627\u062f\u0627\u062a \u0623\u0643\u0633\u062f\u0629 \u062e\u0627\u0644\u064a \u0645\u0646 \u0627\u0644\u0628\u0627\u0631\u0627\u0628\u064a\u0646 \u0627\u0644\u0645\u064a\u0632\u0627\u062a \u0648\u0627\u0644\u0641\u0648\u0627\u0626\u062f \u0627\u0644\u0631\u0626\u064a\u0633\u064a\u0629 \u064a\u063a\u0630\u064a \u0627\u0644\u0628\u0634\u0631\u0629 \u064a\u0645\u0646\u062d \u0625\u0634\u0631\u0627\u0642\u0629 \u064a\u0631\u0637\u0628 \u0628\u0639\u0645\u0642 \u064a\u0648\u062d\u062f \u0644\u0648\u0646 \u0627\u0644\u0628\u0634\u0631\u0629 \ud83c\uddec\ud83c\udde7 Yari \u2013 Natural carrot oil \ud83c\uddeb\ud83c\uddf7 Yari \u2013 Huile de [&hellip;]<\/p>\n","protected":false},"featured_media":36475,"template":"","meta":[],"pwb-brand":[],"product_brand":[],"product_cat":[1153],"product_tag":[765],"class_list":{"0":"post-36500","1":"product","2":"type-product","3":"status-publish","4":"has-post-thumbnail","6":"product_cat-hair-oil","7":"product_tag-765","9":"first","10":"instock","11":"shipping-taxable","12":"purchasable","13":"product-type-variable","14":"has-default-attributes","15":"wvs-archive-product-wrapper"},"brands":[],"_links":{"self":[{"href":"https:\/\/gopinkish.com\/fr\/wp-json\/wp\/v2\/product\/36500","targetHints":{"allow":["GET"]}}],"collection":[{"href":"https:\/\/gopinkish.com\/fr\/wp-json\/wp\/v2\/product"}],"about":[{"href":"https:\/\/gopinkish.com\/fr\/wp-json\/wp\/v2\/types\/product"}],"wp:featuredmedia":[{"embeddable":true,"href":"https:\/\/gopinkish.com\/fr\/wp-json\/wp\/v2\/media\/36475"}],"wp:attachment":[{"href":"https:\/\/gopinkish.com\/fr\/wp-json\/wp\/v2\/media?parent=36500"}],"wp:term":[{"taxonomy":"pwb-brand","embeddable":true,"href":"https:\/\/gopinkish.com\/fr\/wp-json\/wp\/v2\/pwb-brand?post=36500"},{"taxonomy":"product_brand","embeddable":true,"href":"https:\/\/gopinkish.com\/fr\/wp-json\/wp\/v2\/product_brand?post=36500"},{"taxonomy":"product_cat","embeddable":true,"href":"https:\/\/gopinkish.com\/fr\/wp-json\/wp\/v2\/product_cat?post=36500"},{"taxonomy":"product_tag","embeddable":true,"href":"https:\/\/gopinkish.com\/fr\/wp-json\/wp\/v2\/product_tag?post=36500"}],"curies":[{"name":"wp","href":"https:\/\/api.w.org\/{rel}","templated":true}]}}