{"id":36468,"date":"2025-02-25T01:24:08","date_gmt":"2025-02-25T00:24:08","guid":{"rendered":"https:\/\/gopinkish.com\/?post_type=product&#038;p=36468"},"modified":"2026-02-25T15:54:32","modified_gmt":"2026-02-25T14:54:32","slug":"8008277375854","status":"publish","type":"product","link":"https:\/\/gopinkish.com\/fr\/produit\/8008277375854\/","title":{"rendered":"Masque professionnel \u00e0 la k\u00e9ratine et aux prot\u00e9ines de soie"},"content":{"rendered":"<p style=\"text-align: justify;\">\u0645\u0646\u062a\u062c Keragold Masque K\u00e9ratine &amp; Silk Proteins \u0645\u0646 \u0643\u064a\u0631\u0627\u063a\u0648\u0644\u062f \u0647\u0648 \u0645\u0627\u0633\u0643 \u0645\u062c\u062f\u062f \u0628\u0627\u0644\u0643\u064a\u0631\u0627\u062a\u064a\u0646 \u0648\u0628\u0631\u0648\u062a\u064a\u0646\u0627\u062a \u0627\u0644\u062d\u0631\u064a\u0631. \u064a\u062c\u0645\u0639 \u0628\u064a\u0646 \u0627\u0644\u0643\u064a\u0631\u0627\u062a\u064a\u0646 \u0648\u0628\u0631\u0648\u062a\u064a\u0646\u0627\u062a \u0627\u0644\u062d\u0631\u064a\u0631 \u0644\u0646\u0639\u0648\u0645\u0629 \u062d\u0631\u064a\u0631\u064a\u0629. \u064a\u0639\u0627\u0644\u062c \u0627\u0644\u0634\u0639\u0631 \u0627\u0644\u0645\u062a\u0636\u0631\u0631 \u0648\u064a\u0639\u064a\u062f \u0627\u0644\u0645\u0631\u0648\u0646\u0629.<\/p>\n<p><strong>Principaux ingr\u00e9dients et caract\u00e9ristiques<\/strong><\/p>\n<ul>\n<li>K\u00e9ratine<\/li>\n<li>\u0628\u0631\u0648\u062a\u064a\u0646\u0627\u062a \u0627\u0644\u062d\u0631\u064a\u0631<\/li>\n<li>Formule remani\u00e9e<\/li>\n<li>\u0645\u0643\u0648\u0646\u0627\u062a \u0645\u0631\u0645\u0645\u0629<\/li>\n<\/ul>\n<p><strong>Principales caract\u00e9ristiques et avantages<\/strong><\/p>\n<ul>\n<li>Douceur soyeuse<\/li>\n<li>\u0625\u0639\u0627\u062f\u0629 \u0628\u0646\u0627\u0621<\/li>\n<li>\u0645\u0631\u0648\u0646\u0629 \u0648\u0644\u0645\u0639\u0627\u0646<\/li>\n<li>Pour tous les types de cheveux<\/li>\n<\/ul>\n<p style=\"text-align: center;\">\ud83c\uddec\ud83c\udde7 Keragold \u2013 Regenerating mask keratin &amp; silk proteins<\/p>\n<p style=\"text-align: center;\">\ud83c\uddeb\ud83c\uddf7 Keragold \u2013 Masque r\u00e9g\u00e9n\u00e9rant k\u00e9ratine &amp; prot\u00e9ines de soie<\/p>","protected":false},"excerpt":{"rendered":"<p>\u0645\u0646\u062a\u062c Keragold Masque K\u00e9ratine &amp; Silk Proteins \u0645\u0646 \u0643\u064a\u0631\u0627\u063a\u0648\u0644\u062f \u0647\u0648 \u0645\u0627\u0633\u0643 \u0645\u062c\u062f\u062f \u0628\u0627\u0644\u0643\u064a\u0631\u0627\u062a\u064a\u0646 \u0648\u0628\u0631\u0648\u062a\u064a\u0646\u0627\u062a \u0627\u0644\u062d\u0631\u064a\u0631. \u064a\u062c\u0645\u0639 \u0628\u064a\u0646 \u0627\u0644\u0643\u064a\u0631\u0627\u062a\u064a\u0646 \u0648\u0628\u0631\u0648\u062a\u064a\u0646\u0627\u062a \u0627\u0644\u062d\u0631\u064a\u0631 \u0644\u0646\u0639\u0648\u0645\u0629 \u062d\u0631\u064a\u0631\u064a\u0629. \u064a\u0639\u0627\u0644\u062c \u0627\u0644\u0634\u0639\u0631 \u0627\u0644\u0645\u062a\u0636\u0631\u0631 \u0648\u064a\u0639\u064a\u062f \u0627\u0644\u0645\u0631\u0648\u0646\u0629. \u0627\u0644\u0645\u0643\u0648\u0646\u0627\u062a \u0648\u0627\u0644\u062e\u0635\u0627\u0626\u0635 \u0627\u0644\u0631\u0626\u064a\u0633\u064a\u0629 \u0643\u064a\u0631\u0627\u062a\u064a\u0646 \u0628\u0631\u0648\u062a\u064a\u0646\u0627\u062a \u0627\u0644\u062d\u0631\u064a\u0631 \u062a\u0631\u0643\u064a\u0628\u0629 \u0645\u062c\u062f\u062f\u0629 \u0645\u0643\u0648\u0646\u0627\u062a \u0645\u0631\u0645\u0645\u0629 \u0627\u0644\u0645\u064a\u0632\u0627\u062a \u0648\u0627\u0644\u0641\u0648\u0627\u0626\u062f \u0627\u0644\u0631\u0626\u064a\u0633\u064a\u0629 \u0646\u0639\u0648\u0645\u0629 \u062d\u0631\u064a\u0631\u064a\u0629 \u0625\u0639\u0627\u062f\u0629 \u0628\u0646\u0627\u0621 \u0645\u0631\u0648\u0646\u0629 \u0648\u0644\u0645\u0639\u0627\u0646 \u0644\u062c\u0645\u064a\u0639 \u0623\u0646\u0648\u0627\u0639 \u0627\u0644\u0634\u0639\u0631 \ud83c\uddec\ud83c\udde7 Keragold \u2013 Regenerating mask keratin [&hellip;]<\/p>\n","protected":false},"featured_media":36397,"template":"","meta":[],"pwb-brand":[1044],"product_brand":[],"product_cat":[1151],"product_tag":[1035,1437],"class_list":{"0":"post-36468","1":"product","2":"type-product","3":"status-publish","4":"has-post-thumbnail","6":"pwb-brand-keragold","7":"product_cat-hair-mask","8":"product_tag-1035","9":"product_tag-1437","11":"first","12":"outofstock","13":"shipping-taxable","14":"product-type-variable","15":"has-default-attributes","16":"wvs-archive-product-wrapper"},"brands":[{"id":1044,"name":"Keragold","slug":"keragold"}],"_links":{"self":[{"href":"https:\/\/gopinkish.com\/fr\/wp-json\/wp\/v2\/product\/36468","targetHints":{"allow":["GET"]}}],"collection":[{"href":"https:\/\/gopinkish.com\/fr\/wp-json\/wp\/v2\/product"}],"about":[{"href":"https:\/\/gopinkish.com\/fr\/wp-json\/wp\/v2\/types\/product"}],"wp:featuredmedia":[{"embeddable":true,"href":"https:\/\/gopinkish.com\/fr\/wp-json\/wp\/v2\/media\/36397"}],"wp:attachment":[{"href":"https:\/\/gopinkish.com\/fr\/wp-json\/wp\/v2\/media?parent=36468"}],"wp:term":[{"taxonomy":"pwb-brand","embeddable":true,"href":"https:\/\/gopinkish.com\/fr\/wp-json\/wp\/v2\/pwb-brand?post=36468"},{"taxonomy":"product_brand","embeddable":true,"href":"https:\/\/gopinkish.com\/fr\/wp-json\/wp\/v2\/product_brand?post=36468"},{"taxonomy":"product_cat","embeddable":true,"href":"https:\/\/gopinkish.com\/fr\/wp-json\/wp\/v2\/product_cat?post=36468"},{"taxonomy":"product_tag","embeddable":true,"href":"https:\/\/gopinkish.com\/fr\/wp-json\/wp\/v2\/product_tag?post=36468"}],"curies":[{"name":"wp","href":"https:\/\/api.w.org\/{rel}","templated":true}]}}