{"id":36462,"date":"2025-02-25T01:24:06","date_gmt":"2025-02-25T00:24:06","guid":{"rendered":"https:\/\/gopinkish.com\/?post_type=product&#038;p=36462"},"modified":"2026-02-25T14:03:34","modified_gmt":"2026-02-25T13:03:34","slug":"651637215925","status":"publish","type":"product","link":"https:\/\/gopinkish.com\/fr\/produit\/651637215925\/","title":{"rendered":"Masque professionnel \u00e0 l'huile d'amla et \u00e0 la k\u00e9ratine"},"content":{"rendered":"<p style=\"text-align: justify;\">Le masque Keragold Amla Oil K\u00e9ratine &amp; Hyaluronic Acid Masque est un masque rajeunissant \u00e0 l'huile d'amla, \u00e0 la k\u00e9ratine et \u00e0 l'acide hyaluronique. Il associe l'huile d'amla fortifiante \u00e0 la k\u00e9ratine et \u00e0 l'acide hyaluronique hydratant.<\/p>\n<p><strong>Principaux ingr\u00e9dients et caract\u00e9ristiques<\/strong><\/p>\n<ul>\n<li>Huile tonique d'Amla<\/li>\n<li>K\u00e9ratine pour la reconstruction<\/li>\n<li>Acide hyaluronique<\/li>\n<li>Formule remani\u00e9e<\/li>\n<\/ul>\n<p><strong>Principales caract\u00e9ristiques et avantages<\/strong><\/p>\n<ul>\n<li>Renforce et nourrit en profondeur<\/li>\n<li>Reconstruit les dommages<\/li>\n<li>Hydratation intense<\/li>\n<li>Brillant et vibrant<\/li>\n<\/ul>\n<p style=\"text-align: center;\">\ud83c\uddec\ud83c\udde7 Keragold - Masque r\u00e9g\u00e9n\u00e9rant \u00e0 l'amla, \u00e0 la k\u00e9ratine et \u00e0 l'acide hyaluronique<\/p>\n<p style=\"text-align: center;\">\ud83c\uddeb\ud83c\uddf7 Keragold - Masque r\u00e9g\u00e9n\u00e9rant amla, k\u00e9ratine &amp; acide hyaluronique<\/p>","protected":false},"excerpt":{"rendered":"<p>\u0645\u0646\u062a\u062c Keragold Masque Amla Oil K\u00e9ratine &amp; Hyaluronic Acid \u0645\u0646 \u0643\u064a\u0631\u0627\u063a\u0648\u0644\u062f \u0647\u0648 \u0645\u0627\u0633\u0643 \u0645\u062c\u062f\u062f \u0628\u0632\u064a\u062a \u0627\u0644\u0623\u0645\u0644\u0627 \u0648\u0627\u0644\u0643\u064a\u0631\u0627\u062a\u064a\u0646 \u0648\u062d\u0645\u0636 \u0627\u0644\u0647\u064a\u0627\u0644\u0648\u0631\u0648\u0646\u064a\u0643. \u064a\u062c\u0645\u0639 \u0628\u064a\u0646 \u0632\u064a\u062a \u0627\u0644\u0623\u0645\u0644\u0627 \u0627\u0644\u0645\u0642\u0648\u064a \u0648\u0627\u0644\u0643\u064a\u0631\u0627\u062a\u064a\u0646 \u0648\u062d\u0645\u0636 \u0627\u0644\u0647\u064a\u0627\u0644\u0648\u0631\u0648\u0646\u064a\u0643 \u0627\u0644\u0645\u0631\u0637\u0628. \u0627\u0644\u0645\u0643\u0648\u0646\u0627\u062a \u0648\u0627\u0644\u062e\u0635\u0627\u0626\u0635 \u0627\u0644\u0631\u0626\u064a\u0633\u064a\u0629 \u0632\u064a\u062a \u0627\u0644\u0623\u0645\u0644\u0627 \u0627\u0644\u0645\u0642\u0648\u064a \u0643\u064a\u0631\u0627\u062a\u064a\u0646 \u0644\u0625\u0639\u0627\u062f\u0629 \u0627\u0644\u0628\u0646\u0627\u0621 \u062d\u0645\u0636 \u0627\u0644\u0647\u064a\u0627\u0644\u0648\u0631\u0648\u0646\u064a\u0643 \u062a\u0631\u0643\u064a\u0628\u0629 \u0645\u062c\u062f\u062f\u0629 \u0627\u0644\u0645\u064a\u0632\u0627\u062a \u0648\u0627\u0644\u0641\u0648\u0627\u0626\u062f \u0627\u0644\u0631\u0626\u064a\u0633\u064a\u0629 \u064a\u0642\u0648\u064a \u0648\u064a\u063a\u0630\u064a \u0628\u0639\u0645\u0642 \u064a\u0639\u064a\u062f \u0628\u0646\u0627\u0621 \u0627\u0644\u062a\u0627\u0644\u0641 \u062a\u0631\u0637\u064a\u0628 \u0645\u0643\u062b\u0641 \u0644\u0645\u0639\u0627\u0646 \u0648\u062d\u064a\u0648\u064a\u0629 \ud83c\uddec\ud83c\udde7 [&hellip;]<\/p>\n","protected":false},"featured_media":36393,"template":"","meta":[],"pwb-brand":[1044],"product_brand":[],"product_cat":[1151],"product_tag":[750,1035,1437],"class_list":{"0":"post-36462","1":"product","2":"type-product","3":"status-publish","4":"has-post-thumbnail","6":"pwb-brand-keragold","7":"product_cat-hair-mask","8":"product_tag-750","9":"product_tag-1035","10":"product_tag-1437","12":"first","13":"instock","14":"shipping-taxable","15":"purchasable","16":"product-type-variable","17":"has-default-attributes","18":"wvs-archive-product-wrapper"},"brands":[{"id":1044,"name":"Keragold","slug":"keragold"}],"_links":{"self":[{"href":"https:\/\/gopinkish.com\/fr\/wp-json\/wp\/v2\/product\/36462","targetHints":{"allow":["GET"]}}],"collection":[{"href":"https:\/\/gopinkish.com\/fr\/wp-json\/wp\/v2\/product"}],"about":[{"href":"https:\/\/gopinkish.com\/fr\/wp-json\/wp\/v2\/types\/product"}],"wp:featuredmedia":[{"embeddable":true,"href":"https:\/\/gopinkish.com\/fr\/wp-json\/wp\/v2\/media\/36393"}],"wp:attachment":[{"href":"https:\/\/gopinkish.com\/fr\/wp-json\/wp\/v2\/media?parent=36462"}],"wp:term":[{"taxonomy":"pwb-brand","embeddable":true,"href":"https:\/\/gopinkish.com\/fr\/wp-json\/wp\/v2\/pwb-brand?post=36462"},{"taxonomy":"product_brand","embeddable":true,"href":"https:\/\/gopinkish.com\/fr\/wp-json\/wp\/v2\/product_brand?post=36462"},{"taxonomy":"product_cat","embeddable":true,"href":"https:\/\/gopinkish.com\/fr\/wp-json\/wp\/v2\/product_cat?post=36462"},{"taxonomy":"product_tag","embeddable":true,"href":"https:\/\/gopinkish.com\/fr\/wp-json\/wp\/v2\/product_tag?post=36462"}],"curies":[{"name":"wp","href":"https:\/\/api.w.org\/{rel}","templated":true}]}}