{"id":36448,"date":"2025-02-25T01:24:02","date_gmt":"2025-02-25T00:24:02","guid":{"rendered":"https:\/\/gopinkish.com\/?post_type=product&#038;p=36448"},"modified":"2026-03-22T18:00:36","modified_gmt":"2026-03-22T17:00:36","slug":"4015100737882","status":"publish","type":"product","link":"https:\/\/gopinkish.com\/fr\/produit\/4015100737882\/","title":{"rendered":"Kit de traitement intensif pour r\u00e9parer les cheveux ab\u00eem\u00e9s et endommag\u00e9s - 4 produits"},"content":{"rendered":"<p style=\"text-align: justify;\">Le set Schwarzkopf Gliss Hair Repair est un traitement intensif pour r\u00e9parer les cheveux ab\u00eem\u00e9s. La technologie de la k\u00e9ratine liquide reconstruit les cheveux de l'int\u00e9rieur. Traite les cheveux cassants et secs.<\/p>\n<p><strong>Principaux ingr\u00e9dients et caract\u00e9ristiques<\/strong><\/p>\n<ul>\n<li>K\u00e9ratine liquide<\/li>\n<li>Ingr\u00e9dients r\u00e9form\u00e9s<\/li>\n<li>Formule intense<\/li>\n<li>Nourrissant et hydratant<\/li>\n<\/ul>\n<p><strong>Principales caract\u00e9ristiques et avantages<\/strong><\/p>\n<ul>\n<li>R\u00e9pare les cheveux ab\u00eem\u00e9s<\/li>\n<li>Redonne de l'\u00e9clat<\/li>\n<li>Renforce la structure<\/li>\n<li>R\u00e9sultats de la premi\u00e8re utilisation<\/li>\n<\/ul>\n<p style=\"text-align: center;\">\ud83c\uddec\ud83c\udde7 Schwarzkopf Gliss - Traitement r\u00e9parateur pour les cheveux<\/p>\n<p style=\"text-align: center;\">\ud83c\uddeb\ud83c\uddf7 Schwarzkopf Gliss - Soin r\u00e9parateur cheveux<\/p>","protected":false},"excerpt":{"rendered":"<p>\u0637\u0642\u0645 Schwarzkopf Gliss Hair Repair \u0645\u0646 \u0634\u0648\u0627\u0631\u0632\u0643\u0648\u0641 \u0647\u0648 \u0639\u0644\u0627\u062c \u0645\u0643\u062b\u0641 \u0644\u0625\u0635\u0644\u0627\u062d \u0627\u0644\u0634\u0639\u0631 \u0627\u0644\u062a\u0627\u0644\u0641. \u062a\u0642\u0646\u064a\u0629 \u0627\u0644\u0643\u064a\u0631\u0627\u062a\u064a\u0646 \u0627\u0644\u0633\u0627\u0626\u0644 \u062a\u0639\u064a\u062f \u0628\u0646\u0627\u0621 \u0627\u0644\u0634\u0639\u0631 \u0645\u0646 \u0627\u0644\u062f\u0627\u062e\u0644. \u064a\u0639\u0627\u0644\u062c \u0627\u0644\u0634\u0639\u0631 \u0627\u0644\u0645\u062a\u0643\u0633\u0631 \u0648\u0627\u0644\u062c\u0627\u0641. \u0627\u0644\u0645\u0643\u0648\u0646\u0627\u062a \u0648\u0627\u0644\u062e\u0635\u0627\u0626\u0635 \u0627\u0644\u0631\u0626\u064a\u0633\u064a\u0629 \u0643\u064a\u0631\u0627\u062a\u064a\u0646 \u0633\u0627\u0626\u0644 \u0645\u0643\u0648\u0646\u0627\u062a \u0645\u064f\u0635\u0644\u062d\u0629 \u062a\u0631\u0643\u064a\u0628\u0629 \u0645\u0643\u062b\u0641\u0629 \u0645\u063a\u0630\u064a\u0629 \u0648\u0645\u0631\u0637\u0628\u0629 \u0627\u0644\u0645\u064a\u0632\u0627\u062a \u0648\u0627\u0644\u0641\u0648\u0627\u0626\u062f \u0627\u0644\u0631\u0626\u064a\u0633\u064a\u0629 \u064a\u0635\u0644\u062d \u0627\u0644\u0634\u0639\u0631 \u0627\u0644\u062a\u0627\u0644\u0641 \u064a\u0639\u064a\u062f \u0627\u0644\u0644\u0645\u0639\u0627\u0646 \u064a\u0642\u0648\u064a \u0627\u0644\u0628\u0646\u064a\u0629 \u0646\u062a\u0627\u0626\u062c \u0645\u0646 \u0623\u0648\u0644 \u0627\u0633\u062a\u062e\u062f\u0627\u0645 \ud83c\uddec\ud83c\udde7 Schwarzkopf Gliss \u2013 Hair [&hellip;]<\/p>\n","protected":false},"featured_media":36380,"template":"","meta":[],"pwb-brand":[732],"product_brand":[],"product_cat":[1229,1380],"product_tag":[765,750,1035,1437],"class_list":{"0":"post-36448","1":"product","2":"type-product","3":"status-publish","4":"has-post-thumbnail","6":"pwb-brand-schwarzkopf","7":"product_cat-hair-treatment","8":"product_cat-care-collections","9":"product_tag-765","10":"product_tag-750","11":"product_tag-1035","12":"product_tag-1437","14":"first","15":"outofstock","16":"shipping-taxable","17":"product-type-variable","18":"has-default-attributes","19":"wvs-archive-product-wrapper"},"brands":[{"id":732,"name":"Schwarzkopf","slug":"schwarzkopf"}],"_links":{"self":[{"href":"https:\/\/gopinkish.com\/fr\/wp-json\/wp\/v2\/product\/36448","targetHints":{"allow":["GET"]}}],"collection":[{"href":"https:\/\/gopinkish.com\/fr\/wp-json\/wp\/v2\/product"}],"about":[{"href":"https:\/\/gopinkish.com\/fr\/wp-json\/wp\/v2\/types\/product"}],"wp:featuredmedia":[{"embeddable":true,"href":"https:\/\/gopinkish.com\/fr\/wp-json\/wp\/v2\/media\/36380"}],"wp:attachment":[{"href":"https:\/\/gopinkish.com\/fr\/wp-json\/wp\/v2\/media?parent=36448"}],"wp:term":[{"taxonomy":"pwb-brand","embeddable":true,"href":"https:\/\/gopinkish.com\/fr\/wp-json\/wp\/v2\/pwb-brand?post=36448"},{"taxonomy":"product_brand","embeddable":true,"href":"https:\/\/gopinkish.com\/fr\/wp-json\/wp\/v2\/product_brand?post=36448"},{"taxonomy":"product_cat","embeddable":true,"href":"https:\/\/gopinkish.com\/fr\/wp-json\/wp\/v2\/product_cat?post=36448"},{"taxonomy":"product_tag","embeddable":true,"href":"https:\/\/gopinkish.com\/fr\/wp-json\/wp\/v2\/product_tag?post=36448"}],"curies":[{"name":"wp","href":"https:\/\/api.w.org\/{rel}","templated":true}]}}