{"id":36445,"date":"2025-02-25T01:24:01","date_gmt":"2025-02-25T00:24:01","guid":{"rendered":"https:\/\/gopinkish.com\/?post_type=product&#038;p=36445"},"modified":"2026-04-01T18:41:01","modified_gmt":"2026-04-01T17:41:01","slug":"3600520978642","status":"publish","type":"product","link":"https:\/\/gopinkish.com\/fr\/produit\/3600520978642\/","title":{"rendered":"Teinture brillante d'aspect naturel sans ammoniaque"},"content":{"rendered":"<p style=\"text-align: justify;\">L'Or\u00e9al Casting Cr\u00e8me Gloss est une coloration semi-permanente sans ammoniaque. Couleur riche et brillante avec une couverture grise jusqu'\u00e0 28 lavages. L'apr\u00e8s-shampoing \u00e0 la gel\u00e9e royale avec la gel\u00e9e royale nourrit les cheveux.<\/p>\n<p><strong>Principaux ingr\u00e9dients et caract\u00e9ristiques<\/strong><\/p>\n<ul>\n<li>Sans ammoniaque<\/li>\n<li>Baume \u00e0 la gel\u00e9e royale<\/li>\n<li>Des couleurs riches<\/li>\n<li>Couverture des cheveux gris<\/li>\n<\/ul>\n<p><strong>Principales caract\u00e9ristiques et avantages<\/strong><\/p>\n<ul>\n<li>Pour des cheveux plus sains<\/li>\n<li>Une couleur qui dure 28 lavages<\/li>\n<li>Nourrir pendant la coloration<\/li>\n<li>Facile \u00e0 appliquer<\/li>\n<li>Couverture des cheveux gris<\/li>\n<\/ul>\n<p style=\"text-align: center;\">\ud83c\uddec\ud83c\udde7 L'Or\u00e9al - Casting Cr\u00e8me Gloss couleur sans ammoniaque<\/p>\n<p style=\"text-align: center;\">\ud83c\uddeb\ud83c\uddf7 L'Or\u00e9al - Casting Cr\u00e8me Gloss colouration sans ammoniaque<\/p>","protected":false},"excerpt":{"rendered":"<p>\u0645\u0646\u062a\u062c L&#8217;Or\u00e9al Casting Cr\u00e8me Gloss \u0645\u0646 \u0644\u0648\u0631\u064a\u0627\u0644 \u0647\u0648 \u0635\u0628\u063a\u0629 \u0634\u0639\u0631 \u0634\u0628\u0647 \u062f\u0627\u0626\u0645\u0629 \u0628\u062f\u0648\u0646 \u0623\u0645\u0648\u0646\u064a\u0627. \u0644\u0648\u0646 \u063a\u0646\u064a \u0648\u0644\u0627\u0645\u0639 \u0645\u0639 \u062a\u063a\u0637\u064a\u0629 \u0644\u0644\u0634\u064a\u0628 \u062d\u062a\u0649 28 \u063a\u0633\u0644\u0629. \u0628\u0644\u0633\u0645 Royal Jelly \u0628\u063a\u0630\u0627\u0621 \u0645\u0644\u0643\u0627\u062a \u0627\u0644\u0646\u062d\u0644 \u064a\u063a\u0630\u064a \u0627\u0644\u0634\u0639\u0631. \u0627\u0644\u0645\u0643\u0648\u0646\u0627\u062a \u0648\u0627\u0644\u062e\u0635\u0627\u0626\u0635 \u0627\u0644\u0631\u0626\u064a\u0633\u064a\u0629 \u0628\u062f\u0648\u0646 \u0623\u0645\u0648\u0646\u064a\u0627 \u0628\u0644\u0633\u0645 Royal Jelly \u0623\u0644\u0648\u0627\u0646 \u063a\u0646\u064a\u0629 \u062a\u063a\u0637\u064a\u0629 \u0644\u0644\u0634\u064a\u0628 \u0627\u0644\u0645\u064a\u0632\u0627\u062a \u0648\u0627\u0644\u0641\u0648\u0627\u0626\u062f \u0627\u0644\u0631\u0626\u064a\u0633\u064a\u0629 \u0644\u0634\u0639\u0631 \u0623\u0643\u062b\u0631 \u0635\u062d\u0629 \u0644\u0648\u0646 \u064a\u062f\u0648\u0645 28 \u063a\u0633\u0644\u0629 \u062a\u063a\u0630\u064a \u0623\u062b\u0646\u0627\u0621 [&hellip;]<\/p>\n","protected":false},"featured_media":36377,"template":"","meta":[],"pwb-brand":[239],"product_brand":[],"product_cat":[1238],"product_tag":[765,1042,1041],"class_list":{"0":"post-36445","1":"product","2":"type-product","3":"status-publish","4":"has-post-thumbnail","6":"pwb-brand-loreal","7":"product_cat-hair-dye","8":"product_tag-765","9":"product_tag-1042","10":"product_tag-1041","12":"first","13":"instock","14":"shipping-taxable","15":"purchasable","16":"product-type-variable","17":"has-default-attributes","18":"wvs-archive-product-wrapper"},"brands":[{"id":239,"name":"L'Or\u00e9al Paris","slug":"loreal"}],"_links":{"self":[{"href":"https:\/\/gopinkish.com\/fr\/wp-json\/wp\/v2\/product\/36445","targetHints":{"allow":["GET"]}}],"collection":[{"href":"https:\/\/gopinkish.com\/fr\/wp-json\/wp\/v2\/product"}],"about":[{"href":"https:\/\/gopinkish.com\/fr\/wp-json\/wp\/v2\/types\/product"}],"wp:featuredmedia":[{"embeddable":true,"href":"https:\/\/gopinkish.com\/fr\/wp-json\/wp\/v2\/media\/36377"}],"wp:attachment":[{"href":"https:\/\/gopinkish.com\/fr\/wp-json\/wp\/v2\/media?parent=36445"}],"wp:term":[{"taxonomy":"pwb-brand","embeddable":true,"href":"https:\/\/gopinkish.com\/fr\/wp-json\/wp\/v2\/pwb-brand?post=36445"},{"taxonomy":"product_brand","embeddable":true,"href":"https:\/\/gopinkish.com\/fr\/wp-json\/wp\/v2\/product_brand?post=36445"},{"taxonomy":"product_cat","embeddable":true,"href":"https:\/\/gopinkish.com\/fr\/wp-json\/wp\/v2\/product_cat?post=36445"},{"taxonomy":"product_tag","embeddable":true,"href":"https:\/\/gopinkish.com\/fr\/wp-json\/wp\/v2\/product_tag?post=36445"}],"curies":[{"name":"wp","href":"https:\/\/api.w.org\/{rel}","templated":true}]}}