{"id":36443,"date":"2025-02-25T01:24:00","date_gmt":"2025-02-25T00:24:00","guid":{"rendered":"https:\/\/gopinkish.com\/?post_type=product&#038;p=36443"},"modified":"2026-02-25T13:11:24","modified_gmt":"2026-02-25T12:11:24","slug":"3600542318389","status":"publish","type":"product","link":"https:\/\/gopinkish.com\/fr\/produit\/3600542318389\/","title":{"rendered":"Shampooing nutritif \u00e0 la papaye pour reconstruire les cheveux"},"content":{"rendered":"<p style=\"text-align: justify;\">Garnier Fructis Repariert Papaya Hair Food de Garnier est un shampooing reconstructeur \u00e0 la papaye. Il reconstruit les fibres capillaires endommag\u00e9es. Il nettoie et nourrit en douceur de la racine \u00e0 la pointe.<\/p>\n<p><strong>Principaux ingr\u00e9dients et caract\u00e9ristiques<\/strong><\/p>\n<ul>\n<li>Extrait de papaye<\/li>\n<li>Composition botanique<\/li>\n<li>Pas de silicone<\/li>\n<li>Respect de l'environnement<\/li>\n<\/ul>\n<p><strong>Principales caract\u00e9ristiques et avantages<\/strong><\/p>\n<ul>\n<li>Reconstruire la po\u00e9sie<\/li>\n<li>Nourrit en profondeur<\/li>\n<li>Force et flexibilit\u00e9<\/li>\n<li>Nettoie en douceur<\/li>\n<\/ul>\n<p style=\"text-align: center;\">\ud83c\uddec\ud83c\udde7 Garnier Fructis - Shampooing Papaya Hair Food<\/p>\n<p style=\"text-align: center;\">\ud83c\uddeb\ud83c\uddf7 Garnier Fructis - Shampooing Papaye Hair Food<\/p>","protected":false},"excerpt":{"rendered":"<p>\u0645\u0646\u062a\u062c Garnier Fructis Repariert Papaya Hair Food \u0645\u0646 \u063a\u0627\u0631\u0646\u064a\u064a\u0647 \u0647\u0648 \u0634\u0627\u0645\u0628\u0648 \u0645\u064f\u0639\u064a\u062f \u0644\u0628\u0646\u0627\u0621 \u0627\u0644\u0634\u0639\u0631 \u0628\u0627\u0644\u0628\u0627\u0628\u0627\u064a\u0627. \u064a\u0639\u064a\u062f \u0628\u0646\u0627\u0621 \u0623\u0644\u064a\u0627\u0641 \u0627\u0644\u0634\u0639\u0631 \u0627\u0644\u0645\u062a\u0636\u0631\u0631\u0629. \u064a\u0646\u0638\u0641 \u0628\u0644\u0637\u0641 \u0648\u064a\u063a\u0630\u064a \u0645\u0646 \u0627\u0644\u062c\u0630\u0648\u0631 \u0644\u0644\u0623\u0637\u0631\u0627\u0641. \u0627\u0644\u0645\u0643\u0648\u0646\u0627\u062a \u0648\u0627\u0644\u062e\u0635\u0627\u0626\u0635 \u0627\u0644\u0631\u0626\u064a\u0633\u064a\u0629 \u062e\u0644\u0627\u0635\u0629 \u0627\u0644\u0628\u0627\u0628\u0627\u064a\u0627 \u062a\u0631\u0643\u064a\u0628\u0629 \u0646\u0628\u0627\u062a\u064a\u0629 \u0628\u062f\u0648\u0646 \u0633\u064a\u0644\u064a\u0643\u0648\u0646 \u0635\u062f\u064a\u0642 \u0644\u0644\u0628\u064a\u0626\u0629 \u0627\u0644\u0645\u064a\u0632\u0627\u062a \u0648\u0627\u0644\u0641\u0648\u0627\u0626\u062f \u0627\u0644\u0631\u0626\u064a\u0633\u064a\u0629 \u064a\u0639\u064a\u062f \u0628\u0646\u0627\u0621 \u0627\u0644\u0634\u0639\u0631 \u064a\u063a\u0630\u064a \u0628\u0639\u0645\u0642 \u0642\u0648\u0629 \u0648\u0645\u0631\u0648\u0646\u0629 \u064a\u0646\u0638\u0641 \u0628\u0644\u0637\u0641 \ud83c\uddec\ud83c\udde7 Garnier Fructis \u2013 Papaya Hair [&hellip;]<\/p>\n","protected":false},"featured_media":36376,"template":"","meta":[],"pwb-brand":[218],"product_brand":[],"product_cat":[1148],"product_tag":[765,677,750,1035],"class_list":{"0":"post-36443","1":"product","2":"type-product","3":"status-publish","4":"has-post-thumbnail","6":"pwb-brand-garnier","7":"product_cat-hair-shampoo","8":"product_tag-765","9":"product_tag-brokenhair","10":"product_tag-750","11":"product_tag-1035","13":"first","14":"instock","15":"shipping-taxable","16":"purchasable","17":"product-type-variable","18":"has-default-attributes","19":"wvs-archive-product-wrapper"},"brands":[{"id":218,"name":"Garnier","slug":"garnier"}],"_links":{"self":[{"href":"https:\/\/gopinkish.com\/fr\/wp-json\/wp\/v2\/product\/36443","targetHints":{"allow":["GET"]}}],"collection":[{"href":"https:\/\/gopinkish.com\/fr\/wp-json\/wp\/v2\/product"}],"about":[{"href":"https:\/\/gopinkish.com\/fr\/wp-json\/wp\/v2\/types\/product"}],"wp:featuredmedia":[{"embeddable":true,"href":"https:\/\/gopinkish.com\/fr\/wp-json\/wp\/v2\/media\/36376"}],"wp:attachment":[{"href":"https:\/\/gopinkish.com\/fr\/wp-json\/wp\/v2\/media?parent=36443"}],"wp:term":[{"taxonomy":"pwb-brand","embeddable":true,"href":"https:\/\/gopinkish.com\/fr\/wp-json\/wp\/v2\/pwb-brand?post=36443"},{"taxonomy":"product_brand","embeddable":true,"href":"https:\/\/gopinkish.com\/fr\/wp-json\/wp\/v2\/product_brand?post=36443"},{"taxonomy":"product_cat","embeddable":true,"href":"https:\/\/gopinkish.com\/fr\/wp-json\/wp\/v2\/product_cat?post=36443"},{"taxonomy":"product_tag","embeddable":true,"href":"https:\/\/gopinkish.com\/fr\/wp-json\/wp\/v2\/product_tag?post=36443"}],"curies":[{"name":"wp","href":"https:\/\/api.w.org\/{rel}","templated":true}]}}