{"id":36441,"date":"2025-02-25T01:24:00","date_gmt":"2025-02-25T00:24:00","guid":{"rendered":"https:\/\/gopinkish.com\/?post_type=product&#038;p=36441"},"modified":"2026-02-25T14:06:25","modified_gmt":"2026-02-25T13:06:25","slug":"3600542289610-2","status":"publish","type":"product","link":"https:\/\/gopinkish.com\/fr\/produit\/3600542289610-2\/","title":{"rendered":"Shampooing nutritif \u00e0 la papaye pour r\u00e9parer les dommages"},"content":{"rendered":"<p style=\"text-align: justify;\">Garnier Fructis Hair Food Papaya est un shampooing r\u00e9parateur \u00e0 l'extrait de papaye. La formule botanique naturelle 98% r\u00e9pare les cheveux ab\u00eem\u00e9s. L'extrait de papaye nourrit en profondeur.<\/p>\n<p><strong>Principaux ingr\u00e9dients et caract\u00e9ristiques<\/strong><\/p>\n<ul>\n<li>Extrait de papaye<\/li>\n<li>98% Naturel<\/li>\n<li>Pas de silicone<\/li>\n<li>Biod\u00e9gradable<\/li>\n<\/ul>\n<p><strong>Principales caract\u00e9ristiques et avantages<\/strong><\/p>\n<ul>\n<li>R\u00e9pare les cheveux ab\u00eem\u00e9s<\/li>\n<li>Renforce les cheveux cassants<\/li>\n<li>Douceur et vivacit\u00e9<\/li>\n<li>Nettoie en douceur<\/li>\n<\/ul>\n<p style=\"text-align: center;\">\ud83c\uddec\ud83c\udde7 Garnier Fructis - Hair Food Shampooing \u00e0 la papaye<\/p>\n<p style=\"text-align: center;\">\ud83c\uddeb\ud83c\uddf7 Garnier Fructis - Shampooing Alimentaire Cheveux Papaye<\/p>","protected":false},"excerpt":{"rendered":"<p>\u0645\u0646\u062a\u062c Garnier Fructis Hair Food Papaya \u0645\u0646 \u063a\u0627\u0631\u0646\u064a\u064a\u0647 \u0647\u0648 \u0634\u0627\u0645\u0628\u0648 \u0645\u064f\u0635\u0644\u062d \u0628\u062e\u0644\u0627\u0635\u0629 \u0627\u0644\u0628\u0627\u0628\u0627\u064a\u0627. \u062a\u0631\u0643\u064a\u0628\u0629 \u0646\u0628\u0627\u062a\u064a\u0629 98% \u0637\u0628\u064a\u0639\u064a\u0629 \u062a\u0635\u0644\u062d \u0627\u0644\u0634\u0639\u0631 \u0627\u0644\u062a\u0627\u0644\u0641. \u062e\u0644\u0627\u0635\u0629 \u0627\u0644\u0628\u0627\u0628\u0627\u064a\u0627 \u062a\u063a\u0630\u064a \u0628\u0639\u0645\u0642. \u0627\u0644\u0645\u0643\u0648\u0646\u0627\u062a \u0648\u0627\u0644\u062e\u0635\u0627\u0626\u0635 \u0627\u0644\u0631\u0626\u064a\u0633\u064a\u0629 \u062e\u0644\u0627\u0635\u0629 \u0627\u0644\u0628\u0627\u0628\u0627\u064a\u0627 98% \u0637\u0628\u064a\u0639\u064a \u0628\u062f\u0648\u0646 \u0633\u064a\u0644\u064a\u0643\u0648\u0646 \u0642\u0627\u0628\u0644 \u0644\u0644\u062a\u062d\u0644\u0644 \u0627\u0644\u0645\u064a\u0632\u0627\u062a \u0648\u0627\u0644\u0641\u0648\u0627\u0626\u062f \u0627\u0644\u0631\u0626\u064a\u0633\u064a\u0629 \u064a\u0635\u0644\u062d \u0627\u0644\u0634\u0639\u0631 \u0627\u0644\u062a\u0627\u0644\u0641 \u064a\u0642\u0648\u064a \u0627\u0644\u0634\u0639\u0631 \u0627\u0644\u0647\u0634 \u0646\u0639\u0648\u0645\u0629 \u0648\u062d\u064a\u0648\u064a\u0629 \u064a\u0646\u0638\u0641 \u0628\u0644\u0637\u0641 \ud83c\uddec\ud83c\udde7 Garnier Fructis \u2013 Hair Food Papaya [&hellip;]<\/p>\n","protected":false},"featured_media":36373,"template":"","meta":[],"pwb-brand":[218],"product_brand":[],"product_cat":[1148],"product_tag":[765,677,750,1035],"class_list":{"0":"post-36441","1":"product","2":"type-product","3":"status-publish","4":"has-post-thumbnail","6":"pwb-brand-garnier","7":"product_cat-hair-shampoo","8":"product_tag-765","9":"product_tag-brokenhair","10":"product_tag-750","11":"product_tag-1035","13":"first","14":"instock","15":"shipping-taxable","16":"purchasable","17":"product-type-variable","18":"has-default-attributes","19":"wvs-archive-product-wrapper"},"brands":[{"id":218,"name":"Garnier","slug":"garnier"}],"_links":{"self":[{"href":"https:\/\/gopinkish.com\/fr\/wp-json\/wp\/v2\/product\/36441","targetHints":{"allow":["GET"]}}],"collection":[{"href":"https:\/\/gopinkish.com\/fr\/wp-json\/wp\/v2\/product"}],"about":[{"href":"https:\/\/gopinkish.com\/fr\/wp-json\/wp\/v2\/types\/product"}],"wp:featuredmedia":[{"embeddable":true,"href":"https:\/\/gopinkish.com\/fr\/wp-json\/wp\/v2\/media\/36373"}],"wp:attachment":[{"href":"https:\/\/gopinkish.com\/fr\/wp-json\/wp\/v2\/media?parent=36441"}],"wp:term":[{"taxonomy":"pwb-brand","embeddable":true,"href":"https:\/\/gopinkish.com\/fr\/wp-json\/wp\/v2\/pwb-brand?post=36441"},{"taxonomy":"product_brand","embeddable":true,"href":"https:\/\/gopinkish.com\/fr\/wp-json\/wp\/v2\/product_brand?post=36441"},{"taxonomy":"product_cat","embeddable":true,"href":"https:\/\/gopinkish.com\/fr\/wp-json\/wp\/v2\/product_cat?post=36441"},{"taxonomy":"product_tag","embeddable":true,"href":"https:\/\/gopinkish.com\/fr\/wp-json\/wp\/v2\/product_tag?post=36441"}],"curies":[{"name":"wp","href":"https:\/\/api.w.org\/{rel}","templated":true}]}}