{"id":36439,"date":"2025-02-25T01:23:59","date_gmt":"2025-02-25T00:23:59","guid":{"rendered":"https:\/\/gopinkish.com\/?post_type=product&#038;p=36439"},"modified":"2026-02-25T13:21:02","modified_gmt":"2026-02-25T12:21:02","slug":"3600550582031","status":"publish","type":"product","link":"https:\/\/gopinkish.com\/fr\/produit\/3600550582031\/","title":{"rendered":"Cr\u00e8me de douche parfum\u00e9e au g\u00e2teau au citron"},"content":{"rendered":"<p style=\"text-align: justify;\">DOP Douche Cr\u00e8me Quatre-Quarts Citron est une cr\u00e8me de douche au parfum de g\u00e2teau au citron. Une formule cr\u00e9meuse au parfum frais de citron. Hydrate et adoucit.<\/p>\n<p><strong>Principaux ingr\u00e9dients et caract\u00e9ristiques<\/strong><\/p>\n<ul>\n<li>Parfum G\u00e2teau au Citron<\/li>\n<li>Formule cr\u00e9meuse<\/li>\n<li>De bons ingr\u00e9dients<\/li>\n<li>Mousse rafra\u00eechissante<\/li>\n<\/ul>\n<p><strong>Principales caract\u00e9ristiques et avantages<\/strong><\/p>\n<ul>\n<li>Nettoie et hydrate<\/li>\n<li>Parfum de citron frais<\/li>\n<li>Douceur et fra\u00eecheur<\/li>\n<li>Familial<\/li>\n<\/ul>\n<p style=\"text-align: center;\">\ud83c\uddec\ud83c\udde7 DOP - Cr\u00e8me de douche au g\u00e2teau quatre-quarts au citron<\/p>\n<p style=\"text-align: center;\">\ud83c\uddeb\ud83c\uddf7 DOP - Douche cr\u00e8me quatre-quarts citron<\/p>","protected":false},"excerpt":{"rendered":"<p>\u0645\u0646\u062a\u062c DOP Douche Cr\u00e8me Quatre-Quarts Citron \u0645\u0646 \u062f\u0648\u0628 \u0647\u0648 \u0643\u0631\u064a\u0645 \u0627\u0633\u062a\u062d\u0645\u0627\u0645 \u0628\u0639\u0637\u0631 \u0643\u064a\u0643 \u0627\u0644\u0644\u064a\u0645\u0648\u0646. \u062a\u0631\u0643\u064a\u0628\u0629 \u0643\u0631\u064a\u0645\u064a\u0629 \u0628\u0631\u0627\u0626\u062d\u0629 \u0627\u0644\u0644\u064a\u0645\u0648\u0646 \u0627\u0644\u0645\u0646\u0639\u0634\u0629. \u064a\u0631\u0637\u0628 \u0648\u064a\u0645\u0646\u062d \u0646\u0639\u0648\u0645\u0629. \u0627\u0644\u0645\u0643\u0648\u0646\u0627\u062a \u0648\u0627\u0644\u062e\u0635\u0627\u0626\u0635 \u0627\u0644\u0631\u0626\u064a\u0633\u064a\u0629 \u0639\u0637\u0631 \u0643\u064a\u0643 \u0627\u0644\u0644\u064a\u0645\u0648\u0646 \u062a\u0631\u0643\u064a\u0628\u0629 \u0643\u0631\u064a\u0645\u064a\u0629 \u0645\u0643\u0648\u0646\u0627\u062a \u0644\u0637\u064a\u0641\u0629 \u0631\u063a\u0648\u0629 \u0645\u0646\u0639\u0634\u0629 \u0627\u0644\u0645\u064a\u0632\u0627\u062a \u0648\u0627\u0644\u0641\u0648\u0627\u0626\u062f \u0627\u0644\u0631\u0626\u064a\u0633\u064a\u0629 \u064a\u0646\u0638\u0641 \u0648\u064a\u0631\u0637\u0628 \u0631\u0627\u0626\u062d\u0629 \u0644\u064a\u0645\u0648\u0646 \u0645\u0646\u0639\u0634\u0629 \u0646\u0639\u0648\u0645\u0629 \u0648\u0627\u0646\u062a\u0639\u0627\u0634 \u0645\u0646\u0627\u0633\u0628 \u0644\u0644\u0639\u0627\u0626\u0644\u0629 \ud83c\uddec\ud83c\udde7 DOP \u2013 Lemon pound cake shower cream \ud83c\uddeb\ud83c\uddf7 [&hellip;]<\/p>\n","protected":false},"featured_media":36371,"template":"","meta":[],"pwb-brand":[1397],"product_brand":[],"product_cat":[1138],"product_tag":[],"class_list":{"0":"post-36439","1":"product","2":"type-product","3":"status-publish","4":"has-post-thumbnail","6":"pwb-brand-dop","7":"product_cat-bath-and-shower","9":"first","10":"instock","11":"shipping-taxable","12":"purchasable","13":"product-type-variable","14":"has-default-attributes","15":"wvs-archive-product-wrapper"},"brands":[{"id":1397,"name":"DOP","slug":"dop"}],"_links":{"self":[{"href":"https:\/\/gopinkish.com\/fr\/wp-json\/wp\/v2\/product\/36439","targetHints":{"allow":["GET"]}}],"collection":[{"href":"https:\/\/gopinkish.com\/fr\/wp-json\/wp\/v2\/product"}],"about":[{"href":"https:\/\/gopinkish.com\/fr\/wp-json\/wp\/v2\/types\/product"}],"wp:featuredmedia":[{"embeddable":true,"href":"https:\/\/gopinkish.com\/fr\/wp-json\/wp\/v2\/media\/36371"}],"wp:attachment":[{"href":"https:\/\/gopinkish.com\/fr\/wp-json\/wp\/v2\/media?parent=36439"}],"wp:term":[{"taxonomy":"pwb-brand","embeddable":true,"href":"https:\/\/gopinkish.com\/fr\/wp-json\/wp\/v2\/pwb-brand?post=36439"},{"taxonomy":"product_brand","embeddable":true,"href":"https:\/\/gopinkish.com\/fr\/wp-json\/wp\/v2\/product_brand?post=36439"},{"taxonomy":"product_cat","embeddable":true,"href":"https:\/\/gopinkish.com\/fr\/wp-json\/wp\/v2\/product_cat?post=36439"},{"taxonomy":"product_tag","embeddable":true,"href":"https:\/\/gopinkish.com\/fr\/wp-json\/wp\/v2\/product_tag?post=36439"}],"curies":[{"name":"wp","href":"https:\/\/api.w.org\/{rel}","templated":true}]}}