{"id":36433,"date":"2025-02-25T01:23:58","date_gmt":"2025-02-25T00:23:58","guid":{"rendered":"https:\/\/gopinkish.com\/?post_type=product&#038;p=36433"},"modified":"2026-04-01T18:46:45","modified_gmt":"2026-04-01T17:46:45","slug":"8999999527563","status":"publish","type":"product","link":"https:\/\/gopinkish.com\/fr\/produit\/8999999527563\/","title":{"rendered":"Savon Soft Touch pour une peau parfum\u00e9e (4 pi\u00e8ces)"},"content":{"rendered":"<p style=\"text-align: justify;\">Lux Soft Touch de Lux est un savon luxueux \u00e0 la formule cr\u00e9meuse. Contient du beurre de karit\u00e9 et des prot\u00e9ines de soie. Un parfum luxueux qui persiste apr\u00e8s la douche.<\/p>\n<p><strong>Principaux ingr\u00e9dients et caract\u00e9ristiques<\/strong><\/p>\n<ul>\n<li>Beurre de karit\u00e9<\/li>\n<li>Prot\u00e9ine de soie<\/li>\n<li>Formule cr\u00e9meuse<\/li>\n<li>Un parfum luxueux<\/li>\n<\/ul>\n<p><strong>Principales caract\u00e9ristiques et avantages<\/strong><\/p>\n<ul>\n<li>Douceur soyeuse<\/li>\n<li>Un parfum luxueux<\/li>\n<li>Nettoie sans dess\u00e9cher<\/li>\n<li>Pour un usage quotidien<\/li>\n<\/ul>\n<p style=\"text-align: center;\">\ud83c\uddec\ud83c\udde7 Lux - Savon doux<\/p>\n<p style=\"text-align: center;\">\ud83c\uddeb\ud83c\uddf7 Lux - Savon Soft Touch<\/p>","protected":false},"excerpt":{"rendered":"<p>\u0645\u0646\u062a\u062c Lux Soft Touch \u0645\u0646 \u0644\u0648\u0643\u0633 \u0647\u0648 \u0635\u0627\u0628\u0648\u0646 \u0641\u0627\u062e\u0631 \u0628\u062a\u0631\u0643\u064a\u0628\u0629 \u0643\u0631\u064a\u0645\u064a\u0629. \u064a\u062d\u062a\u0648\u064a \u0639\u0644\u0649 \u0632\u0628\u062f\u0629 \u0627\u0644\u0634\u064a\u0627 \u0648\u0628\u0631\u0648\u062a\u064a\u0646 \u0627\u0644\u062d\u0631\u064a\u0631. \u0631\u0627\u0626\u062d\u0629 \u0641\u0627\u062e\u0631\u0629 \u062a\u062f\u0648\u0645 \u0628\u0639\u062f \u0627\u0644\u0627\u0633\u062a\u062d\u0645\u0627\u0645. \u0627\u0644\u0645\u0643\u0648\u0646\u0627\u062a \u0648\u0627\u0644\u062e\u0635\u0627\u0626\u0635 \u0627\u0644\u0631\u0626\u064a\u0633\u064a\u0629 \u0632\u0628\u062f\u0629 \u0627\u0644\u0634\u064a\u0627 \u0628\u0631\u0648\u062a\u064a\u0646 \u0627\u0644\u062d\u0631\u064a\u0631 \u062a\u0631\u0643\u064a\u0628\u0629 \u0643\u0631\u064a\u0645\u064a\u0629 \u0639\u0637\u0631 \u0641\u0627\u062e\u0631 \u0627\u0644\u0645\u064a\u0632\u0627\u062a \u0648\u0627\u0644\u0641\u0648\u0627\u0626\u062f \u0627\u0644\u0631\u0626\u064a\u0633\u064a\u0629 \u0646\u0639\u0648\u0645\u0629 \u062d\u0631\u064a\u0631\u064a\u0629 \u0631\u0627\u0626\u062d\u0629 \u0641\u0627\u062e\u0631\u0629 \u064a\u0646\u0638\u0641 \u062f\u0648\u0646 \u062a\u062c\u0641\u064a\u0641 \u0644\u0644\u0627\u0633\u062a\u062e\u062f\u0627\u0645 \u0627\u0644\u064a\u0648\u0645\u064a \ud83c\uddec\ud83c\udde7 Lux \u2013 Soft Touch soap bar \ud83c\uddeb\ud83c\uddf7 Lux \u2013 [&hellip;]<\/p>\n","protected":false},"featured_media":36363,"template":"","meta":[],"pwb-brand":[1387],"product_brand":[],"product_cat":[1138],"product_tag":[],"class_list":{"0":"post-36433","1":"product","2":"type-product","3":"status-publish","4":"has-post-thumbnail","6":"pwb-brand-lux","7":"product_cat-bath-and-shower","9":"first","10":"outofstock","11":"shipping-taxable","12":"product-type-variable","13":"has-default-attributes","14":"wvs-archive-product-wrapper"},"brands":[{"id":1387,"name":"Lux","slug":"lux"}],"_links":{"self":[{"href":"https:\/\/gopinkish.com\/fr\/wp-json\/wp\/v2\/product\/36433","targetHints":{"allow":["GET"]}}],"collection":[{"href":"https:\/\/gopinkish.com\/fr\/wp-json\/wp\/v2\/product"}],"about":[{"href":"https:\/\/gopinkish.com\/fr\/wp-json\/wp\/v2\/types\/product"}],"wp:featuredmedia":[{"embeddable":true,"href":"https:\/\/gopinkish.com\/fr\/wp-json\/wp\/v2\/media\/36363"}],"wp:attachment":[{"href":"https:\/\/gopinkish.com\/fr\/wp-json\/wp\/v2\/media?parent=36433"}],"wp:term":[{"taxonomy":"pwb-brand","embeddable":true,"href":"https:\/\/gopinkish.com\/fr\/wp-json\/wp\/v2\/pwb-brand?post=36433"},{"taxonomy":"product_brand","embeddable":true,"href":"https:\/\/gopinkish.com\/fr\/wp-json\/wp\/v2\/product_brand?post=36433"},{"taxonomy":"product_cat","embeddable":true,"href":"https:\/\/gopinkish.com\/fr\/wp-json\/wp\/v2\/product_cat?post=36433"},{"taxonomy":"product_tag","embeddable":true,"href":"https:\/\/gopinkish.com\/fr\/wp-json\/wp\/v2\/product_tag?post=36433"}],"curies":[{"name":"wp","href":"https:\/\/api.w.org\/{rel}","templated":true}]}}